{"id":9912,"date":"2021-01-29T15:54:03","date_gmt":"2021-01-29T15:54:03","guid":{"rendered":"https:\/\/qtechna.si\/de\/?page_id=9912"},"modified":"2021-06-25T15:02:53","modified_gmt":"2021-06-25T15:02:53","slug":"prufungen-und-inspektionen","status":"publish","type":"page","link":"https:\/\/www.qtechna.si\/de\/prufungen-und-inspektionen\/","title":{"rendered":"Pr\u00fcfungen und inspektionen"},"content":{"rendered":"\t\t<div data-elementor-type=\"wp-page\" data-elementor-id=\"9912\" class=\"elementor elementor-9912\" data-elementor-settings=\"[]\">\n\t\t\t\t\t\t<div class=\"elementor-inner\">\n\t\t\t\t\t\t\t<div class=\"elementor-section-wrap\">\n\t\t\t\t\t\t\t<section data-particle_enable=\"false\" data-particle-mobile-disabled=\"false\" class=\"elementor-section elementor-top-section elementor-element elementor-element-8abe941 elementor-section-stretched elementor-section-boxed elementor-section-height-default elementor-section-height-default\" data-id=\"8abe941\" data-element_type=\"section\" data-settings=\"{&quot;stretch_section&quot;:&quot;section-stretched&quot;,&quot;background_background&quot;:&quot;classic&quot;,&quot;_ha_eqh_enable&quot;:false}\">\n\t\t\t\t\t\t\t<div class=\"elementor-background-overlay\"><\/div>\n\t\t\t\t\t\t\t<div class=\"elementor-container elementor-column-gap-default\">\n\t\t\t\t\t\t\t<div class=\"elementor-row\">\n\t\t\t\t\t<div class=\"elementor-column elementor-col-100 elementor-top-column elementor-element elementor-element-78e91a0\" data-id=\"78e91a0\" data-element_type=\"column\" data-settings=\"{&quot;background_background&quot;:&quot;classic&quot;}\">\n\t\t\t<div class=\"elementor-column-wrap elementor-element-populated\">\n\t\t\t\t\t\t\t<div class=\"elementor-widget-wrap\">\n\t\t\t\t\t\t<div class=\"elementor-element elementor-element-8b077cf elementor-widget elementor-widget-heading\" data-id=\"8b077cf\" data-element_type=\"widget\" data-widget_type=\"heading.default\">\n\t\t\t\t<div class=\"elementor-widget-container\">\n\t\t\t<h1 class=\"elementor-heading-title elementor-size-default\">Pr\u00fcfungen und Inspektionen<\/h1>\t\t<\/div>\n\t\t\t\t<\/div>\n\t\t\t\t\t\t<\/div>\n\t\t\t\t\t<\/div>\n\t\t<\/div>\n\t\t\t\t\t\t\t\t<\/div>\n\t\t\t\t\t<\/div>\n\t\t<\/section>\n\t\t\t\t<section data-particle_enable=\"false\" data-particle-mobile-disabled=\"false\" class=\"elementor-section elementor-top-section elementor-element elementor-element-d5407f2 elementor-section-boxed elementor-section-height-default elementor-section-height-default\" data-id=\"d5407f2\" data-element_type=\"section\" data-settings=\"{&quot;background_background&quot;:&quot;classic&quot;,&quot;_ha_eqh_enable&quot;:false}\">\n\t\t\t\t\t\t<div class=\"elementor-container elementor-column-gap-default\">\n\t\t\t\t\t\t\t<div class=\"elementor-row\">\n\t\t\t\t\t<div class=\"elementor-column elementor-col-33 elementor-top-column elementor-element elementor-element-9cae35c\" data-id=\"9cae35c\" data-element_type=\"column\" data-settings=\"{&quot;background_background&quot;:&quot;classic&quot;}\">\n\t\t\t<div class=\"elementor-column-wrap elementor-element-populated\">\n\t\t\t\t\t\t\t<div class=\"elementor-widget-wrap\">\n\t\t\t\t\t\t<div class=\"elementor-element elementor-element-0f566a4 elementor-widget elementor-widget-eael-advanced-menu\" data-id=\"0f566a4\" data-element_type=\"widget\" data-widget_type=\"eael-advanced-menu.default\">\n\t\t\t\t<div class=\"elementor-widget-container\">\n\t\t\t<div class=\"eael-advanced-menu-container eael-advanced-menu-align-left eael-advanced-menu-dropdown-align-left\" data-indicator-class=\"fas fa-angle-down fa-solid\" data-dropdown-indicator-class=\"fas fa-angle-down fa-solid\"><ul id=\"menu-preskusanje-in-nadzori\" class=\"eael-advanced-menu eael-advanced-menu-dropdown-animate-to-top eael-advanced-menu-indicator eael-advanced-menu-vertical\"><li id=\"menu-item-9955\" class=\"menu-item menu-item-type-post_type menu-item-object-page menu-item-9955\"><a href=\"https:\/\/www.qtechna.si\/de\/zerstorungsfreie-prufungen-zfp\/\">Zerst\u00f6rungsfreie Pr\u00fcfungen (ZFP)<\/a><\/li>\n<li id=\"menu-item-9956\" class=\"menu-item menu-item-type-post_type menu-item-object-page menu-item-9956\"><a href=\"https:\/\/www.qtechna.si\/de\/beratung-inspektionen-und-ubernahmen\/\">Beratung, Inspektionen und \u00dcbernahmen<\/a><\/li>\n<li id=\"menu-item-9957\" class=\"menu-item menu-item-type-post_type menu-item-object-page menu-item-9957\"><a href=\"https:\/\/www.qtechna.si\/de\/qualitatskontrolle\/\">Qualit\u00e4tskontrolle<\/a><\/li>\n<li id=\"menu-item-9958\" class=\"menu-item menu-item-type-post_type menu-item-object-page menu-item-9958\"><a href=\"https:\/\/www.qtechna.si\/de\/dienstleistungen-stuffe-iii\/\">Dienstleistungen Stuffe III<\/a><\/li>\n<li id=\"menu-item-9959\" class=\"menu-item menu-item-type-post_type menu-item-object-page menu-item-9959\"><a href=\"https:\/\/www.qtechna.si\/de\/andere-dienstleistungen\/\">Andere Dienstleistungen<\/a><\/li>\n<\/ul><\/div>\t\t<\/div>\n\t\t\t\t<\/div>\n\t\t\t\t\t\t<\/div>\n\t\t\t\t\t<\/div>\n\t\t<\/div>\n\t\t\t\t<div class=\"elementor-column elementor-col-33 elementor-top-column elementor-element elementor-element-c7011cf\" data-id=\"c7011cf\" data-element_type=\"column\" data-settings=\"{&quot;background_background&quot;:&quot;classic&quot;}\">\n\t\t\t<div class=\"elementor-column-wrap elementor-element-populated\">\n\t\t\t\t\t\t\t<div class=\"elementor-widget-wrap\">\n\t\t\t\t\t\t<div class=\"elementor-element elementor-element-548310f elementor-widget elementor-widget-text-editor\" data-id=\"548310f\" data-element_type=\"widget\" data-widget_type=\"text-editor.default\">\n\t\t\t\t<div class=\"elementor-widget-container\">\n\t\t\t\t\t\t\t\t<div class=\"elementor-text-editor elementor-clearfix\">\n\t\t\t\t<p>Unregelm\u00e4\u00dfigkeiten bei Fertigung, Einbau, Anwendung oder Instandhaltung einer Komponente, z. B. Stahltragwerkes, Fahrzeugbauteile \u2026, kann h\u00f6he Kosten verursachen und Gefahr f\u00fcr die Umwelt und Gesundheit darstellen. Pr\u00fcfungen, zerst\u00f6rungsfreie Pr\u00fcfungen und Inspektionen sind von entscheidender Bedeutung in Bezug auf die Produktqualit\u00e4t und -sicherheit.<\/p><p>Wir z\u00e4hlen zu den f\u00fchrenden Anbietern solcher Dienstleistungen mit erhaltener Akkreditierung SIST EN ISO 17025 und besch\u00e4ftigen zertifizierte Fachkr\u00e4fte in \u00dcbereinstimmung mit EN ISO 9712 und SNT-TC-1A (CP-189). Wir sind im Energiesektor, z. B. in Nuklearindustrie, Lebensmittel-, Pharmazie-, Chemie- und Eisenbahnindustrie anwesend und kooperieren in Bereichen Gie\u00dfereiindustrie, Seeschifffahrt und Hafeninfrastruktur.<\/p><p>Mit zerst\u00f6rungsfreien Pr\u00fcfungen bewerten wir Qualit\u00e4t und Konformit\u00e4t der Produkte mit den in technischen Spezifikationen und Normen festgelegten Anforderungen. Die Durchf\u00fchrung der Pr\u00fcfungen findet an Anlagenkomponenten, wie Rohrleitungen, Energiekessel, Druckbeh\u00e4lter, fertigen Werkst\u00fccken, Gussteilen usw., statt.<\/p><p>In der Abteilung \u00bbPr\u00fcfungen und Inspektionen\u00ab werden auch Inspektionen durchgef\u00fchrt, mit welchen die \u00dcbereistimmung durchgef\u00fchrter Arbeiten mit Konstruktionsunterlagen und geltenden Rechtsvorschriften auf Pr\u00fcfstand gestellt wird.<\/p><p>Mit unseren Fachleuten bieten wir Gesamtl\u00f6sungen im Bereich der Qualit\u00e4tskontrolle von zerst\u00f6rungsfreien Pr\u00fcfungen, Schraubverbindungen, im Gie\u00dfereiwesen, bei Schwei\u00dfen und Korrosionsschutz.<\/p><p>Bitte z\u00f6gern Sie nicht, uns zu kontaktieren.<\/p>\t\t\t\t\t<\/div>\n\t\t\t\t\t\t<\/div>\n\t\t\t\t<\/div>\n\t\t\t\t\t\t<\/div>\n\t\t\t\t\t<\/div>\n\t\t<\/div>\n\t\t\t\t<div class=\"elementor-column elementor-col-33 elementor-top-column elementor-element elementor-element-15d355a\" data-id=\"15d355a\" data-element_type=\"column\" data-settings=\"{&quot;background_background&quot;:&quot;classic&quot;}\">\n\t\t\t<div class=\"elementor-column-wrap elementor-element-populated\">\n\t\t\t\t\t\t\t<div class=\"elementor-widget-wrap\">\n\t\t\t\t\t\t<div class=\"elementor-element elementor-element-4134174 elementor-author-box--layout-image-above block1 ha-css-transform-yes elementor-widget elementor-widget-author-box\" data-id=\"4134174\" data-element_type=\"widget\" data-widget_type=\"author-box.default\">\n\t\t\t\t<div class=\"elementor-widget-container\">\n\t\t\t\t\t<div class=\"elementor-author-box\">\n\t\t\t\t\t\t\t<div  class=\"elementor-author-box__avatar\">\n\t\t\t\t\t<img decoding=\"async\" src=\"https:\/\/www.qtechna.si\/de\/wp-content\/uploads\/sites\/14\/2021\/03\/Iztok-Palcic-300x300.jpg\" alt=\"Iztok Pal\u010di\u010d\">\n\t\t\t\t<\/div>\n\t\t\t\n\t\t\t<div class=\"elementor-author-box__text\">\n\t\t\t\t\t\t\t\t\t<div >\n\t\t\t\t\t\t<h4 class=\"elementor-author-box__name\">\n\t\t\t\t\t\t\tIztok Pal\u010di\u010d\t\t\t\t\t\t<\/h4>\n\t\t\t\t\t<\/div>\n\t\t\t\t\n\t\t\t\t\t\t\t\t\t<div class=\"elementor-author-box__bio\">\n\t\t\t\t\t\t<p>Abteilungsleiter<\/p>\n<p>+386 7 49 12 428<br \/>\n+386 40 454 626<br \/>\n<a href=\"mailto:iztok.palcic@qtechna.si\">iztok.palcic@qtechna.si<\/a><br \/>\n<a href=\"mailto:ndt@qtechna.si\">ndt@qtechna.si<\/a><\/p>\n\t\t\t\t\t<\/div>\n\t\t\t\t\n\t\t\t\t\t\t\t<\/div>\n\t\t<\/div>\n\t\t\t\t<\/div>\n\t\t\t\t<\/div>\n\t\t\t\t<div class=\"elementor-element elementor-element-dc1ed28 elementor-author-box--layout-image-above block1 ha-css-transform-yes elementor-widget elementor-widget-author-box\" data-id=\"dc1ed28\" data-element_type=\"widget\" data-widget_type=\"author-box.default\">\n\t\t\t\t<div class=\"elementor-widget-container\">\n\t\t\t\t\t<div class=\"elementor-author-box\">\n\t\t\t\t\t\t\t<div  class=\"elementor-author-box__avatar\">\n\t\t\t\t\t<img decoding=\"async\" src=\"https:\/\/www.qtechna.si\/de\/wp-content\/uploads\/sites\/14\/2021\/03\/Marko-Andrejas-300x287.jpg\" alt=\"Marko Andreja\u0161\">\n\t\t\t\t<\/div>\n\t\t\t\n\t\t\t<div class=\"elementor-author-box__text\">\n\t\t\t\t\t\t\t\t\t<div >\n\t\t\t\t\t\t<h4 class=\"elementor-author-box__name\">\n\t\t\t\t\t\t\tMarko Andreja\u0161\t\t\t\t\t\t<\/h4>\n\t\t\t\t\t<\/div>\n\t\t\t\t\n\t\t\t\t\t\t\t\t\t<div class=\"elementor-author-box__bio\">\n\t\t\t\t\t\t<p>Technischer Leiter, Dienstleistungen in der Nuklear-, Pharma- und Prozessindustrie  <\/p>\n<p>+386 7 49 12 479<br \/>\n+386 31 559 251<br \/>\n<a href=\"mailto:marko.andrejas@qtechna.si\">marko.andrejas@qtechna.si <\/a><\/p>\n\t\t\t\t\t<\/div>\n\t\t\t\t\n\t\t\t\t\t\t\t<\/div>\n\t\t<\/div>\n\t\t\t\t<\/div>\n\t\t\t\t<\/div>\n\t\t\t\t<div class=\"elementor-element elementor-element-842111b elementor-author-box--layout-image-above block1 ha-css-transform-yes elementor-widget elementor-widget-author-box\" data-id=\"842111b\" data-element_type=\"widget\" data-widget_type=\"author-box.default\">\n\t\t\t\t<div class=\"elementor-widget-container\">\n\t\t\t\t\t<div class=\"elementor-author-box\">\n\t\t\t\t\t\t\t<div  class=\"elementor-author-box__avatar\">\n\t\t\t\t\t<img decoding=\"async\" src=\"https:\/\/www.qtechna.si\/de\/wp-content\/uploads\/sites\/14\/2021\/03\/Klemen-Hlebec-300x297.jpg\" alt=\"Klemen Hlebec\">\n\t\t\t\t<\/div>\n\t\t\t\n\t\t\t<div class=\"elementor-author-box__text\">\n\t\t\t\t\t\t\t\t\t<div >\n\t\t\t\t\t\t<h4 class=\"elementor-author-box__name\">\n\t\t\t\t\t\t\tKlemen Hlebec\t\t\t\t\t\t<\/h4>\n\t\t\t\t\t<\/div>\n\t\t\t\t\n\t\t\t\t\t\t\t\t\t<div class=\"elementor-author-box__bio\">\n\t\t\t\t\t\t<p>Technischer Leiter, Konventionelle Energie- und Gie\u00dfdienstleistungen  <\/p>\n<p>+386 7 49 12 409<br \/>\n+386 40 726 825<br \/>\n<a href=\"mailto:klemen.hlebec@qtechna.si \">klemen.hlebec@qtechna.si <\/a><\/p>\n\t\t\t\t\t<\/div>\n\t\t\t\t\n\t\t\t\t\t\t\t<\/div>\n\t\t<\/div>\n\t\t\t\t<\/div>\n\t\t\t\t<\/div>\n\t\t\t\t\t\t<\/div>\n\t\t\t\t\t<\/div>\n\t\t<\/div>\n\t\t\t\t\t\t\t\t<\/div>\n\t\t\t\t\t<\/div>\n\t\t<\/section>\n\t\t\t\t\t\t<\/div>\n\t\t\t\t\t\t<\/div>\n\t\t\t\t\t<\/div>\n\t\t","protected":false},"excerpt":{"rendered":"<p>Pr\u00fcfungen und Inspektionen Zerst\u00f6rungsfreie Pr\u00fcfungen (ZFP) Beratung, Inspektionen und \u00dcbernahmen Qualit\u00e4tskontrolle Dienstleistungen Stuffe III Andere Dienstleistungen Unregelm\u00e4\u00dfigkeiten bei Fertigung, Einbau, Anwendung oder Instandhaltung einer Komponente, z. B. Stahltragwerkes, Fahrzeugbauteile \u2026, [&hellip;]<\/p>\n","protected":false},"author":1,"featured_media":0,"parent":0,"menu_order":0,"comment_status":"closed","ping_status":"closed","template":"","meta":{"footnotes":""},"class_list":["post-9912","page","type-page","status-publish","hentry","wpbf-post"],"_links":{"self":[{"href":"https:\/\/www.qtechna.si\/de\/wp-json\/wp\/v2\/pages\/9912","targetHints":{"allow":["GET"]}}],"collection":[{"href":"https:\/\/www.qtechna.si\/de\/wp-json\/wp\/v2\/pages"}],"about":[{"href":"https:\/\/www.qtechna.si\/de\/wp-json\/wp\/v2\/types\/page"}],"author":[{"embeddable":true,"href":"https:\/\/www.qtechna.si\/de\/wp-json\/wp\/v2\/users\/1"}],"replies":[{"embeddable":true,"href":"https:\/\/www.qtechna.si\/de\/wp-json\/wp\/v2\/comments?post=9912"}],"version-history":[{"count":126,"href":"https:\/\/www.qtechna.si\/de\/wp-json\/wp\/v2\/pages\/9912\/revisions"}],"predecessor-version":[{"id":15068,"href":"https:\/\/www.qtechna.si\/de\/wp-json\/wp\/v2\/pages\/9912\/revisions\/15068"}],"wp:attachment":[{"href":"https:\/\/www.qtechna.si\/de\/wp-json\/wp\/v2\/media?parent=9912"}],"curies":[{"name":"wp","href":"https:\/\/api.w.org\/{rel}","templated":true}]}}