{"id":341,"date":"2020-11-30T16:36:04","date_gmt":"2020-11-30T16:36:04","guid":{"rendered":"https:\/\/qtechna.si\/de\/?page_id=341"},"modified":"2026-02-05T07:37:01","modified_gmt":"2026-02-05T07:37:01","slug":"zertifizierung-von-schweissproduktion-nach-sist-en-iso-3834","status":"publish","type":"page","link":"https:\/\/www.qtechna.si\/de\/zertifizierung-von-schweissproduktion-nach-sist-en-iso-3834\/","title":{"rendered":"Zertifizierung von Schwei\u00dfproduktion nach  SIST EN ISO 3834"},"content":{"rendered":"\t\t<div data-elementor-type=\"wp-page\" data-elementor-id=\"341\" class=\"elementor elementor-341\" data-elementor-settings=\"[]\">\n\t\t\t\t\t\t<div class=\"elementor-inner\">\n\t\t\t\t\t\t\t<div class=\"elementor-section-wrap\">\n\t\t\t\t\t\t\t<section data-particle_enable=\"false\" data-particle-mobile-disabled=\"false\" class=\"elementor-section elementor-top-section elementor-element elementor-element-317fa42e elementor-section-stretched elementor-section-boxed elementor-section-height-default elementor-section-height-default\" data-id=\"317fa42e\" data-element_type=\"section\" data-settings=\"{&quot;stretch_section&quot;:&quot;section-stretched&quot;,&quot;background_background&quot;:&quot;classic&quot;,&quot;_ha_eqh_enable&quot;:false}\">\n\t\t\t\t\t\t\t<div class=\"elementor-background-overlay\"><\/div>\n\t\t\t\t\t\t\t<div class=\"elementor-container elementor-column-gap-default\">\n\t\t\t\t\t\t\t<div class=\"elementor-row\">\n\t\t\t\t\t<div class=\"elementor-column elementor-col-100 elementor-top-column elementor-element elementor-element-22d62e0b\" data-id=\"22d62e0b\" data-element_type=\"column\" data-settings=\"{&quot;background_background&quot;:&quot;classic&quot;}\">\n\t\t\t<div class=\"elementor-column-wrap elementor-element-populated\">\n\t\t\t\t\t\t\t<div class=\"elementor-widget-wrap\">\n\t\t\t\t\t\t<div class=\"elementor-element elementor-element-178b46d9 elementor-widget elementor-widget-heading\" data-id=\"178b46d9\" data-element_type=\"widget\" data-widget_type=\"heading.default\">\n\t\t\t\t<div class=\"elementor-widget-container\">\n\t\t\t<h1 class=\"elementor-heading-title elementor-size-default\">Zertifizierung von Schwei\u00dfproduktion nach SIST EN ISO 3834<\/h1>\t\t<\/div>\n\t\t\t\t<\/div>\n\t\t\t\t\t\t<\/div>\n\t\t\t\t\t<\/div>\n\t\t<\/div>\n\t\t\t\t\t\t\t\t<\/div>\n\t\t\t\t\t<\/div>\n\t\t<\/section>\n\t\t\t\t<section data-particle_enable=\"false\" data-particle-mobile-disabled=\"false\" class=\"elementor-section elementor-top-section elementor-element elementor-element-12c2a80f elementor-section-content-top elementor-section-boxed elementor-section-height-default elementor-section-height-default\" data-id=\"12c2a80f\" data-element_type=\"section\" data-settings=\"{&quot;background_background&quot;:&quot;classic&quot;,&quot;_ha_eqh_enable&quot;:false}\">\n\t\t\t\t\t\t<div class=\"elementor-container elementor-column-gap-default\">\n\t\t\t\t\t\t\t<div class=\"elementor-row\">\n\t\t\t\t\t<div class=\"elementor-column elementor-col-100 elementor-top-column elementor-element elementor-element-51b4e8c5\" data-id=\"51b4e8c5\" data-element_type=\"column\" data-settings=\"{&quot;background_background&quot;:&quot;classic&quot;}\">\n\t\t\t<div class=\"elementor-column-wrap elementor-element-populated\">\n\t\t\t\t\t\t\t<div class=\"elementor-widget-wrap\">\n\t\t\t\t\t\t<div class=\"elementor-element elementor-element-fd48171 elementor-widget elementor-widget-eael-advanced-menu\" data-id=\"fd48171\" data-element_type=\"widget\" data-widget_type=\"eael-advanced-menu.skin-seven\">\n\t\t\t\t<div class=\"elementor-widget-container\">\n\t\t\t<div class=\"eael-advanced-menu-container eael-advanced-menu-align-left eael-advanced-menu-dropdown-align-left\" data-indicator-class=\"fas fa-angle-down fa-solid\" data-dropdown-indicator-class=\"fas fa-angle-down fa-solid\"><ul id=\"menu-certificiranja-s-podrocja-varjenja\" class=\"eael-advanced-menu eael-advanced-menu-dropdown-animate-to-top eael-advanced-menu-indicator eael-advanced-menu-vertical\"><li id=\"menu-item-14441\" class=\"menu-item menu-item-type-post_type menu-item-object-page menu-item-14441\"><a href=\"https:\/\/www.qtechna.si\/de\/schweisser-zertifizierungen\/\">Schwei\u00dfer-Zertifizierungen<\/a><\/li>\n<\/ul><\/div>\t\t<\/div>\n\t\t\t\t<\/div>\n\t\t\t\t<div class=\"elementor-element elementor-element-57082d77 elementor-widget elementor-widget-eael-adv-tabs\" data-id=\"57082d77\" data-element_type=\"widget\" data-widget_type=\"eael-adv-tabs.default\">\n\t\t\t\t<div class=\"elementor-widget-container\">\n\t\t\t        <div id=\"eael-advance-tabs-57082d77\" class=\"eael-advance-tabs eael-tabs-vertical eael-tab-auto-active active-caret-on\" data-tabid=\"57082d77\">\n            <div class=\"eael-tabs-nav\">\n                <ul class=\"eael-tab-inline-icon\">\n                                            <li id=\"p-styletext-alignleftmargin-bottom0zertifizierung-von-schweiproduktionbrnach-sist-en-iso-3834p\" class=\"inactive eael-tab-item-trigger\" aria-selected=\"true\" data-tab=\"1\" role=\"tab\" tabindex=\"0\" aria-controls=\"p-styletext-alignleftmargin-bottom0zertifizierung-von-schweiproduktionbrnach-sist-en-iso-3834p-tab\" aria-expanded=\"false\">\n                            \n                                                        \n                                                            <span class=\"eael-tab-title  title-after-icon\"><p style=\"text-align:left;margin-bottom:0\">Zertifizierung von Schwei\u00dfproduktion<br>nach SIST EN ISO 3834<\/p><\/span>                            \n                                                    <\/li>\n                                            <li id=\"zertifizierungsprozess\" class=\"inactive eael-tab-item-trigger\" aria-selected=\"false\" data-tab=\"2\" role=\"tab\" tabindex=\"-1\" aria-controls=\"zertifizierungsprozess-tab\" aria-expanded=\"false\">\n                            \n                                                        \n                                                            <span class=\"eael-tab-title  title-after-icon\">Zertifizierungsprozess<\/span>                            \n                                                    <\/li>\n                                            <li id=\"kontakt\" class=\"inactive eael-tab-item-trigger\" aria-selected=\"false\" data-tab=\"3\" role=\"tab\" tabindex=\"-1\" aria-controls=\"kontakt-tab\" aria-expanded=\"false\">\n                            \n                                                        \n                                                            <span class=\"eael-tab-title  title-after-icon\">Kontakt<\/span>                            \n                                                    <\/li>\n                                    <\/ul>\n            <\/div>\n            \n            <div class=\"eael-tabs-content\">\n\t\t        \n                    <div id=\"p-styletext-alignleftmargin-bottom0zertifizierung-von-schweiproduktionbrnach-sist-en-iso-3834p-tab\" class=\"clearfix eael-tab-content-item inactive\" data-title-link=\"p-styletext-alignleftmargin-bottom0zertifizierung-von-schweiproduktionbrnach-sist-en-iso-3834p-tab\">\n\t\t\t\t        \t\t\t\t\t        \t\t<div data-elementor-type=\"section\" data-elementor-id=\"2733\" class=\"elementor elementor-2733\" data-elementor-settings=\"[]\">\n\t\t<div class=\"elementor-section-wrap\">\n\t\t\t\t\t<section data-particle_enable=\"false\" data-particle-mobile-disabled=\"false\" class=\"elementor-section elementor-top-section elementor-element elementor-element-2c0545cf elementor-section-boxed elementor-section-height-default elementor-section-height-default\" data-id=\"2c0545cf\" data-element_type=\"section\" data-settings=\"{&quot;_ha_eqh_enable&quot;:false}\">\n\t\t\t\t\t\t<div class=\"elementor-container elementor-column-gap-default\">\n\t\t\t\t\t\t\t<div class=\"elementor-row\">\n\t\t\t\t\t<div class=\"elementor-column elementor-col-50 elementor-top-column elementor-element elementor-element-6828e1d6\" data-id=\"6828e1d6\" data-element_type=\"column\">\n\t\t\t<div class=\"elementor-column-wrap elementor-element-populated\">\n\t\t\t\t\t\t\t<div class=\"elementor-widget-wrap\">\n\t\t\t\t\t\t<div class=\"elementor-element elementor-element-3b30512a elementor-widget elementor-widget-text-editor\" data-id=\"3b30512a\" data-element_type=\"widget\" data-widget_type=\"text-editor.default\">\n\t\t\t\t<div class=\"elementor-widget-container\">\n\t\t\t\t\t\t\t\t<div class=\"elementor-text-editor elementor-clearfix\">\n\t\t\t\t<p>Die Verfahren wie Schmelzschwei\u00dfen finden eine weite Nutzung bei der Fertigung einer Vielzahl von Produkten und spielen in einigen Betrieben eine Schl\u00fcsselrolle in der Produktion. Diese Erzeugnisse reichen von einfachen bis zu komplexen, wie zum Beispiel Druckger\u00e4te, Rohrleitungen, Konstruktionen, Kr\u00e4ne, Br\u00fccken, Transportwagen und andere. Diese Verfahren haben dabei einen entscheidenden Einfluss auf die Produktionskosten und Produktqualit\u00e4t. Deshalb ist es von gro\u00dfer Bedeutung, dass die effizienteste Durchf\u00fchrungsweise des Verfahrens sichergestellt ist und f\u00fcr die Kontrolle aller Durchf\u00fchrungsaspekte Sorge getragen wird.<\/p>\n\n<p>Es muss jedoch betont werden, dass ISO 3834 keine Norm f\u00fcr das Qualit\u00e4tsmanagementsystem ist, die ISO 9001 ersetzen w\u00fcrde, es kann jedoch ein n\u00fctzliches Instrument sein, wenn die Hersteller ISO 9001 verwenden und sie diese erg\u00e4nzt.<\/p>\n\n<p>Dass es w\u00e4hrend der Fertigung und auch Anwendung nicht zu ernsthaften Problemen bei den Erzeugnissen k\u00e4me, muss eine Kontrolle von der Entwurfsphase bis zur Werkstoffauswahl, der Fertigung und Endpr\u00fcfung sichergestellt werden. Ein schlechter Entwurf f\u00fcr das Schwei\u00dfen kann z. B. zu ernsten und teuren Problemen in der Werkstatt, auf der Baustelle oder w\u00e4hrend des Schwei\u00dfens f\u00fchren.<\/p>\n\n<p style=\"margin-bottom: 0;\">Mit dem Erf\u00fcllen der Anforderungen der Normserie EN ISO 3834 werden vom Unternehmen die Produktionsbedingungen f\u00fcr das Erreichen bestimmter Qualit\u00e4t der Schwei\u00dfarbeiten festgelegt und nachgewiesen. Mit erworbenem Zertifikat seitens Zertifizierungsstelle kann das auch im gesch\u00e4ftlichen Umfeld bewiesen werden. Damit wird das Vertrauen der Auftraggeber vergr\u00f6\u00dfert und ein besonderer Wettbewerbsvorteil geschaffen:<\/p>\n<ul>\n \t<li>Weitgreifende Anforderungen &#8211; EN ISO 3834, 2. Teil<\/li>\n \t<li>Standardanforderungen &#8211; EN ISO 3834, 3. Teil<\/li>\n \t<li>Mindestanforderungen &#8211; EN ISO 3834, 4. Teil<\/li>\n<\/ul>\t\t\t\t\t<\/div>\n\t\t\t\t\t\t<\/div>\n\t\t\t\t<\/div>\n\t\t\t\t\t\t<\/div>\n\t\t\t\t\t<\/div>\n\t\t<\/div>\n\t\t\t\t<div class=\"elementor-column elementor-col-50 elementor-top-column elementor-element elementor-element-334f1225\" data-id=\"334f1225\" data-element_type=\"column\">\n\t\t\t<div class=\"elementor-column-wrap elementor-element-populated\">\n\t\t\t\t\t\t\t<div class=\"elementor-widget-wrap\">\n\t\t\t\t\t\t<div class=\"elementor-element elementor-element-5cee488d elementor-author-box--layout-image-above ha-css-transform-yes block1 elementor-widget elementor-widget-author-box\" data-id=\"5cee488d\" data-element_type=\"widget\" data-widget_type=\"author-box.default\">\n\t\t\t\t<div class=\"elementor-widget-container\">\n\t\t\t\t\t<div class=\"elementor-author-box\">\n\t\t\t\t\t\t\t<div  class=\"elementor-author-box__avatar\">\n\t\t\t\t\t<img decoding=\"async\" src=\"https:\/\/www.qtechna.si\/de\/wp-content\/uploads\/sites\/14\/2020\/12\/Ambroz_Rozman_nova_2018-300x288.jpg\" alt=\"mag. Ambro\u017e Ro\u017eman\">\n\t\t\t\t<\/div>\n\t\t\t\n\t\t\t<div class=\"elementor-author-box__text\">\n\t\t\t\t\t\t\t\t\t<div >\n\t\t\t\t\t\t<h4 class=\"elementor-author-box__name\">\n\t\t\t\t\t\t\tmag. Ambro\u017e Ro\u017eman\t\t\t\t\t\t<\/h4>\n\t\t\t\t\t<\/div>\n\t\t\t\t\n\t\t\t\t\t\t\t\t\t<div class=\"elementor-author-box__bio\">\n\t\t\t\t\t\t<p>+386 7 49 12 419<br \/>\n+386 41 215 267<br \/>\n<a href=\"mailto:ambroz.rozman@qtechna.si\">ambroz.rozman@qtechna.si<\/a><br \/>\n<a href=\"mailto:certificiranje1090@qtechna.si\">certificiranje1090@qtechna.si<\/a><\/p>\n\t\t\t\t\t<\/div>\n\t\t\t\t\n\t\t\t\t\t\t\t<\/div>\n\t\t<\/div>\n\t\t\t\t<\/div>\n\t\t\t\t<\/div>\n\t\t\t\t<div class=\"elementor-element elementor-element-5ceaab5f elementor-author-box--layout-image-above ha-css-transform-yes block1 elementor-widget elementor-widget-author-box\" data-id=\"5ceaab5f\" data-element_type=\"widget\" data-widget_type=\"author-box.default\">\n\t\t\t\t<div class=\"elementor-widget-container\">\n\t\t\t\t\t<div class=\"elementor-author-box\">\n\t\t\t\t\t\t\t<div  class=\"elementor-author-box__avatar\">\n\t\t\t\t\t<img decoding=\"async\" src=\"https:\/\/www.qtechna.si\/de\/wp-content\/uploads\/sites\/14\/2020\/12\/alesw.png\" alt=\"Andrej Weiss\">\n\t\t\t\t<\/div>\n\t\t\t\n\t\t\t<div class=\"elementor-author-box__text\">\n\t\t\t\t\t\t\t\t\t<div >\n\t\t\t\t\t\t<h4 class=\"elementor-author-box__name\">\n\t\t\t\t\t\t\tAndrej Weiss\t\t\t\t\t\t<\/h4>\n\t\t\t\t\t<\/div>\n\t\t\t\t\n\t\t\t\t\t\t\t\t\t<div class=\"elementor-author-box__bio\">\n\t\t\t\t\t\t<p>+386 7 49 12 439<br \/>\n+386 31 719 834<br \/>\n<a href=\"mailto:andrej.weiss@qtechna.si\">andrej.weiss@qtechna.si<\/a><br \/>\n<a href=\"mailto:certificiranje1090@qtechna.si\">certificiranje1090@qtechna.si<\/a><\/p>\n\t\t\t\t\t<\/div>\n\t\t\t\t\n\t\t\t\t\t\t\t<\/div>\n\t\t<\/div>\n\t\t\t\t<\/div>\n\t\t\t\t<\/div>\n\t\t\t\t<div class=\"elementor-element elementor-element-cb636ae elementor-author-box--layout-image-above ha-css-transform-yes block1 elementor-widget elementor-widget-author-box\" data-id=\"cb636ae\" data-element_type=\"widget\" data-widget_type=\"author-box.default\">\n\t\t\t\t<div class=\"elementor-widget-container\">\n\t\t\t\t\t<div class=\"elementor-author-box\">\n\t\t\t\t\t\t\t<div  class=\"elementor-author-box__avatar\">\n\t\t\t\t\t<img decoding=\"async\" src=\"https:\/\/www.qtechna.si\/de\/wp-content\/uploads\/sites\/14\/2020\/12\/Jernej-Zofic-237x300.jpg\" alt=\"Jernej Zofi\u010d\">\n\t\t\t\t<\/div>\n\t\t\t\n\t\t\t<div class=\"elementor-author-box__text\">\n\t\t\t\t\t\t\t\t\t<div >\n\t\t\t\t\t\t<h4 class=\"elementor-author-box__name\">\n\t\t\t\t\t\t\tJernej Zofi\u010d\t\t\t\t\t\t<\/h4>\n\t\t\t\t\t<\/div>\n\t\t\t\t\n\t\t\t\t\t\t\t\t\t<div class=\"elementor-author-box__bio\">\n\t\t\t\t\t\t<p>+386 7 49 12 454<br \/>\n+386 31 818 037<br \/>\n<a href=\"mailto:jernej.zofic@qtechna.si\">jernej.zofic@qtecnha.si<\/a><br \/>\n<a href=\"atestiranje@qtechna.si\">atestiranje@qtechna.si<\/a><\/p>\n\t\t\t\t\t<\/div>\n\t\t\t\t\n\t\t\t\t\t\t\t<\/div>\n\t\t<\/div>\n\t\t\t\t<\/div>\n\t\t\t\t<\/div>\n\t\t\t\t\t\t<\/div>\n\t\t\t\t\t<\/div>\n\t\t<\/div>\n\t\t\t\t\t\t\t\t<\/div>\n\t\t\t\t\t<\/div>\n\t\t<\/section>\n\t\t\t\t<\/div>\n\t\t<\/div>\n\t\t\t\t\t\t                            <\/div>\n\t\t        \n                    <div id=\"zertifizierungsprozess-tab\" class=\"clearfix eael-tab-content-item inactive\" data-title-link=\"zertifizierungsprozess-tab\">\n\t\t\t\t        \t\t\t\t\t        <h1>Zertifizierungsprozess<\/h1><p><img loading=\"lazy\" decoding=\"async\" class=\"alignnone wp-image-15476 size-large\" src=\"https:\/\/www.qtechna.si\/de\/wp-content\/uploads\/sites\/14\/2022\/04\/certificiranje-varilnih-postopkov-1024x65.png\" alt=\"\" width=\"1024\" height=\"65\" srcset=\"https:\/\/www.qtechna.si\/de\/wp-content\/uploads\/sites\/14\/2022\/04\/certificiranje-varilnih-postopkov-1024x65.png 1024w, https:\/\/www.qtechna.si\/de\/wp-content\/uploads\/sites\/14\/2022\/04\/certificiranje-varilnih-postopkov-300x19.png 300w, https:\/\/www.qtechna.si\/de\/wp-content\/uploads\/sites\/14\/2022\/04\/certificiranje-varilnih-postopkov-768x49.png 768w, https:\/\/www.qtechna.si\/de\/wp-content\/uploads\/sites\/14\/2022\/04\/certificiranje-varilnih-postopkov-1536x97.png 1536w, https:\/\/www.qtechna.si\/de\/wp-content\/uploads\/sites\/14\/2022\/04\/certificiranje-varilnih-postopkov-2048x130.png 2048w\" sizes=\"auto, (max-width: 1024px) 100vw, 1024px\" \/><\/p><p><a href=\"https:\/\/www.qtechna.si\/de\/wp-content\/uploads\/sites\/14\/2026\/02\/7495_SP-07.05-Pravila-postopka-certificiranja-varilne-proizvodnje-po-EN-1090-1-seriji-EN-ISO-3834-in-EN-15085-2-Rev22.pdf\" target=\"_blank\" rel=\"noopener\">Der Zertifizierungsprozess<\/a> ist klar definiert und sollte dem Unternehmen im Vorfeld mitgeteilt werden.<\/p>\t\t\t\t                            <\/div>\n\t\t        \n                    <div id=\"kontakt-tab\" class=\"clearfix eael-tab-content-item inactive\" data-title-link=\"kontakt-tab\">\n\t\t\t\t        \t\t\t\t\t        <h1>Kontakt<\/h1><p><div class=\"wpforms-container wpforms-container-full\" id=\"wpforms-4709\"><form id=\"wpforms-form-4709\" class=\"wpforms-validate wpforms-form\" data-formid=\"4709\" method=\"post\" enctype=\"multipart\/form-data\" action=\"\/de\/wp-json\/wp\/v2\/pages\/341\" data-token=\"7e2cea10069b699b3fc6b86afb118841\" data-token-time=\"1777483901\"><noscript class=\"wpforms-error-noscript\">Please enable JavaScript in your browser to complete this form.<\/noscript><div class=\"wpforms-field-container\"><div id=\"wpforms-4709-field_1-container\" class=\"wpforms-field wpforms-field-text\" data-field-id=\"1\"><label class=\"wpforms-field-label\" for=\"wpforms-4709-field_1\">Ihr Name: <span class=\"wpforms-required-label\">*<\/span><\/label><input type=\"text\" id=\"wpforms-4709-field_1\" class=\"wpforms-field-medium wpforms-field-required\" name=\"wpforms[fields][1]\" required><\/div><div id=\"wpforms-4709-field_3-container\" class=\"wpforms-field wpforms-field-text\" data-field-id=\"3\"><label class=\"wpforms-field-label\" for=\"wpforms-4709-field_3\">Betreff: <span class=\"wpforms-required-label\">*<\/span><\/label><input type=\"text\" id=\"wpforms-4709-field_3\" class=\"wpforms-field-medium wpforms-field-required\" name=\"wpforms[fields][3]\" required><\/div><div id=\"wpforms-4709-field_2-container\" class=\"wpforms-field wpforms-field-text\" data-field-id=\"2\"><label class=\"wpforms-field-label\" for=\"wpforms-4709-field_2\">Ihre E-Mail Adresse: <span class=\"wpforms-required-label\">*<\/span><\/label><input type=\"text\" id=\"wpforms-4709-field_2\" class=\"wpforms-field-medium wpforms-field-required\" name=\"wpforms[fields][2]\" required><\/div><div id=\"wpforms-4709-field_4-container\" class=\"wpforms-field wpforms-field-textarea\" data-field-id=\"4\"><label class=\"wpforms-field-label\" for=\"wpforms-4709-field_4\">Ihre Nachricht:<\/label><textarea id=\"wpforms-4709-field_4\" class=\"wpforms-field-medium\" name=\"wpforms[fields][4]\" ><\/textarea><\/div><\/div><!-- .wpforms-field-container --><div class=\"wpforms-submit-container\" ><input type=\"hidden\" name=\"wpforms[id]\" value=\"4709\"><input type=\"hidden\" name=\"page_title\" value=\"\"><input type=\"hidden\" name=\"page_url\" value=\"https:\/\/www.qtechna.si\/de\/wp-json\/wp\/v2\/pages\/341\"><input type=\"hidden\" name=\"url_referer\" value=\"\"><button type=\"submit\" name=\"wpforms[submit]\" id=\"wpforms-submit-4709\" class=\"wpforms-submit\" data-alt-text=\"Senden...\" data-submit-text=\"E-mail Senden\" aria-live=\"assertive\" value=\"wpforms-submit\">E-mail Senden<\/button><\/div><\/form><\/div>  <!-- .wpforms-container --><\/p>\t\t\t\t                            <\/div>\n\t\t                    <\/div>\n        <\/div>\n\t\t<\/div>\n\t\t\t\t<\/div>\n\t\t\t\t\t\t<\/div>\n\t\t\t\t\t<\/div>\n\t\t<\/div>\n\t\t\t\t\t\t\t\t<\/div>\n\t\t\t\t\t<\/div>\n\t\t<\/section>\n\t\t\t\t\t\t<\/div>\n\t\t\t\t\t\t<\/div>\n\t\t\t\t\t<\/div>\n\t\t","protected":false},"excerpt":{"rendered":"<p>Zertifizierung von Schwei\u00dfproduktion nach SIST EN ISO 3834 Schwei\u00dfer-Zertifizierungen Zertifizierung von Schwei\u00dfproduktionnach SIST EN ISO 3834 Zertifizierungsprozess Kontakt Die Verfahren wie Schmelzschwei\u00dfen finden eine weite Nutzung bei der Fertigung einer [&hellip;]<\/p>\n","protected":false},"author":1,"featured_media":0,"parent":0,"menu_order":0,"comment_status":"closed","ping_status":"closed","template":"","meta":{"footnotes":""},"class_list":["post-341","page","type-page","status-publish","hentry","wpbf-post"],"_links":{"self":[{"href":"https:\/\/www.qtechna.si\/de\/wp-json\/wp\/v2\/pages\/341","targetHints":{"allow":["GET"]}}],"collection":[{"href":"https:\/\/www.qtechna.si\/de\/wp-json\/wp\/v2\/pages"}],"about":[{"href":"https:\/\/www.qtechna.si\/de\/wp-json\/wp\/v2\/types\/page"}],"author":[{"embeddable":true,"href":"https:\/\/www.qtechna.si\/de\/wp-json\/wp\/v2\/users\/1"}],"replies":[{"embeddable":true,"href":"https:\/\/www.qtechna.si\/de\/wp-json\/wp\/v2\/comments?post=341"}],"version-history":[{"count":218,"href":"https:\/\/www.qtechna.si\/de\/wp-json\/wp\/v2\/pages\/341\/revisions"}],"predecessor-version":[{"id":16008,"href":"https:\/\/www.qtechna.si\/de\/wp-json\/wp\/v2\/pages\/341\/revisions\/16008"}],"wp:attachment":[{"href":"https:\/\/www.qtechna.si\/de\/wp-json\/wp\/v2\/media?parent=341"}],"curies":[{"name":"wp","href":"https:\/\/api.w.org\/{rel}","templated":true}]}}