{"id":335,"date":"2020-11-30T16:34:26","date_gmt":"2020-11-30T16:34:26","guid":{"rendered":"https:\/\/qtechna.si\/de\/?page_id=335"},"modified":"2022-05-06T12:19:54","modified_gmt":"2022-05-06T12:19:54","slug":"zertifizierung-von-schweissern","status":"publish","type":"page","link":"https:\/\/www.qtechna.si\/de\/zertifizierung-von-schweissern\/","title":{"rendered":"Zertifizierung von Schwei\u00dfern"},"content":{"rendered":"\t\t<div data-elementor-type=\"wp-page\" data-elementor-id=\"335\" class=\"elementor elementor-335\" data-elementor-settings=\"[]\">\n\t\t\t\t\t\t<div class=\"elementor-inner\">\n\t\t\t\t\t\t\t<div class=\"elementor-section-wrap\">\n\t\t\t\t\t\t\t<section data-particle_enable=\"false\" data-particle-mobile-disabled=\"false\" class=\"elementor-section elementor-top-section elementor-element elementor-element-56d8ad50 elementor-section-stretched elementor-section-boxed elementor-section-height-default elementor-section-height-default\" data-id=\"56d8ad50\" data-element_type=\"section\" data-settings=\"{&quot;stretch_section&quot;:&quot;section-stretched&quot;,&quot;background_background&quot;:&quot;classic&quot;,&quot;_ha_eqh_enable&quot;:false}\">\n\t\t\t\t\t\t\t<div class=\"elementor-background-overlay\"><\/div>\n\t\t\t\t\t\t\t<div class=\"elementor-container elementor-column-gap-default\">\n\t\t\t\t\t\t\t<div class=\"elementor-row\">\n\t\t\t\t\t<div class=\"elementor-column elementor-col-100 elementor-top-column elementor-element elementor-element-6c01866b\" data-id=\"6c01866b\" data-element_type=\"column\" data-settings=\"{&quot;background_background&quot;:&quot;classic&quot;}\">\n\t\t\t<div class=\"elementor-column-wrap elementor-element-populated\">\n\t\t\t\t\t\t\t<div class=\"elementor-widget-wrap\">\n\t\t\t\t\t\t<div class=\"elementor-element elementor-element-68bf3d53 elementor-widget elementor-widget-heading\" data-id=\"68bf3d53\" data-element_type=\"widget\" data-widget_type=\"heading.default\">\n\t\t\t\t<div class=\"elementor-widget-container\">\n\t\t\t<h1 class=\"elementor-heading-title elementor-size-default\">Zertifizierung von Schwei\u00dfern<\/h1>\t\t<\/div>\n\t\t\t\t<\/div>\n\t\t\t\t\t\t<\/div>\n\t\t\t\t\t<\/div>\n\t\t<\/div>\n\t\t\t\t\t\t\t\t<\/div>\n\t\t\t\t\t<\/div>\n\t\t<\/section>\n\t\t\t\t<section data-particle_enable=\"false\" data-particle-mobile-disabled=\"false\" class=\"elementor-section elementor-top-section elementor-element elementor-element-1d46e2b6 elementor-section-content-top elementor-section-boxed elementor-section-height-default elementor-section-height-default\" data-id=\"1d46e2b6\" data-element_type=\"section\" data-settings=\"{&quot;background_background&quot;:&quot;classic&quot;,&quot;_ha_eqh_enable&quot;:false}\">\n\t\t\t\t\t\t<div class=\"elementor-container elementor-column-gap-default\">\n\t\t\t\t\t\t\t<div class=\"elementor-row\">\n\t\t\t\t\t<div class=\"elementor-column elementor-col-100 elementor-top-column elementor-element elementor-element-1b27670\" data-id=\"1b27670\" data-element_type=\"column\" data-settings=\"{&quot;background_background&quot;:&quot;classic&quot;}\">\n\t\t\t<div class=\"elementor-column-wrap elementor-element-populated\">\n\t\t\t\t\t\t\t<div class=\"elementor-widget-wrap\">\n\t\t\t\t\t\t<div class=\"elementor-element elementor-element-99454e7 elementor-widget elementor-widget-eael-advanced-menu\" data-id=\"99454e7\" data-element_type=\"widget\" data-widget_type=\"eael-advanced-menu.skin-seven\">\n\t\t\t\t<div class=\"elementor-widget-container\">\n\t\t\t<div class=\"eael-advanced-menu-container eael-advanced-menu-align-left eael-advanced-menu-dropdown-align-left\" data-indicator-class=\"fas fa-angle-down fa-solid\" data-dropdown-indicator-class=\"fas fa-angle-down fa-solid\"><ul id=\"menu-certificiranja-s-podrocja-varjenja\" class=\"eael-advanced-menu eael-advanced-menu-dropdown-animate-to-top eael-advanced-menu-indicator eael-advanced-menu-vertical\"><li id=\"menu-item-14441\" class=\"menu-item menu-item-type-post_type menu-item-object-page menu-item-14441\"><a href=\"https:\/\/www.qtechna.si\/de\/schweisser-zertifizierungen\/\">Schwei\u00dfer-Zertifizierungen<\/a><\/li>\n<\/ul><\/div>\t\t<\/div>\n\t\t\t\t<\/div>\n\t\t\t\t<div class=\"elementor-element elementor-element-268fa982 elementor-widget elementor-widget-eael-adv-tabs\" data-id=\"268fa982\" data-element_type=\"widget\" data-widget_type=\"eael-adv-tabs.default\">\n\t\t\t\t<div class=\"elementor-widget-container\">\n\t\t\t        <div id=\"eael-advance-tabs-268fa982\" class=\"eael-advance-tabs eael-tabs-vertical eael-tab-auto-active active-caret-on\" data-tabid=\"268fa982\">\n            <div class=\"eael-tabs-nav\">\n                <ul class=\"eael-tab-inline-icon\">\n                                            <li id=\"p-styletext-alignleftmargin-bottom0zertifizierung-vonbrschweiernp\" class=\"inactive eael-tab-item-trigger\" aria-selected=\"true\" data-tab=\"1\" role=\"tab\" tabindex=\"0\" aria-controls=\"p-styletext-alignleftmargin-bottom0zertifizierung-vonbrschweiernp-tab\" aria-expanded=\"false\">\n                            \n                                                        \n                                                            <span class=\"eael-tab-title  title-after-icon\"><p style=\"text-align:left;margin-bottom:0\">Zertifizierung von<br>Schwei\u00dfern<\/p><\/span>                            \n                                                    <\/li>\n                                            <li id=\"zertifizierungsprozess\" class=\"inactive eael-tab-item-trigger\" aria-selected=\"false\" data-tab=\"2\" role=\"tab\" tabindex=\"-1\" aria-controls=\"zertifizierungsprozess-tab\" aria-expanded=\"false\">\n                            \n                                                                <i class=\"fas fa-home\"><\/i>                                                            \n                                                            <span class=\"eael-tab-title  title-after-icon\">Zertifizierungsprozess<\/span>                            \n                                                    <\/li>\n                                            <li id=\"kontakt\" class=\"inactive eael-tab-item-trigger\" aria-selected=\"false\" data-tab=\"3\" role=\"tab\" tabindex=\"-1\" aria-controls=\"kontakt-tab\" aria-expanded=\"false\">\n                            \n                                                                <i class=\"far fa-envelope\"><\/i>                                                            \n                                                            <span class=\"eael-tab-title  title-after-icon\">Kontakt<\/span>                            \n                                                    <\/li>\n                                    <\/ul>\n            <\/div>\n            \n            <div class=\"eael-tabs-content\">\n\t\t        \n                    <div id=\"p-styletext-alignleftmargin-bottom0zertifizierung-vonbrschweiernp-tab\" class=\"clearfix eael-tab-content-item inactive\" data-title-link=\"p-styletext-alignleftmargin-bottom0zertifizierung-vonbrschweiernp-tab\">\n\t\t\t\t        \t\t\t\t\t        \t\t<div data-elementor-type=\"section\" data-elementor-id=\"672\" class=\"elementor elementor-672\" data-elementor-settings=\"[]\">\n\t\t<div class=\"elementor-section-wrap\">\n\t\t\t\t\t<section data-particle_enable=\"false\" data-particle-mobile-disabled=\"false\" class=\"elementor-section elementor-top-section elementor-element elementor-element-7ab1acdc elementor-section-boxed elementor-section-height-default elementor-section-height-default\" data-id=\"7ab1acdc\" data-element_type=\"section\" data-settings=\"{&quot;_ha_eqh_enable&quot;:false}\">\n\t\t\t\t\t\t<div class=\"elementor-container elementor-column-gap-default\">\n\t\t\t\t\t\t\t<div class=\"elementor-row\">\n\t\t\t\t\t<div class=\"elementor-column elementor-col-50 elementor-top-column elementor-element elementor-element-263c32bd\" data-id=\"263c32bd\" data-element_type=\"column\">\n\t\t\t<div class=\"elementor-column-wrap elementor-element-populated\">\n\t\t\t\t\t\t\t<div class=\"elementor-widget-wrap\">\n\t\t\t\t\t\t<div class=\"elementor-element elementor-element-625f8eca elementor-widget elementor-widget-text-editor\" data-id=\"625f8eca\" data-element_type=\"widget\" data-widget_type=\"text-editor.default\">\n\t\t\t\t<div class=\"elementor-widget-container\">\n\t\t\t\t\t\t\t\t<div class=\"elementor-text-editor elementor-clearfix\">\n\t\t\t\t<p>Das qualifizierte und erfahrene Personal ist der Schl\u00fcssel zum Qualit\u00e4tsprodukt. Das gilt besonders im Bereich von Zusammenf\u00fcgen, in dem von gro\u00dfer Bedeutung die Handfertigkeit des Einzelnen ist. Aus diesem Grund ist die Zertifizierung von so gro\u00dfer Bedeutung.<\/p><h3 style=\"margin-bottom: 0;\">Wir zertifizieren:<\/h3><ul><li>Schwei\u00dfer<\/li><li>Schwei\u00dfanlagenbediener<\/li><li>Personal f\u00fcr L\u00f6ten<\/li><\/ul><h3 style=\"margin-bottom: 0;\">F\u00fcgeverfahren, f\u00fcr die wir das Personal zertifizieren:<\/h3><ul><li>Alle Metallschwei\u00dfverfahren (manuelles Lichtbogenschwei\u00dfen, MIG\/MAG, TIG, UP-Schwei\u00dfen, autogenes Schwei\u00dfen, Laser\u2026),<\/li><li>L\u00f6ten<\/li><li>Schwei\u00dfen von Thermoplasten.<\/li><\/ul><h3 style=\"margin-bottom: 0;\">Normen f\u00fcr die Zertifizierung von L\u00f6t- und Schwei\u00dfpersonal:<\/h3><ul><li>SIST EN ISO 9606 serie<\/li><li>SIST EN ISO 14732<\/li><li>AD-2000 HP3<\/li><li>SIST EN ISO 13585<\/li><li>ASME B&amp;P Code section IX<\/li><li>DVS 2207<\/li><li>SIST EN ISO 17660 Serie<\/li><li>DVGW VP 614<\/li><li>SIST EN 13067<\/li><\/ul><h3 style=\"margin-bottom: 0;\">Im Fall, dass der Auftraggeber das Schwei\u00dfpersonal nach:\u00a0<\/h3><ul><li>AWS D 1.1<\/li><li>AWS D 1.6<\/li><li>ASME B&amp;P Code section IX<\/li><\/ul><p>zertifizieren m\u00f6chte, f\u00fchren wir alle anspruchsvollen zerst\u00f6rungsfreien und zerst\u00f6renden Pr\u00fcfungen aus und bereiten das Zertifikat f\u00fcr den Ausdruck vor. Das Zertifikat wird von Herstellern genehmigt, weil es in diesem Fall um die Zertifizierung seitens zweiten Kunden handelt.<\/p>\t\t\t\t\t<\/div>\n\t\t\t\t\t\t<\/div>\n\t\t\t\t<\/div>\n\t\t\t\t\t\t<\/div>\n\t\t\t\t\t<\/div>\n\t\t<\/div>\n\t\t\t\t<div class=\"elementor-column elementor-col-50 elementor-top-column elementor-element elementor-element-4e7b4160\" data-id=\"4e7b4160\" data-element_type=\"column\">\n\t\t\t<div class=\"elementor-column-wrap elementor-element-populated\">\n\t\t\t\t\t\t\t<div class=\"elementor-widget-wrap\">\n\t\t\t\t\t\t<div class=\"elementor-element elementor-element-3470b23c elementor-author-box--layout-image-above ha-css-transform-yes block1 elementor-widget elementor-widget-author-box\" data-id=\"3470b23c\" data-element_type=\"widget\" data-widget_type=\"author-box.default\">\n\t\t\t\t<div class=\"elementor-widget-container\">\n\t\t\t\t\t<div class=\"elementor-author-box\">\n\t\t\t\t\t\t\t<div  class=\"elementor-author-box__avatar\">\n\t\t\t\t\t<img decoding=\"async\" src=\"https:\/\/www.qtechna.si\/de\/wp-content\/uploads\/sites\/14\/2020\/12\/Ambroz_Rozman_nova_2018-300x288.jpg\" alt=\"mag. Ambro\u017e Ro\u017eman\">\n\t\t\t\t<\/div>\n\t\t\t\n\t\t\t<div class=\"elementor-author-box__text\">\n\t\t\t\t\t\t\t\t\t<div >\n\t\t\t\t\t\t<h4 class=\"elementor-author-box__name\">\n\t\t\t\t\t\t\tmag. Ambro\u017e Ro\u017eman\t\t\t\t\t\t<\/h4>\n\t\t\t\t\t<\/div>\n\t\t\t\t\n\t\t\t\t\t\t\t\t\t<div class=\"elementor-author-box__bio\">\n\t\t\t\t\t\t<p>+386 7 49 12 419<br \/>\n+386 41 215  267<br \/>\n<a href=\"mailto:ambroz.rozman@qtechna.si\">ambroz.rozman@qtechna.si<\/a><br \/>\n<a href=\"mailto:atestiranje@qtechna.si\">atestiranje@qtechna.si<\/a><\/p>\n\t\t\t\t\t<\/div>\n\t\t\t\t\n\t\t\t\t\t\t\t<\/div>\n\t\t<\/div>\n\t\t\t\t<\/div>\n\t\t\t\t<\/div>\n\t\t\t\t<div class=\"elementor-element elementor-element-5e518373 elementor-author-box--layout-image-above ha-css-transform-yes block1 elementor-widget elementor-widget-author-box\" data-id=\"5e518373\" data-element_type=\"widget\" data-widget_type=\"author-box.default\">\n\t\t\t\t<div class=\"elementor-widget-container\">\n\t\t\t\t\t<div class=\"elementor-author-box\">\n\t\t\t\t\t\t\t<div  class=\"elementor-author-box__avatar\">\n\t\t\t\t\t<img decoding=\"async\" src=\"https:\/\/www.qtechna.si\/de\/wp-content\/uploads\/sites\/14\/2020\/12\/milanj.png\" alt=\"Milan Javornik\">\n\t\t\t\t<\/div>\n\t\t\t\n\t\t\t<div class=\"elementor-author-box__text\">\n\t\t\t\t\t\t\t\t\t<div >\n\t\t\t\t\t\t<h4 class=\"elementor-author-box__name\">\n\t\t\t\t\t\t\tMilan Javornik\t\t\t\t\t\t<\/h4>\n\t\t\t\t\t<\/div>\n\t\t\t\t\n\t\t\t\t\t\t\t\t\t<div class=\"elementor-author-box__bio\">\n\t\t\t\t\t\t<p>+386 7 49 12 431<br \/>\n+386 41 559 706<br \/>\n<a href=\"mailto:milan.javornik@qtechna.si\">milan.javornik@qtechna.si<\/a><br \/>\n<a href=\"mailto:atestiranje@qtechna.si\">atestiranje@qtechna.si<\/a><\/p>\n\t\t\t\t\t<\/div>\n\t\t\t\t\n\t\t\t\t\t\t\t<\/div>\n\t\t<\/div>\n\t\t\t\t<\/div>\n\t\t\t\t<\/div>\n\t\t\t\t<div class=\"elementor-element elementor-element-112a5e7b elementor-author-box--layout-image-above ha-css-transform-yes block1 elementor-widget elementor-widget-author-box\" data-id=\"112a5e7b\" data-element_type=\"widget\" data-widget_type=\"author-box.default\">\n\t\t\t\t<div class=\"elementor-widget-container\">\n\t\t\t\t\t<div class=\"elementor-author-box\">\n\t\t\t\t\t\t\t<div  class=\"elementor-author-box__avatar\">\n\t\t\t\t\t<img decoding=\"async\" src=\"https:\/\/www.qtechna.si\/de\/wp-content\/uploads\/sites\/14\/2020\/12\/alesw.png\" alt=\"Andrej Weiss\">\n\t\t\t\t<\/div>\n\t\t\t\n\t\t\t<div class=\"elementor-author-box__text\">\n\t\t\t\t\t\t\t\t\t<div >\n\t\t\t\t\t\t<h4 class=\"elementor-author-box__name\">\n\t\t\t\t\t\t\tAndrej Weiss\t\t\t\t\t\t<\/h4>\n\t\t\t\t\t<\/div>\n\t\t\t\t\n\t\t\t\t\t\t\t\t\t<div class=\"elementor-author-box__bio\">\n\t\t\t\t\t\t<p>+386 7 49 12 439<br \/>\n+386 31 719 834<br \/>\n<a href=\"mailto:andrej.weiss@qtechna.si\">andrej.weiss@qtechna.si<\/a><br \/>\n<a href=\"mailto:atestiranje@qtechna.si\">atestiranje@qtechna.si<\/a><\/p>\n\t\t\t\t\t<\/div>\n\t\t\t\t\n\t\t\t\t\t\t\t<\/div>\n\t\t<\/div>\n\t\t\t\t<\/div>\n\t\t\t\t<\/div>\n\t\t\t\t<div class=\"elementor-element elementor-element-6c7fbaf elementor-author-box--layout-image-above ha-css-transform-yes block1 elementor-widget elementor-widget-author-box\" data-id=\"6c7fbaf\" data-element_type=\"widget\" data-widget_type=\"author-box.default\">\n\t\t\t\t<div class=\"elementor-widget-container\">\n\t\t\t\t\t<div class=\"elementor-author-box\">\n\t\t\t\t\t\t\t<div  class=\"elementor-author-box__avatar\">\n\t\t\t\t\t<img decoding=\"async\" src=\"https:\/\/www.qtechna.si\/de\/wp-content\/uploads\/sites\/14\/2020\/12\/Jernej-Zofic-237x300.jpg\" alt=\"Jernej Zofi\u010d\">\n\t\t\t\t<\/div>\n\t\t\t\n\t\t\t<div class=\"elementor-author-box__text\">\n\t\t\t\t\t\t\t\t\t<div >\n\t\t\t\t\t\t<h4 class=\"elementor-author-box__name\">\n\t\t\t\t\t\t\tJernej Zofi\u010d\t\t\t\t\t\t<\/h4>\n\t\t\t\t\t<\/div>\n\t\t\t\t\n\t\t\t\t\t\t\t\t\t<div class=\"elementor-author-box__bio\">\n\t\t\t\t\t\t<p>+386 7 49 12 454<br \/>\n+386 31 818 037<br \/>\n<a href=\"mailto:jernej.zofic@qtechna.si\">jernej.zofic@qtecnha.si<\/a><br \/>\n<a href=\"atestiranje@qtechna.si\">atestiranje@qtechna.si<\/a><\/p>\n\t\t\t\t\t<\/div>\n\t\t\t\t\n\t\t\t\t\t\t\t<\/div>\n\t\t<\/div>\n\t\t\t\t<\/div>\n\t\t\t\t<\/div>\n\t\t\t\t\t\t<\/div>\n\t\t\t\t\t<\/div>\n\t\t<\/div>\n\t\t\t\t\t\t\t\t<\/div>\n\t\t\t\t\t<\/div>\n\t\t<\/section>\n\t\t\t\t<\/div>\n\t\t<\/div>\n\t\t\t\t\t\t                            <\/div>\n\t\t        \n                    <div id=\"zertifizierungsprozess-tab\" class=\"clearfix eael-tab-content-item inactive\" data-title-link=\"zertifizierungsprozess-tab\">\n\t\t\t\t        \t\t\t\t\t        <h1>Zertifizierungsprozess<\/h1><p><img loading=\"lazy\" decoding=\"async\" class=\"alignleft wp-image-15473\" src=\"https:\/\/www.qtechna.si\/de\/wp-content\/uploads\/sites\/14\/2021\/01\/4624_DE-prevod_flowchart_certificiranje-varilcev-1024x79.png\" alt=\"\" width=\"700\" height=\"54\" srcset=\"https:\/\/www.qtechna.si\/de\/wp-content\/uploads\/sites\/14\/2021\/01\/4624_DE-prevod_flowchart_certificiranje-varilcev-1024x79.png 1024w, https:\/\/www.qtechna.si\/de\/wp-content\/uploads\/sites\/14\/2021\/01\/4624_DE-prevod_flowchart_certificiranje-varilcev-300x23.png 300w, https:\/\/www.qtechna.si\/de\/wp-content\/uploads\/sites\/14\/2021\/01\/4624_DE-prevod_flowchart_certificiranje-varilcev-768x60.png 768w, https:\/\/www.qtechna.si\/de\/wp-content\/uploads\/sites\/14\/2021\/01\/4624_DE-prevod_flowchart_certificiranje-varilcev-1536x119.png 1536w, https:\/\/www.qtechna.si\/de\/wp-content\/uploads\/sites\/14\/2021\/01\/4624_DE-prevod_flowchart_certificiranje-varilcev-2048x159.png 2048w\" sizes=\"auto, (max-width: 700px) 100vw, 700px\" \/><\/p><p>\u00a0<\/p><p>\u00a0<\/p><p><a href=\"https:\/\/www.qtechna.si\/wp-content\/uploads\/2021\/05\/SP_07_02_Pravila_postopka_cerificiranja_varilcev_spajkalcev_in_varilnih_operaterjev.pdf\">Zertifizierungpsprozess<\/a>.<\/p>\t\t\t\t                            <\/div>\n\t\t        \n                    <div id=\"kontakt-tab\" class=\"clearfix eael-tab-content-item inactive\" data-title-link=\"kontakt-tab\">\n\t\t\t\t        \t\t\t\t\t        <h1>Kontakt<\/h1><p><div class=\"wpforms-container wpforms-container-full\" id=\"wpforms-4730\"><form id=\"wpforms-form-4730\" class=\"wpforms-validate wpforms-form\" data-formid=\"4730\" method=\"post\" enctype=\"multipart\/form-data\" action=\"\/de\/wp-json\/wp\/v2\/pages\/335\" data-token=\"6e7d179cfd48ab549ddf0bf11d2fd06d\" data-token-time=\"1777483903\"><noscript class=\"wpforms-error-noscript\">Please enable JavaScript in your browser to complete this form.<\/noscript><div class=\"wpforms-field-container\"><div id=\"wpforms-4730-field_19-container\" class=\"wpforms-field wpforms-field-text\" data-field-id=\"19\"><label class=\"wpforms-field-label\" for=\"wpforms-4730-field_19\">Ihr Name: <span class=\"wpforms-required-label\">*<\/span><\/label><input type=\"text\" id=\"wpforms-4730-field_19\" class=\"wpforms-field-medium wpforms-field-required\" name=\"wpforms[fields][19]\" required><\/div><div id=\"wpforms-4730-field_21-container\" class=\"wpforms-field wpforms-field-text\" data-field-id=\"21\"><label class=\"wpforms-field-label\" for=\"wpforms-4730-field_21\">Betreff: <span class=\"wpforms-required-label\">*<\/span><\/label><input type=\"text\" id=\"wpforms-4730-field_21\" class=\"wpforms-field-medium wpforms-field-required\" name=\"wpforms[fields][21]\" required><\/div><div id=\"wpforms-4730-field_20-container\" class=\"wpforms-field wpforms-field-text\" data-field-id=\"20\"><label class=\"wpforms-field-label\" for=\"wpforms-4730-field_20\">Ihre E-Mail Adresse: <span class=\"wpforms-required-label\">*<\/span><\/label><input type=\"text\" id=\"wpforms-4730-field_20\" class=\"wpforms-field-medium wpforms-field-required\" name=\"wpforms[fields][20]\" required><\/div><div id=\"wpforms-4730-field_24-container\" class=\"wpforms-field wpforms-field-textarea\" data-field-id=\"24\"><label class=\"wpforms-field-label\" for=\"wpforms-4730-field_24\">Ihre Nachricht: <span class=\"wpforms-required-label\">*<\/span><\/label><textarea id=\"wpforms-4730-field_24\" class=\"wpforms-field-medium wpforms-field-required\" name=\"wpforms[fields][24]\" required><\/textarea><\/div><\/div><!-- .wpforms-field-container --><div class=\"wpforms-submit-container\" ><input type=\"hidden\" name=\"wpforms[id]\" value=\"4730\"><input type=\"hidden\" name=\"page_title\" value=\"\"><input type=\"hidden\" name=\"page_url\" value=\"https:\/\/www.qtechna.si\/de\/wp-json\/wp\/v2\/pages\/335\"><input type=\"hidden\" name=\"url_referer\" value=\"\"><button type=\"submit\" name=\"wpforms[submit]\" id=\"wpforms-submit-4730\" class=\"wpforms-submit\" data-alt-text=\"Senden...\" data-submit-text=\"E-mail Senden\" aria-live=\"assertive\" value=\"wpforms-submit\">E-mail Senden<\/button><\/div><\/form><\/div>  <!-- .wpforms-container --><\/p>\t\t\t\t                            <\/div>\n\t\t                    <\/div>\n        <\/div>\n\t\t<\/div>\n\t\t\t\t<\/div>\n\t\t\t\t\t\t<\/div>\n\t\t\t\t\t<\/div>\n\t\t<\/div>\n\t\t\t\t\t\t\t\t<\/div>\n\t\t\t\t\t<\/div>\n\t\t<\/section>\n\t\t\t\t<section data-particle_enable=\"false\" data-particle-mobile-disabled=\"false\" class=\"elementor-section elementor-top-section elementor-element elementor-element-2674cd2 elementor-section-boxed elementor-section-height-default elementor-section-height-default\" data-id=\"2674cd2\" data-element_type=\"section\" data-settings=\"{&quot;_ha_eqh_enable&quot;:false}\">\n\t\t\t\t\t\t<div class=\"elementor-container elementor-column-gap-default\">\n\t\t\t\t\t\t\t<div class=\"elementor-row\">\n\t\t\t\t\t<div class=\"elementor-column elementor-col-100 elementor-top-column elementor-element elementor-element-b1e66b5\" data-id=\"b1e66b5\" data-element_type=\"column\">\n\t\t\t<div class=\"elementor-column-wrap\">\n\t\t\t\t\t\t\t<div class=\"elementor-widget-wrap\">\n\t\t\t\t\t\t\t\t<\/div>\n\t\t\t\t\t<\/div>\n\t\t<\/div>\n\t\t\t\t\t\t\t\t<\/div>\n\t\t\t\t\t<\/div>\n\t\t<\/section>\n\t\t\t\t\t\t<\/div>\n\t\t\t\t\t\t<\/div>\n\t\t\t\t\t<\/div>\n\t\t","protected":false},"excerpt":{"rendered":"<p>Zertifizierung von Schwei\u00dfern Schwei\u00dfer-Zertifizierungen Zertifizierung vonSchwei\u00dfern Zertifizierungsprozess Kontakt Das qualifizierte und erfahrene Personal ist der Schl\u00fcssel zum Qualit\u00e4tsprodukt. Das gilt besonders im Bereich von Zusammenf\u00fcgen, in dem von gro\u00dfer Bedeutung [&hellip;]<\/p>\n","protected":false},"author":1,"featured_media":0,"parent":0,"menu_order":0,"comment_status":"closed","ping_status":"closed","template":"","meta":{"footnotes":""},"class_list":["post-335","page","type-page","status-publish","hentry","wpbf-post"],"_links":{"self":[{"href":"https:\/\/www.qtechna.si\/de\/wp-json\/wp\/v2\/pages\/335","targetHints":{"allow":["GET"]}}],"collection":[{"href":"https:\/\/www.qtechna.si\/de\/wp-json\/wp\/v2\/pages"}],"about":[{"href":"https:\/\/www.qtechna.si\/de\/wp-json\/wp\/v2\/types\/page"}],"author":[{"embeddable":true,"href":"https:\/\/www.qtechna.si\/de\/wp-json\/wp\/v2\/users\/1"}],"replies":[{"embeddable":true,"href":"https:\/\/www.qtechna.si\/de\/wp-json\/wp\/v2\/comments?post=335"}],"version-history":[{"count":230,"href":"https:\/\/www.qtechna.si\/de\/wp-json\/wp\/v2\/pages\/335\/revisions"}],"predecessor-version":[{"id":15493,"href":"https:\/\/www.qtechna.si\/de\/wp-json\/wp\/v2\/pages\/335\/revisions\/15493"}],"wp:attachment":[{"href":"https:\/\/www.qtechna.si\/de\/wp-json\/wp\/v2\/media?parent=335"}],"curies":[{"name":"wp","href":"https:\/\/api.w.org\/{rel}","templated":true}]}}