{"id":2795,"date":"2020-12-10T15:21:17","date_gmt":"2020-12-10T15:21:17","guid":{"rendered":"https:\/\/qtechna.si\/de\/?page_id=2795"},"modified":"2023-03-29T07:22:08","modified_gmt":"2023-03-29T07:22:08","slug":"ausbildungs-zentrum","status":"publish","type":"page","link":"https:\/\/www.qtechna.si\/de\/ausbildungs-zentrum\/","title":{"rendered":"Ausbildungs Zentrum"},"content":{"rendered":"\t\t<div data-elementor-type=\"wp-page\" data-elementor-id=\"2795\" class=\"elementor elementor-2795\" data-elementor-settings=\"[]\">\n\t\t\t\t\t\t<div class=\"elementor-inner\">\n\t\t\t\t\t\t\t<div class=\"elementor-section-wrap\">\n\t\t\t\t\t\t\t<section data-particle_enable=\"false\" data-particle-mobile-disabled=\"false\" class=\"elementor-section elementor-top-section elementor-element elementor-element-af9e2fb elementor-section-stretched elementor-section-boxed elementor-section-height-default elementor-section-height-default\" data-id=\"af9e2fb\" data-element_type=\"section\" data-settings=\"{&quot;stretch_section&quot;:&quot;section-stretched&quot;,&quot;background_background&quot;:&quot;classic&quot;,&quot;_ha_eqh_enable&quot;:false}\">\n\t\t\t\t\t\t\t<div class=\"elementor-background-overlay\"><\/div>\n\t\t\t\t\t\t\t<div class=\"elementor-container elementor-column-gap-default\">\n\t\t\t\t\t\t\t<div class=\"elementor-row\">\n\t\t\t\t\t<div class=\"elementor-column elementor-col-100 elementor-top-column elementor-element elementor-element-6232515\" data-id=\"6232515\" data-element_type=\"column\" data-settings=\"{&quot;background_background&quot;:&quot;classic&quot;}\">\n\t\t\t<div class=\"elementor-column-wrap elementor-element-populated\">\n\t\t\t\t\t\t\t<div class=\"elementor-widget-wrap\">\n\t\t\t\t\t\t<div class=\"elementor-element elementor-element-b7d5eef elementor-widget elementor-widget-heading\" data-id=\"b7d5eef\" data-element_type=\"widget\" data-widget_type=\"heading.default\">\n\t\t\t\t<div class=\"elementor-widget-container\">\n\t\t\t<h1 class=\"elementor-heading-title elementor-size-default\">Ausbildungs Zentrum<\/h1>\t\t<\/div>\n\t\t\t\t<\/div>\n\t\t\t\t\t\t<\/div>\n\t\t\t\t\t<\/div>\n\t\t<\/div>\n\t\t\t\t\t\t\t\t<\/div>\n\t\t\t\t\t<\/div>\n\t\t<\/section>\n\t\t\t\t<section data-particle_enable=\"false\" data-particle-mobile-disabled=\"false\" class=\"elementor-section elementor-top-section elementor-element elementor-element-919ed31 elementor-section-boxed elementor-section-height-default elementor-section-height-default\" data-id=\"919ed31\" data-element_type=\"section\" data-settings=\"{&quot;background_background&quot;:&quot;classic&quot;,&quot;_ha_eqh_enable&quot;:false}\">\n\t\t\t\t\t\t<div class=\"elementor-container elementor-column-gap-default\">\n\t\t\t\t\t\t\t<div class=\"elementor-row\">\n\t\t\t\t\t<div class=\"elementor-column elementor-col-33 elementor-top-column elementor-element elementor-element-73537ef\" data-id=\"73537ef\" data-element_type=\"column\" data-settings=\"{&quot;background_background&quot;:&quot;classic&quot;}\">\n\t\t\t<div class=\"elementor-column-wrap elementor-element-populated\">\n\t\t\t\t\t\t\t<div class=\"elementor-widget-wrap\">\n\t\t\t\t\t\t<div class=\"elementor-element elementor-element-96dcabc elementor-widget elementor-widget-eael-advanced-menu\" data-id=\"96dcabc\" data-element_type=\"widget\" data-widget_type=\"eael-advanced-menu.default\">\n\t\t\t\t<div class=\"elementor-widget-container\">\n\t\t\t<div class=\"eael-advanced-menu-container eael-advanced-menu-align-left eael-advanced-menu-dropdown-align-left\" data-indicator-class=\"fas fa-angle-down fa-solid\" data-dropdown-indicator-class=\"fas fa-angle-down fa-solid\"><ul id=\"menu-izobrazevalni-center\" class=\"eael-advanced-menu eael-advanced-menu-dropdown-animate-to-top eael-advanced-menu-indicator eael-advanced-menu-vertical\"><li id=\"menu-item-15658\" class=\"menu-item menu-item-type-custom menu-item-object-custom menu-item-15658\"><a href=\"https:\/\/www.qtechna.si\/de\/schulung-von-personal\">Schulung von Personal<\/a><\/li>\n<li id=\"menu-item-10536\" class=\"menu-item menu-item-type-post_type menu-item-object-page menu-item-10536\"><a href=\"https:\/\/www.qtechna.si\/de\/qualifizierung-und-zertifizierung-von-personal-zur-montage-von-flansch-und-schraubverbindungen-nach-sist-en-1591-4\/\">Qualifizierung zur Montage von Flansch- und Schraubverbindungen<\/a><\/li>\n<\/ul><\/div>\t\t<\/div>\n\t\t\t\t<\/div>\n\t\t\t\t\t\t<\/div>\n\t\t\t\t\t<\/div>\n\t\t<\/div>\n\t\t\t\t<div class=\"elementor-column elementor-col-33 elementor-top-column elementor-element elementor-element-dfbcdd6\" data-id=\"dfbcdd6\" data-element_type=\"column\" data-settings=\"{&quot;background_background&quot;:&quot;classic&quot;}\">\n\t\t\t<div class=\"elementor-column-wrap elementor-element-populated\">\n\t\t\t\t\t\t\t<div class=\"elementor-widget-wrap\">\n\t\t\t\t\t\t<div class=\"elementor-element elementor-element-993994b elementor-widget elementor-widget-text-editor\" data-id=\"993994b\" data-element_type=\"widget\" data-widget_type=\"text-editor.default\">\n\t\t\t\t<div class=\"elementor-widget-container\">\n\t\t\t\t\t\t\t\t<div class=\"elementor-text-editor elementor-clearfix\">\n\t\t\t\t<p>Das Schulungszentrum von Q Techna \u00fcbt seine T\u00e4tigkeit schon seit zwei vollen Jahrzehnten aus. Das prim\u00e4re Ziel bleibt aber stets dasselbe \u2013 hochwertige Schulungs- und Zertifizierungsprogramme anzubieten. In der Regel geht es um Programme, die aus den Bed\u00fcrfnissen der Industrie hervorgehen, wo f\u00fcr spezifische Arbeiten oft ein Bedarf an zus\u00e4tzlicher Schulung f\u00fcr Fachkr\u00e4fte besteht. Die Schulungen basieren auf praktischen Erfahrungen, wobei die angemessene Verbindung des theoretischen Wissens mit praktischer Arbeit eine bedeutende Rolle spielt.<\/p><p>Das Basisprogramm des Zentrums steht mit zerst\u00f6rungsfreien Pr\u00fcfungen in Verbindung.\u00a0 Fehlentscheidungen in diesem wichtigen Bereich k\u00f6nnen zu schweren Verletzungen, hohen Sachsch\u00e4den und ungl\u00fccklicherweise auch zu tragischen Folgen f\u00fcr Leute und Umwelt f\u00fchren. Deshalb ist es notwendig, dass die Fachkr\u00e4fte \u00fcber eine gute theoretische Grundlage verf\u00fcgen und kompetente Arbeit leisten. Die Kandidaten widmen im Laufe der Schulung viel Zeit der Arbeit mit verschiedenen praktischen Beispielen mit verschiedenen Unregelm\u00e4\u00dfigkeiten, aus verschiedenen Industriesektoren. Nur so k\u00f6nnen die Kandidaten erforderliche Kenntnisse erwerben, die sie bei Ihrer Arbeit erweitern.<\/p><p>Dar\u00fcber hinaus entwickelten wir auch ein Programm f\u00fcr Schulung und Zertifizierung von Personal zur Montage von Schraubverbindungen. Immer h\u00e4ufiger wird verlangt, dass die Monteure von Flansch- und Rohrschraubenverbindungen in der Erd\u00f6l-, Chemie-, Pharma- und Prozessindustrie bzw. im Gasversorgungssektor entsprechend geschult und zertifiziert werden.<\/p><p>Wir bieten eine Reihe von ein- bzw. zweit\u00e4gigen Seminaren, die sich auf die Bereiche Werkstoffe, Prozesse, Technologie und Qualit\u00e4t beziehen. H\u00e4ufig passen wir uns besonderen W\u00fcnschen der Unternehmen an und bereiten angepasste Inhalte f\u00fcr den Endauftraggeber vor. In diesem Fall findet die Umsetzung beim Auftraggeber statt.<\/p><p>Wir freuen uns, dass Sie gern an unseren Programmen teilnehmen und uns somit Ihre Zufriedenheit mit der Qualit\u00e4t best\u00e4tigten.\u00a0 Wir werden uns noch weiter bem\u00fchen, nicht nur auf diesem Niveau zu bleiben, sondern es noch zu verbessern.<\/p>\t\t\t\t\t<\/div>\n\t\t\t\t\t\t<\/div>\n\t\t\t\t<\/div>\n\t\t\t\t\t\t<\/div>\n\t\t\t\t\t<\/div>\n\t\t<\/div>\n\t\t\t\t<div class=\"elementor-column elementor-col-33 elementor-top-column elementor-element elementor-element-539b082\" data-id=\"539b082\" data-element_type=\"column\" data-settings=\"{&quot;background_background&quot;:&quot;classic&quot;}\">\n\t\t\t<div class=\"elementor-column-wrap elementor-element-populated\">\n\t\t\t\t\t\t\t<div class=\"elementor-widget-wrap\">\n\t\t\t\t\t\t<div class=\"elementor-element elementor-element-6e14e393 elementor-author-box--layout-image-above block1 ha-css-transform-yes elementor-widget elementor-widget-author-box\" data-id=\"6e14e393\" data-element_type=\"widget\" data-widget_type=\"author-box.default\">\n\t\t\t\t<div class=\"elementor-widget-container\">\n\t\t\t\t\t<div class=\"elementor-author-box\">\n\t\t\t\t\t\t\t<div  class=\"elementor-author-box__avatar\">\n\t\t\t\t\t<img decoding=\"async\" src=\"https:\/\/www.qtechna.si\/de\/wp-content\/uploads\/sites\/14\/2021\/01\/Domen-Ribic-300x281.png\" alt=\"Domen Ribi\u010d\">\n\t\t\t\t<\/div>\n\t\t\t\n\t\t\t<div class=\"elementor-author-box__text\">\n\t\t\t\t\t\t\t\t\t<div >\n\t\t\t\t\t\t<h4 class=\"elementor-author-box__name\">\n\t\t\t\t\t\t\tDomen Ribi\u010d\t\t\t\t\t\t<\/h4>\n\t\t\t\t\t<\/div>\n\t\t\t\t\n\t\t\t\t\t\t\t\t\t<div class=\"elementor-author-box__bio\">\n\t\t\t\t\t\t<p>Leiter des Schulungszentrums<\/p>\n<p>+386 7 49 12 509<br \/>\n+386 40 609 436<br \/>\nFaks: +386 1 42 04  383<\/p>\n<p><a href=\"mailto:domen.ribic@qtechna.si\">domen.ribic@qtechna.si<\/a><br \/>\n<a href=\"mailto:izobrazevanje@qtechna.si\">izobrazevanje@qtechna.si<\/a><\/p>\n\t\t\t\t\t<\/div>\n\t\t\t\t\n\t\t\t\t\t\t\t<\/div>\n\t\t<\/div>\n\t\t\t\t<\/div>\n\t\t\t\t<\/div>\n\t\t\t\t\t\t<\/div>\n\t\t\t\t\t<\/div>\n\t\t<\/div>\n\t\t\t\t\t\t\t\t<\/div>\n\t\t\t\t\t<\/div>\n\t\t<\/section>\n\t\t\t\t\t\t<\/div>\n\t\t\t\t\t\t<\/div>\n\t\t\t\t\t<\/div>\n\t\t","protected":false},"excerpt":{"rendered":"<p>Ausbildungs Zentrum Schulung von Personal Zertifizierung von Personal Qualifizierung zur Montage von Flansch- und Schraubverbindungen Das Schulungszentrum von Q Techna \u00fcbt seine T\u00e4tigkeit schon seit zwei vollen Jahrzehnten aus. Das [&hellip;]<\/p>\n","protected":false},"author":1,"featured_media":0,"parent":0,"menu_order":0,"comment_status":"closed","ping_status":"closed","template":"","meta":{"footnotes":""},"class_list":["post-2795","page","type-page","status-publish","hentry","wpbf-post"],"_links":{"self":[{"href":"https:\/\/www.qtechna.si\/de\/wp-json\/wp\/v2\/pages\/2795","targetHints":{"allow":["GET"]}}],"collection":[{"href":"https:\/\/www.qtechna.si\/de\/wp-json\/wp\/v2\/pages"}],"about":[{"href":"https:\/\/www.qtechna.si\/de\/wp-json\/wp\/v2\/types\/page"}],"author":[{"embeddable":true,"href":"https:\/\/www.qtechna.si\/de\/wp-json\/wp\/v2\/users\/1"}],"replies":[{"embeddable":true,"href":"https:\/\/www.qtechna.si\/de\/wp-json\/wp\/v2\/comments?post=2795"}],"version-history":[{"count":150,"href":"https:\/\/www.qtechna.si\/de\/wp-json\/wp\/v2\/pages\/2795\/revisions"}],"predecessor-version":[{"id":15662,"href":"https:\/\/www.qtechna.si\/de\/wp-json\/wp\/v2\/pages\/2795\/revisions\/15662"}],"wp:attachment":[{"href":"https:\/\/www.qtechna.si\/de\/wp-json\/wp\/v2\/media?parent=2795"}],"curies":[{"name":"wp","href":"https:\/\/api.w.org\/{rel}","templated":true}]}}