{"id":186,"date":"2020-11-26T17:50:10","date_gmt":"2020-11-26T17:50:10","guid":{"rendered":"https:\/\/qtechna.si\/de\/?page_id=186"},"modified":"2021-06-25T15:11:38","modified_gmt":"2021-06-25T15:11:38","slug":"qualitatskontrolle","status":"publish","type":"page","link":"https:\/\/www.qtechna.si\/de\/qualitatskontrolle\/","title":{"rendered":"Qualit\u00e4tskontrolle"},"content":{"rendered":"\t\t<div data-elementor-type=\"wp-page\" data-elementor-id=\"186\" class=\"elementor elementor-186\" data-elementor-settings=\"[]\">\n\t\t\t\t\t\t<div class=\"elementor-inner\">\n\t\t\t\t\t\t\t<div class=\"elementor-section-wrap\">\n\t\t\t\t\t\t\t<section data-particle_enable=\"false\" data-particle-mobile-disabled=\"false\" class=\"elementor-section elementor-top-section elementor-element elementor-element-31e18096 elementor-section-stretched elementor-section-boxed elementor-section-height-default elementor-section-height-default\" data-id=\"31e18096\" data-element_type=\"section\" data-settings=\"{&quot;stretch_section&quot;:&quot;section-stretched&quot;,&quot;background_background&quot;:&quot;classic&quot;,&quot;_ha_eqh_enable&quot;:false}\">\n\t\t\t\t\t\t\t<div class=\"elementor-background-overlay\"><\/div>\n\t\t\t\t\t\t\t<div class=\"elementor-container elementor-column-gap-default\">\n\t\t\t\t\t\t\t<div class=\"elementor-row\">\n\t\t\t\t\t<div class=\"elementor-column elementor-col-100 elementor-top-column elementor-element elementor-element-72b70592\" data-id=\"72b70592\" data-element_type=\"column\" data-settings=\"{&quot;background_background&quot;:&quot;classic&quot;}\">\n\t\t\t<div class=\"elementor-column-wrap elementor-element-populated\">\n\t\t\t\t\t\t\t<div class=\"elementor-widget-wrap\">\n\t\t\t\t\t\t<div class=\"elementor-element elementor-element-3e6bc89a elementor-widget elementor-widget-heading\" data-id=\"3e6bc89a\" data-element_type=\"widget\" data-widget_type=\"heading.default\">\n\t\t\t\t<div class=\"elementor-widget-container\">\n\t\t\t<h1 class=\"elementor-heading-title elementor-size-default\">Qualit\u00e4tskontrolle<\/h1>\t\t<\/div>\n\t\t\t\t<\/div>\n\t\t\t\t\t\t<\/div>\n\t\t\t\t\t<\/div>\n\t\t<\/div>\n\t\t\t\t\t\t\t\t<\/div>\n\t\t\t\t\t<\/div>\n\t\t<\/section>\n\t\t\t\t<section data-particle_enable=\"false\" data-particle-mobile-disabled=\"false\" class=\"elementor-section elementor-top-section elementor-element elementor-element-ba058f8 elementor-section-content-top elementor-section-boxed elementor-section-height-default elementor-section-height-default\" data-id=\"ba058f8\" data-element_type=\"section\" data-settings=\"{&quot;_ha_eqh_enable&quot;:false}\">\n\t\t\t\t\t\t<div class=\"elementor-container elementor-column-gap-default\">\n\t\t\t\t\t\t\t<div class=\"elementor-row\">\n\t\t\t\t\t<div class=\"elementor-column elementor-col-100 elementor-top-column elementor-element elementor-element-229eab39\" data-id=\"229eab39\" data-element_type=\"column\" data-settings=\"{&quot;background_background&quot;:&quot;classic&quot;}\">\n\t\t\t<div class=\"elementor-column-wrap elementor-element-populated\">\n\t\t\t\t\t\t\t<div class=\"elementor-widget-wrap\">\n\t\t\t\t\t\t<div class=\"elementor-element elementor-element-651db63 elementor-widget elementor-widget-eael-advanced-menu\" data-id=\"651db63\" data-element_type=\"widget\" data-widget_type=\"eael-advanced-menu.skin-seven\">\n\t\t\t\t<div class=\"elementor-widget-container\">\n\t\t\t<div class=\"eael-advanced-menu-container eael-advanced-menu-align-left eael-advanced-menu-dropdown-align-left\" data-indicator-class=\"fas fa-angle-down fa-solid\" data-dropdown-indicator-class=\"fas fa-angle-down fa-solid\"><ul id=\"menu-ndt\" class=\"eael-advanced-menu eael-advanced-menu-dropdown-animate-to-top eael-advanced-menu-indicator eael-advanced-menu-vertical\"><li id=\"menu-item-11961\" class=\"menu-item menu-item-type-post_type menu-item-object-page menu-item-11961\"><a href=\"https:\/\/www.qtechna.si\/de\/prufungen-und-inspektionen\/\">Zerst\u00f6rungsfreie Pr\u00fcfungen<\/a><\/li>\n<\/ul><\/div>\t\t<\/div>\n\t\t\t\t<\/div>\n\t\t\t\t<div class=\"elementor-element elementor-element-74297acf elementor-widget elementor-widget-eael-adv-tabs\" data-id=\"74297acf\" data-element_type=\"widget\" data-widget_type=\"eael-adv-tabs.default\">\n\t\t\t\t<div class=\"elementor-widget-container\">\n\t\t\t        <div id=\"eael-advance-tabs-74297acf\" class=\"eael-advance-tabs eael-tabs-vertical eael-tab-auto-active active-caret-on\" data-tabid=\"74297acf\">\n            <div class=\"eael-tabs-nav\">\n                <ul class=\"eael-tab-inline-icon\">\n                                            <li id=\"qualittskontrolle\" class=\"inactive eael-tab-item-trigger\" aria-selected=\"true\" data-tab=\"1\" role=\"tab\" tabindex=\"0\" aria-controls=\"qualittskontrolle-tab\" aria-expanded=\"false\">\n                            \n                                                        \n                                                            <span class=\"eael-tab-title  title-after-icon\">Qualit\u00e4tskontrolle<\/span>                            \n                                                    <\/li>\n                                            <li id=\"schweiarbeiten\" class=\"inactive eael-tab-item-trigger\" aria-selected=\"false\" data-tab=\"2\" role=\"tab\" tabindex=\"-1\" aria-controls=\"schweiarbeiten-tab\" aria-expanded=\"false\">\n                            \n                                                        \n                                                            <span class=\"eael-tab-title  title-after-icon\">Schwei\u00dfarbeiten<\/span>                            \n                                                    <\/li>\n                                            <li id=\"qc\" class=\"inactive eael-tab-item-trigger\" aria-selected=\"false\" data-tab=\"3\" role=\"tab\" tabindex=\"-1\" aria-controls=\"qc-tab\" aria-expanded=\"false\">\n                            \n                                                                                                                            \n                                                            <span class=\"eael-tab-title  title-after-icon\">QC<\/span>                            \n                                                    <\/li>\n                                            <li id=\"qa\" class=\"inactive eael-tab-item-trigger\" aria-selected=\"false\" data-tab=\"4\" role=\"tab\" tabindex=\"-1\" aria-controls=\"qa-tab\" aria-expanded=\"false\">\n                            \n                                                                                                                            \n                                                            <span class=\"eael-tab-title  title-after-icon\">QA<\/span>                            \n                                                    <\/li>\n                                            <li id=\"kontakt\" class=\"inactive eael-tab-item-trigger\" aria-selected=\"false\" data-tab=\"5\" role=\"tab\" tabindex=\"-1\" aria-controls=\"kontakt-tab\" aria-expanded=\"false\">\n                            \n                                                                                                                            \n                                                            <span class=\"eael-tab-title  title-after-icon\">Kontakt<\/span>                            \n                                                    <\/li>\n                                    <\/ul>\n            <\/div>\n            \n            <div class=\"eael-tabs-content\">\n\t\t        \n                    <div id=\"qualittskontrolle-tab\" class=\"clearfix eael-tab-content-item inactive\" data-title-link=\"qualittskontrolle-tab\">\n\t\t\t\t        \t\t\t\t\t        \t\t<div data-elementor-type=\"page\" data-elementor-id=\"8272\" class=\"elementor elementor-8272\" data-elementor-settings=\"[]\">\n\t\t\t\t\t\t<div class=\"elementor-inner\">\n\t\t\t\t\t\t\t<div class=\"elementor-section-wrap\">\n\t\t\t\t\t\t\t<section data-particle_enable=\"false\" data-particle-mobile-disabled=\"false\" class=\"elementor-section elementor-top-section elementor-element elementor-element-65805fdd elementor-section-boxed elementor-section-height-default elementor-section-height-default\" data-id=\"65805fdd\" data-element_type=\"section\" data-settings=\"{&quot;_ha_eqh_enable&quot;:false}\">\n\t\t\t\t\t\t<div class=\"elementor-container elementor-column-gap-default\">\n\t\t\t\t\t\t\t<div class=\"elementor-row\">\n\t\t\t\t\t<div class=\"elementor-column elementor-col-50 elementor-top-column elementor-element elementor-element-64577a4c\" data-id=\"64577a4c\" data-element_type=\"column\">\n\t\t\t<div class=\"elementor-column-wrap elementor-element-populated\">\n\t\t\t\t\t\t\t<div class=\"elementor-widget-wrap\">\n\t\t\t\t\t\t<div class=\"elementor-element elementor-element-1b076d68 elementor-widget elementor-widget-text-editor\" data-id=\"1b076d68\" data-element_type=\"widget\" data-widget_type=\"text-editor.default\">\n\t\t\t\t<div class=\"elementor-widget-container\">\n\t\t\t\t\t\t\t\t<div class=\"elementor-text-editor elementor-clearfix\">\n\t\t\t\t<p>Wir bieten die Aktivit\u00e4ten zur Qualit\u00e4tssicherung an, wobei Ihnen entsprechend geschulte und zertifizierte Fachleute mit langj\u00e4hriger Erfahrung zur Verf\u00fcgung stehen. Die Aktivit\u00e4ten zur Qualit\u00e4tssicherung f\u00fchren wir w\u00e4hrend der Produktions-, Installations- und Wartungsarbeiten bzw. bei den Umsetzungsvorhaben durch, was vor allem bei unterschiedlichen Industrieanlagen und Kraftwerken zum Ausdruck kommt.<\/p><p style=\"margin-bottom: 0;\"><strong>Hauptt\u00e4tigkeitsbereiche:<\/strong><\/p><ul><li>Nukleare und konventionelle Energiewirtschaft<\/li><li>Pharmazie<\/li><li>Chemische, Lebensmittel- und andere Prozessindustrien<\/li><li>Stahltragwerke<\/li><\/ul><div class=\"p-rich_text_section\">Die Qualit\u00e4tskontrolle ist nicht f\u00fcr die Produktqualit\u00e4t verantwortlich, sondern ermittelt die Konformit\u00e4t der Produktqualit\u00e4t mit vorgeschriebenen Kriterien.<br \/><strong>Jeder Einzelne ist f\u00fcr die Qualit\u00e4t seiner Arbeit verantwortlich!<\/strong><\/div>\t\t\t\t\t<\/div>\n\t\t\t\t\t\t<\/div>\n\t\t\t\t<\/div>\n\t\t\t\t\t\t<\/div>\n\t\t\t\t\t<\/div>\n\t\t<\/div>\n\t\t\t\t<div class=\"elementor-column elementor-col-50 elementor-top-column elementor-element elementor-element-557866d1\" data-id=\"557866d1\" data-element_type=\"column\">\n\t\t\t<div class=\"elementor-column-wrap elementor-element-populated\">\n\t\t\t\t\t\t\t<div class=\"elementor-widget-wrap\">\n\t\t\t\t\t\t<div class=\"elementor-element elementor-element-51b0d382 elementor-author-box--layout-image-above ha-css-transform-yes block1 elementor-widget elementor-widget-author-box\" data-id=\"51b0d382\" data-element_type=\"widget\" data-widget_type=\"author-box.default\">\n\t\t\t\t<div class=\"elementor-widget-container\">\n\t\t\t\t\t<div class=\"elementor-author-box\">\n\t\t\t\t\t\t\t<div  class=\"elementor-author-box__avatar\">\n\t\t\t\t\t<img decoding=\"async\" src=\"https:\/\/www.qtechna.si\/de\/wp-content\/uploads\/sites\/14\/2021\/03\/Iztok-Palcic-300x300.jpg\" alt=\"Iztok Pal\u010di\u010d\">\n\t\t\t\t<\/div>\n\t\t\t\n\t\t\t<div class=\"elementor-author-box__text\">\n\t\t\t\t\t\t\t\t\t<div >\n\t\t\t\t\t\t<h4 class=\"elementor-author-box__name\">\n\t\t\t\t\t\t\tIztok Pal\u010di\u010d\t\t\t\t\t\t<\/h4>\n\t\t\t\t\t<\/div>\n\t\t\t\t\n\t\t\t\t\t\t\t\t\t<div class=\"elementor-author-box__bio\">\n\t\t\t\t\t\t<p>Abteilungsleiter<\/p>\n<p>+386 7 49 12 428<br \/>\n+386 40 454 626<br \/>\n<a href=\"mailto:iztok.palcic@qtechna.si\">iztok.palcic@qtechna.si<\/a><br \/>\n<a href=\"mailto:ndt@qtechna.si\">ndt@qtechna.si<\/a><\/p>\n\t\t\t\t\t<\/div>\n\t\t\t\t\n\t\t\t\t\t\t\t<\/div>\n\t\t<\/div>\n\t\t\t\t<\/div>\n\t\t\t\t<\/div>\n\t\t\t\t<div class=\"elementor-element elementor-element-69fba50 elementor-author-box--layout-image-above ha-css-transform-yes block1 elementor-widget elementor-widget-author-box\" data-id=\"69fba50\" data-element_type=\"widget\" data-widget_type=\"author-box.default\">\n\t\t\t\t<div class=\"elementor-widget-container\">\n\t\t\t\t\t<div class=\"elementor-author-box\">\n\t\t\t\t\t\t\t<div  class=\"elementor-author-box__avatar\">\n\t\t\t\t\t<img decoding=\"async\" src=\"https:\/\/www.qtechna.si\/de\/wp-content\/uploads\/sites\/14\/2021\/03\/Marko-Andrejas-300x287.jpg\" alt=\"Marko Andreja\u0161\">\n\t\t\t\t<\/div>\n\t\t\t\n\t\t\t<div class=\"elementor-author-box__text\">\n\t\t\t\t\t\t\t\t\t<div >\n\t\t\t\t\t\t<h4 class=\"elementor-author-box__name\">\n\t\t\t\t\t\t\tMarko Andreja\u0161\t\t\t\t\t\t<\/h4>\n\t\t\t\t\t<\/div>\n\t\t\t\t\n\t\t\t\t\t\t\t\t\t<div class=\"elementor-author-box__bio\">\n\t\t\t\t\t\t<p>Technischer Leiter, Dienstleistungen in der Nuklear-, Pharma- und Prozessindustrie  <\/p>\n<p>+386 7 49 12 479<br \/>\n+386 31 559 251<br \/>\n<a href=\"mailto:marko.andrejas@qtechna.si\">marko.andrejas@qtechna.si <\/a><\/p>\n\t\t\t\t\t<\/div>\n\t\t\t\t\n\t\t\t\t\t\t\t<\/div>\n\t\t<\/div>\n\t\t\t\t<\/div>\n\t\t\t\t<\/div>\n\t\t\t\t<div class=\"elementor-element elementor-element-eded3fd elementor-author-box--layout-image-above ha-css-transform-yes block1 elementor-widget elementor-widget-author-box\" data-id=\"eded3fd\" data-element_type=\"widget\" data-widget_type=\"author-box.default\">\n\t\t\t\t<div class=\"elementor-widget-container\">\n\t\t\t\t\t<div class=\"elementor-author-box\">\n\t\t\t\t\t\t\t<div  class=\"elementor-author-box__avatar\">\n\t\t\t\t\t<img decoding=\"async\" src=\"https:\/\/www.qtechna.si\/de\/wp-content\/uploads\/sites\/14\/2021\/03\/Klemen-Hlebec-300x297.jpg\" alt=\"Klemen Hlebec\">\n\t\t\t\t<\/div>\n\t\t\t\n\t\t\t<div class=\"elementor-author-box__text\">\n\t\t\t\t\t\t\t\t\t<div >\n\t\t\t\t\t\t<h4 class=\"elementor-author-box__name\">\n\t\t\t\t\t\t\tKlemen Hlebec\t\t\t\t\t\t<\/h4>\n\t\t\t\t\t<\/div>\n\t\t\t\t\n\t\t\t\t\t\t\t\t\t<div class=\"elementor-author-box__bio\">\n\t\t\t\t\t\t<p>Technischer Leiter, Konventionelle Energie- und Gie\u00dfdienstleistungen  <\/p>\n<p>+386 7 49 12 409<br \/>\n+386 40 726 825<br \/>\n<a href=\"mailto:klemen.hlebec@qtechna.si \">klemen.hlebec@qtechna.si<\/a><\/p>\n\t\t\t\t\t<\/div>\n\t\t\t\t\n\t\t\t\t\t\t\t<\/div>\n\t\t<\/div>\n\t\t\t\t<\/div>\n\t\t\t\t<\/div>\n\t\t\t\t\t\t<\/div>\n\t\t\t\t\t<\/div>\n\t\t<\/div>\n\t\t\t\t\t\t\t\t<\/div>\n\t\t\t\t\t<\/div>\n\t\t<\/section>\n\t\t\t\t\t\t<\/div>\n\t\t\t\t\t\t<\/div>\n\t\t\t\t\t<\/div>\n\t\t\t\t\t\t                            <\/div>\n\t\t        \n                    <div id=\"schweiarbeiten-tab\" class=\"clearfix eael-tab-content-item inactive\" data-title-link=\"schweiarbeiten-tab\">\n\t\t\t\t        \t\t\t\t\t        <h1>Schwei\u00dfarbeiten<\/h1><p style=\"text-align: justify;\">Es gibt fast kein Erzeugnis, das nicht auf die eine oder andere Weise mit dem Schwei\u00dfen verbunden w\u00e4re. Damit werden in erster Linie Metalle und ein breites Spektrum von Kunststoffen verbunden. Als Technologie z\u00e4hlt sie zu sog. speziellen Prozessen, wo wir ohne zerst\u00f6rende Pr\u00fcfungen alle Eigenschaften der Schwei\u00dfverbindungen nicht exakt voraussagen k\u00f6nnen. Weil die zu verwendenden Erzeugnisse nicht auf diese Weise \u00fcberpr\u00fcft werden k\u00f6nnen, ist die Gew\u00e4hrleistung aller notwendigen Voraussetzungen f\u00fcr hochwertige Arbeit und ihre sp\u00e4tere Durchf\u00fchrung im Einklang mit der bew\u00e4hrten Technologie von ma\u00dfgeblicher Bedeutung.<\/p><p style=\"text-align: justify;\">Das hei\u00dft, dass gro\u00dfer Wert auf Qualit\u00e4tssicherung gelegt wird. Bei den Gro\u00dfprojekten im Bereich der Energie, Infrastruktur, Gasleitungen, Tragwerke, Pharmazie, Chemie und anderer anspruchsvollen Technologien wird das Schwei\u00dfen in der Regel vom Investor aufmerksam \u00fcberwacht. Auf diese Weise hat er Einblick in alle Phasen des Prozesses; viele sind solche, die durch die Abwesenheit in der Ausf\u00fchrungsphase sp\u00e4ter nicht mehr \u00fcberpr\u00fcft werden k\u00f6nnen. Bei der Durchf\u00fchrung von Schwei\u00dfaufsicht werden anfangs technische Schwei\u00dfdokumentation-WPS, Schwei\u00dfpl\u00e4ne, alle Zertifikate\/Bescheinigungen \u00fcberpr\u00fcft, danach wird die Pr\u00fcfung vor, w\u00e4hrend und nach dem Schwei\u00dfen vorgenommen.<\/p><p style=\"text-align: justify;\">Am Ende wird in der Regel gro\u00dfer Wert auf qualitativ hochwertige Durchf\u00fchrung der Pr\u00fcfungen gelegt, wobei die zerst\u00f6rungsfreien Pr\u00fcfungen eine bedeutende Rolle spielen. Auf diese Weise, d.h. mit dem \u00dcberwachen von Schwei\u00dfarbeiten, k\u00f6nnen die Qualit\u00e4tsprobleme gr\u00f6\u00dftenteils und damit Schwierigkeiten in der Anlauf- oder Betriebsphase vermieden werden.<\/p>\t\t\t\t                            <\/div>\n\t\t        \n                    <div id=\"qc-tab\" class=\"clearfix eael-tab-content-item inactive\" data-title-link=\"qc-tab\">\n\t\t\t\t        \t\t\t\t\t        <h1>QC<\/h1>\n<p style=\"text-align: justify;\">Bei anspruchsvolleren Projekten ist die st\u00e4ndige Anwesenheit eines Pr\u00fcfers erw\u00fcnscht, denn nur auf diese Weise kann sichergestellt werden, dass alle Arbeiten nach Anforderungen durchgef\u00fchrt werden. Die Aufgaben des Qualit\u00e4tskontrolleurs (QC) sind unabh\u00e4ngige \u00dcberpr\u00fcfung auf Konformit\u00e4t von physikalischen Eigenschaften und Werkstoffparametern, Komponenten oder Systemen mit vorgeschriebenen Anforderungen an die Zulassungskriterien, bei der Durchf\u00fchrung einer T\u00e4tigkeit, die w\u00e4hrend des Betriebs nicht \u00fcberpr\u00fcft werden kann und indirekte Auswirkungen auf die nukleare Sicherheit und die Betriebssicherheit hat.<\/p>\t\t\t\t                            <\/div>\n\t\t        \n                    <div id=\"qa-tab\" class=\"clearfix eael-tab-content-item inactive\" data-title-link=\"qa-tab\">\n\t\t\t\t        \t\t\t\t\t        <h1>QA<\/h1>\n<p style=\"text-align: justify;\">Das Programm Quality Assurance (QA) vereint alle erforderlichen geplanten und systematischen Ma\u00dfnahmen f\u00fcr die Sicherstellung eines sicheren und qualitativ hochwertigen Betriebs.<\/p>\t\t\t\t                            <\/div>\n\t\t        \n                    <div id=\"kontakt-tab\" class=\"clearfix eael-tab-content-item inactive\" data-title-link=\"kontakt-tab\">\n\t\t\t\t        \t\t\t\t\t        <h1>Kontakt<\/h1><p><div class=\"wpforms-container wpforms-container-full\" id=\"wpforms-7292\"><form id=\"wpforms-form-7292\" class=\"wpforms-validate wpforms-form\" data-formid=\"7292\" method=\"post\" enctype=\"multipart\/form-data\" action=\"\/de\/wp-json\/wp\/v2\/pages\/186\" data-token=\"441a3113273ef6a1083e0cff93fdaa16\" data-token-time=\"1777483393\"><noscript class=\"wpforms-error-noscript\">Please enable JavaScript in your browser to complete this form.<\/noscript><div class=\"wpforms-field-container\"><div id=\"wpforms-7292-field_19-container\" class=\"wpforms-field wpforms-field-text\" data-field-id=\"19\"><label class=\"wpforms-field-label\" for=\"wpforms-7292-field_19\">Ihr Name: <span class=\"wpforms-required-label\">*<\/span><\/label><input type=\"text\" id=\"wpforms-7292-field_19\" class=\"wpforms-field-medium wpforms-field-required\" name=\"wpforms[fields][19]\" required><\/div><div id=\"wpforms-7292-field_21-container\" class=\"wpforms-field wpforms-field-text\" data-field-id=\"21\"><label class=\"wpforms-field-label\" for=\"wpforms-7292-field_21\">Betreff: <span class=\"wpforms-required-label\">*<\/span><\/label><input type=\"text\" id=\"wpforms-7292-field_21\" class=\"wpforms-field-medium wpforms-field-required\" name=\"wpforms[fields][21]\" required><\/div><div id=\"wpforms-7292-field_20-container\" class=\"wpforms-field wpforms-field-text\" data-field-id=\"20\"><label class=\"wpforms-field-label\" for=\"wpforms-7292-field_20\">Ihre E-Mail Adresse: <span class=\"wpforms-required-label\">*<\/span><\/label><input type=\"text\" id=\"wpforms-7292-field_20\" class=\"wpforms-field-medium wpforms-field-required\" name=\"wpforms[fields][20]\" required><\/div><div id=\"wpforms-7292-field_24-container\" class=\"wpforms-field wpforms-field-textarea\" data-field-id=\"24\"><label class=\"wpforms-field-label\" for=\"wpforms-7292-field_24\">Ihre Nachricht: <span class=\"wpforms-required-label\">*<\/span><\/label><textarea id=\"wpforms-7292-field_24\" class=\"wpforms-field-medium wpforms-field-required\" name=\"wpforms[fields][24]\" required><\/textarea><\/div><\/div><!-- .wpforms-field-container --><div class=\"wpforms-submit-container\" ><input type=\"hidden\" name=\"wpforms[id]\" value=\"7292\"><input type=\"hidden\" name=\"page_title\" value=\"\"><input type=\"hidden\" name=\"page_url\" value=\"https:\/\/www.qtechna.si\/de\/wp-json\/wp\/v2\/pages\/186\"><input type=\"hidden\" name=\"url_referer\" value=\"\"><button type=\"submit\" name=\"wpforms[submit]\" id=\"wpforms-submit-7292\" class=\"wpforms-submit\" data-alt-text=\"Senden...\" data-submit-text=\"E-mail Senden\" aria-live=\"assertive\" value=\"wpforms-submit\">E-mail Senden<\/button><\/div><\/form><\/div>  <!-- .wpforms-container --><\/p>\t\t\t\t                            <\/div>\n\t\t                    <\/div>\n        <\/div>\n\t\t<\/div>\n\t\t\t\t<\/div>\n\t\t\t\t\t\t<\/div>\n\t\t\t\t\t<\/div>\n\t\t<\/div>\n\t\t\t\t\t\t\t\t<\/div>\n\t\t\t\t\t<\/div>\n\t\t<\/section>\n\t\t\t\t<section data-particle_enable=\"false\" data-particle-mobile-disabled=\"false\" class=\"elementor-section elementor-top-section elementor-element elementor-element-388008c elementor-section-boxed elementor-section-height-default elementor-section-height-default\" data-id=\"388008c\" data-element_type=\"section\" data-settings=\"{&quot;_ha_eqh_enable&quot;:false}\">\n\t\t\t\t\t\t<div class=\"elementor-container elementor-column-gap-default\">\n\t\t\t\t\t\t\t<div class=\"elementor-row\">\n\t\t\t\t\t<div class=\"elementor-column elementor-col-100 elementor-top-column elementor-element elementor-element-3556ea1\" data-id=\"3556ea1\" data-element_type=\"column\">\n\t\t\t<div class=\"elementor-column-wrap elementor-element-populated\">\n\t\t\t\t\t\t\t<div class=\"elementor-widget-wrap\">\n\t\t\t\t\t\t<div class=\"elementor-element elementor-element-14d33fa elementor-align-right elementor-fixed elementor-widget elementor-widget-button\" data-id=\"14d33fa\" data-element_type=\"widget\" data-settings=\"{&quot;motion_fx_motion_fx_scrolling&quot;:&quot;yes&quot;,&quot;motion_fx_opacity_effect&quot;:&quot;yes&quot;,&quot;motion_fx_opacity_range&quot;:{&quot;unit&quot;:&quot;%&quot;,&quot;size&quot;:&quot;&quot;,&quot;sizes&quot;:{&quot;start&quot;:18,&quot;end&quot;:51}},&quot;motion_fx_range&quot;:&quot;viewport&quot;,&quot;sticky&quot;:&quot;top&quot;,&quot;_position&quot;:&quot;fixed&quot;,&quot;motion_fx_opacity_direction&quot;:&quot;out-in&quot;,&quot;motion_fx_opacity_level&quot;:{&quot;unit&quot;:&quot;px&quot;,&quot;size&quot;:10,&quot;sizes&quot;:[]},&quot;motion_fx_devices&quot;:[&quot;desktop&quot;,&quot;tablet&quot;,&quot;mobile&quot;],&quot;sticky_on&quot;:[&quot;desktop&quot;,&quot;tablet&quot;,&quot;mobile&quot;],&quot;sticky_offset&quot;:0,&quot;sticky_effects_offset&quot;:0}\" data-widget_type=\"button.default\">\n\t\t\t\t<div class=\"elementor-widget-container\">\n\t\t\t\t\t<div class=\"elementor-button-wrapper\">\n\t\t\t<a href=\"#top\" class=\"elementor-button-link elementor-button elementor-size-sm\" role=\"button\">\n\t\t\t\t\t\t<span class=\"elementor-button-content-wrapper\">\n\t\t\t\t\t\t<span class=\"elementor-button-icon elementor-align-icon-left\">\n\t\t\t\t<i aria-hidden=\"true\" class=\"fas fa-arrow-up\"><\/i>\t\t\t<\/span>\n\t\t\t\t\t\t<span class=\"elementor-button-text\"><\/span>\n\t\t<\/span>\n\t\t\t\t\t<\/a>\n\t\t<\/div>\n\t\t\t\t<\/div>\n\t\t\t\t<\/div>\n\t\t\t\t\t\t<\/div>\n\t\t\t\t\t<\/div>\n\t\t<\/div>\n\t\t\t\t\t\t\t\t<\/div>\n\t\t\t\t\t<\/div>\n\t\t<\/section>\n\t\t\t\t\t\t<\/div>\n\t\t\t\t\t\t<\/div>\n\t\t\t\t\t<\/div>\n\t\t","protected":false},"excerpt":{"rendered":"<p>Qualit\u00e4tskontrolle Zerst\u00f6rungsfreie Pr\u00fcfungen Qualit\u00e4tskontrolle Schwei\u00dfarbeiten QC QA Kontakt Wir bieten die Aktivit\u00e4ten zur Qualit\u00e4tssicherung an, wobei Ihnen entsprechend geschulte und zertifizierte Fachleute mit langj\u00e4hriger Erfahrung zur Verf\u00fcgung stehen. Die Aktivit\u00e4ten [&hellip;]<\/p>\n","protected":false},"author":1,"featured_media":0,"parent":0,"menu_order":0,"comment_status":"closed","ping_status":"closed","template":"","meta":{"footnotes":""},"class_list":["post-186","page","type-page","status-publish","hentry","wpbf-post"],"_links":{"self":[{"href":"https:\/\/www.qtechna.si\/de\/wp-json\/wp\/v2\/pages\/186","targetHints":{"allow":["GET"]}}],"collection":[{"href":"https:\/\/www.qtechna.si\/de\/wp-json\/wp\/v2\/pages"}],"about":[{"href":"https:\/\/www.qtechna.si\/de\/wp-json\/wp\/v2\/types\/page"}],"author":[{"embeddable":true,"href":"https:\/\/www.qtechna.si\/de\/wp-json\/wp\/v2\/users\/1"}],"replies":[{"embeddable":true,"href":"https:\/\/www.qtechna.si\/de\/wp-json\/wp\/v2\/comments?post=186"}],"version-history":[{"count":194,"href":"https:\/\/www.qtechna.si\/de\/wp-json\/wp\/v2\/pages\/186\/revisions"}],"predecessor-version":[{"id":15090,"href":"https:\/\/www.qtechna.si\/de\/wp-json\/wp\/v2\/pages\/186\/revisions\/15090"}],"wp:attachment":[{"href":"https:\/\/www.qtechna.si\/de\/wp-json\/wp\/v2\/media?parent=186"}],"curies":[{"name":"wp","href":"https:\/\/api.w.org\/{rel}","templated":true}]}}