{"id":183,"date":"2020-11-26T17:36:35","date_gmt":"2020-11-26T17:36:35","guid":{"rendered":"https:\/\/qtechna.si\/de\/?page_id=183"},"modified":"2021-06-25T15:07:31","modified_gmt":"2021-06-25T15:07:31","slug":"beratung-inspektionen-und-ubernahmen","status":"publish","type":"page","link":"https:\/\/www.qtechna.si\/de\/beratung-inspektionen-und-ubernahmen\/","title":{"rendered":"Beratung, Inspektionen und \u00fcbernahmen"},"content":{"rendered":"\t\t<div data-elementor-type=\"wp-page\" data-elementor-id=\"183\" class=\"elementor elementor-183\" data-elementor-settings=\"[]\">\n\t\t\t\t\t\t<div class=\"elementor-inner\">\n\t\t\t\t\t\t\t<div class=\"elementor-section-wrap\">\n\t\t\t\t\t\t\t<section data-particle_enable=\"false\" data-particle-mobile-disabled=\"false\" class=\"elementor-section elementor-top-section elementor-element elementor-element-72740de1 elementor-section-stretched elementor-section-boxed elementor-section-height-default elementor-section-height-default\" data-id=\"72740de1\" data-element_type=\"section\" data-settings=\"{&quot;stretch_section&quot;:&quot;section-stretched&quot;,&quot;background_background&quot;:&quot;classic&quot;,&quot;_ha_eqh_enable&quot;:false}\">\n\t\t\t\t\t\t\t<div class=\"elementor-background-overlay\"><\/div>\n\t\t\t\t\t\t\t<div class=\"elementor-container elementor-column-gap-default\">\n\t\t\t\t\t\t\t<div class=\"elementor-row\">\n\t\t\t\t\t<div class=\"elementor-column elementor-col-100 elementor-top-column elementor-element elementor-element-55fd62ca\" data-id=\"55fd62ca\" data-element_type=\"column\" data-settings=\"{&quot;background_background&quot;:&quot;classic&quot;}\">\n\t\t\t<div class=\"elementor-column-wrap elementor-element-populated\">\n\t\t\t\t\t\t\t<div class=\"elementor-widget-wrap\">\n\t\t\t\t\t\t<div class=\"elementor-element elementor-element-2825f193 elementor-widget elementor-widget-heading\" data-id=\"2825f193\" data-element_type=\"widget\" data-widget_type=\"heading.default\">\n\t\t\t\t<div class=\"elementor-widget-container\">\n\t\t\t<h1 class=\"elementor-heading-title elementor-size-default\">Beratung, Inspektionen und \u00dcbernahmen<\/h1>\t\t<\/div>\n\t\t\t\t<\/div>\n\t\t\t\t\t\t<\/div>\n\t\t\t\t\t<\/div>\n\t\t<\/div>\n\t\t\t\t\t\t\t\t<\/div>\n\t\t\t\t\t<\/div>\n\t\t<\/section>\n\t\t\t\t<section data-particle_enable=\"false\" data-particle-mobile-disabled=\"false\" class=\"elementor-section elementor-top-section elementor-element elementor-element-95cf0ea elementor-section-content-top elementor-section-boxed elementor-section-height-default elementor-section-height-default\" data-id=\"95cf0ea\" data-element_type=\"section\" data-settings=\"{&quot;background_background&quot;:&quot;classic&quot;,&quot;_ha_eqh_enable&quot;:false}\">\n\t\t\t\t\t\t<div class=\"elementor-container elementor-column-gap-default\">\n\t\t\t\t\t\t\t<div class=\"elementor-row\">\n\t\t\t\t\t<div class=\"elementor-column elementor-col-100 elementor-top-column elementor-element elementor-element-27f12958\" data-id=\"27f12958\" data-element_type=\"column\" data-settings=\"{&quot;background_background&quot;:&quot;classic&quot;}\">\n\t\t\t<div class=\"elementor-column-wrap elementor-element-populated\">\n\t\t\t\t\t\t\t<div class=\"elementor-widget-wrap\">\n\t\t\t\t\t\t<div class=\"elementor-element elementor-element-9c9c3c4 elementor-widget elementor-widget-eael-advanced-menu\" data-id=\"9c9c3c4\" data-element_type=\"widget\" data-widget_type=\"eael-advanced-menu.skin-seven\">\n\t\t\t\t<div class=\"elementor-widget-container\">\n\t\t\t<div class=\"eael-advanced-menu-container eael-advanced-menu-align-left eael-advanced-menu-dropdown-align-left\" data-indicator-class=\"fas fa-angle-down fa-solid\" data-dropdown-indicator-class=\"fas fa-angle-down fa-solid\"><ul id=\"menu-ndt\" class=\"eael-advanced-menu eael-advanced-menu-dropdown-animate-to-top eael-advanced-menu-indicator eael-advanced-menu-vertical\"><li id=\"menu-item-11961\" class=\"menu-item menu-item-type-post_type menu-item-object-page menu-item-11961\"><a href=\"https:\/\/www.qtechna.si\/de\/prufungen-und-inspektionen\/\">Zerst\u00f6rungsfreie Pr\u00fcfungen<\/a><\/li>\n<\/ul><\/div>\t\t<\/div>\n\t\t\t\t<\/div>\n\t\t\t\t<div class=\"elementor-element elementor-element-75819c9c elementor-widget elementor-widget-eael-adv-tabs\" data-id=\"75819c9c\" data-element_type=\"widget\" data-widget_type=\"eael-adv-tabs.default\">\n\t\t\t\t<div class=\"elementor-widget-container\">\n\t\t\t        <div id=\"eael-advance-tabs-75819c9c\" class=\"eael-advance-tabs eael-tabs-vertical eael-tab-auto-active active-caret-on\" data-tabid=\"75819c9c\">\n            <div class=\"eael-tabs-nav\">\n                <ul class=\"eael-tab-inline-icon\">\n                                            <li id=\"p-styletext-alignleftmargin-bottom0beratung-inspektionen-undbr-bernahmenp\" class=\"inactive eael-tab-item-trigger\" aria-selected=\"true\" data-tab=\"1\" role=\"tab\" tabindex=\"0\" aria-controls=\"p-styletext-alignleftmargin-bottom0beratung-inspektionen-undbr-bernahmenp-tab\" aria-expanded=\"false\">\n                            \n                                                        \n                                                            <span class=\"eael-tab-title  title-after-icon\"><p style=\"text-align:left;margin-bottom:0\">Beratung, Inspektionen und<br> \u00dcbernahmen<\/p><\/span>                            \n                                                    <\/li>\n                                            <li id=\"p-styletext-alignleftmargin-bottom0-beratung-bei-ausschreibungsbrund-projektdokumentationp\" class=\"inactive eael-tab-item-trigger\" aria-selected=\"false\" data-tab=\"2\" role=\"tab\" tabindex=\"-1\" aria-controls=\"p-styletext-alignleftmargin-bottom0-beratung-bei-ausschreibungsbrund-projektdokumentationp-tab\" aria-expanded=\"false\">\n                            \n                                                        \n                                                            <span class=\"eael-tab-title  title-after-icon\"><p style=\"text-align:left;margin-bottom:0\"> Beratung bei Ausschreibungs<br>und Projektdokumentation<\/p><\/span>                            \n                                                    <\/li>\n                                            <li id=\"inspektionen-\" class=\"inactive eael-tab-item-trigger\" aria-selected=\"false\" data-tab=\"3\" role=\"tab\" tabindex=\"-1\" aria-controls=\"inspektionen--tab\" aria-expanded=\"false\">\n                            \n                                                        \n                                                            <span class=\"eael-tab-title  title-after-icon\">Inspektionen <\/span>                            \n                                                    <\/li>\n                                            <li id=\"p-styletext-alignleftmargin-bottom0technische-berwachungbr-und-objektbernahme-p\" class=\"inactive eael-tab-item-trigger\" aria-selected=\"false\" data-tab=\"4\" role=\"tab\" tabindex=\"-1\" aria-controls=\"p-styletext-alignleftmargin-bottom0technische-berwachungbr-und-objektbernahme-p-tab\" aria-expanded=\"false\">\n                            \n                                                        \n                                                            <span class=\"eael-tab-title  title-after-icon\"><p style=\"text-align:left;margin-bottom:0\">Technische \u00dcberwachung<br> und Objekt\u00fcbernahme <\/p><\/span>                            \n                                                    <\/li>\n                                            <li id=\"kontakt\" class=\"inactive eael-tab-item-trigger\" aria-selected=\"false\" data-tab=\"5\" role=\"tab\" tabindex=\"-1\" aria-controls=\"kontakt-tab\" aria-expanded=\"false\">\n                            \n                                                        \n                                                            <span class=\"eael-tab-title  title-after-icon\">Kontakt<\/span>                            \n                                                    <\/li>\n                                    <\/ul>\n            <\/div>\n            \n            <div class=\"eael-tabs-content\">\n\t\t        \n                    <div id=\"p-styletext-alignleftmargin-bottom0beratung-inspektionen-undbr-bernahmenp-tab\" class=\"clearfix eael-tab-content-item inactive\" data-title-link=\"p-styletext-alignleftmargin-bottom0beratung-inspektionen-undbr-bernahmenp-tab\">\n\t\t\t\t        \t\t\t\t\t        \t\t<div data-elementor-type=\"page\" data-elementor-id=\"8266\" class=\"elementor elementor-8266\" data-elementor-settings=\"[]\">\n\t\t\t\t\t\t<div class=\"elementor-inner\">\n\t\t\t\t\t\t\t<div class=\"elementor-section-wrap\">\n\t\t\t\t\t\t\t<section data-particle_enable=\"false\" data-particle-mobile-disabled=\"false\" class=\"elementor-section elementor-top-section elementor-element elementor-element-65805fdd elementor-section-boxed elementor-section-height-default elementor-section-height-default\" data-id=\"65805fdd\" data-element_type=\"section\" data-settings=\"{&quot;_ha_eqh_enable&quot;:false}\">\n\t\t\t\t\t\t<div class=\"elementor-container elementor-column-gap-default\">\n\t\t\t\t\t\t\t<div class=\"elementor-row\">\n\t\t\t\t\t<div class=\"elementor-column elementor-col-50 elementor-top-column elementor-element elementor-element-64577a4c\" data-id=\"64577a4c\" data-element_type=\"column\">\n\t\t\t<div class=\"elementor-column-wrap elementor-element-populated\">\n\t\t\t\t\t\t\t<div class=\"elementor-widget-wrap\">\n\t\t\t\t\t\t<div class=\"elementor-element elementor-element-1b076d68 elementor-widget elementor-widget-text-editor\" data-id=\"1b076d68\" data-element_type=\"widget\" data-widget_type=\"text-editor.default\">\n\t\t\t\t<div class=\"elementor-widget-container\">\n\t\t\t\t\t\t\t\t<div class=\"elementor-text-editor elementor-clearfix\">\n\t\t\t\t<div class=\"p-rich_text_section\">Wir verf\u00fcgen \u00fcber Fachleute aus verschiedenen Bereichen, deswegen k\u00f6nnen wir Ihnen einen One-Stop-Shop f\u00fcr L\u00f6sungen f\u00fcr gr\u00f6\u00dfere Projekte anbieten in Bereichen maschinelle Arbeiten, Schwei\u00dfen, zerst\u00f6rungsfreie Pr\u00fcfungen, Schichtdickenmessung Schraubverbindungen usw. Im Rahmen des B\u00fcros bieten wir Kunden Dienstleistungen wie Beratung, \u00dcberpr\u00fcfung der Ausschreibungsunterlagen, \u00dcberpr\u00fcfung der technischen Leistungsf\u00e4higkeit und vieles mehr.<\/div>\t\t\t\t\t<\/div>\n\t\t\t\t\t\t<\/div>\n\t\t\t\t<\/div>\n\t\t\t\t\t\t<\/div>\n\t\t\t\t\t<\/div>\n\t\t<\/div>\n\t\t\t\t<div class=\"elementor-column elementor-col-50 elementor-top-column elementor-element elementor-element-557866d1\" data-id=\"557866d1\" data-element_type=\"column\">\n\t\t\t<div class=\"elementor-column-wrap elementor-element-populated\">\n\t\t\t\t\t\t\t<div class=\"elementor-widget-wrap\">\n\t\t\t\t\t\t<div class=\"elementor-element elementor-element-51b0d382 elementor-author-box--layout-image-above ha-css-transform-yes block1 elementor-widget elementor-widget-author-box\" data-id=\"51b0d382\" data-element_type=\"widget\" data-widget_type=\"author-box.default\">\n\t\t\t\t<div class=\"elementor-widget-container\">\n\t\t\t\t\t<div class=\"elementor-author-box\">\n\t\t\t\t\t\t\t<div  class=\"elementor-author-box__avatar\">\n\t\t\t\t\t<img decoding=\"async\" src=\"https:\/\/www.qtechna.si\/de\/wp-content\/uploads\/sites\/14\/2021\/03\/Iztok-Palcic-300x300.jpg\" alt=\"Iztok Pal\u010di\u010d\">\n\t\t\t\t<\/div>\n\t\t\t\n\t\t\t<div class=\"elementor-author-box__text\">\n\t\t\t\t\t\t\t\t\t<div >\n\t\t\t\t\t\t<h4 class=\"elementor-author-box__name\">\n\t\t\t\t\t\t\tIztok Pal\u010di\u010d\t\t\t\t\t\t<\/h4>\n\t\t\t\t\t<\/div>\n\t\t\t\t\n\t\t\t\t\t\t\t\t\t<div class=\"elementor-author-box__bio\">\n\t\t\t\t\t\t<p>Abteilungsleiter<\/p>\n<p>+386 7 49 12 428<br \/>\n+386 40 454 626<br \/>\n<a href=\"mailto:iztok.palcic@qtechna.si\">iztok.palcic@qtechna.si<\/a><br \/>\n<a href=\"mailto:ndt@qtechna.si\">ndt@qtechna.si<\/a><\/p>\n\t\t\t\t\t<\/div>\n\t\t\t\t\n\t\t\t\t\t\t\t<\/div>\n\t\t<\/div>\n\t\t\t\t<\/div>\n\t\t\t\t<\/div>\n\t\t\t\t\t\t<\/div>\n\t\t\t\t\t<\/div>\n\t\t<\/div>\n\t\t\t\t\t\t\t\t<\/div>\n\t\t\t\t\t<\/div>\n\t\t<\/section>\n\t\t\t\t\t\t<\/div>\n\t\t\t\t\t\t<\/div>\n\t\t\t\t\t<\/div>\n\t\t\t\t\t\t                            <\/div>\n\t\t        \n                    <div id=\"p-styletext-alignleftmargin-bottom0-beratung-bei-ausschreibungsbrund-projektdokumentationp-tab\" class=\"clearfix eael-tab-content-item inactive\" data-title-link=\"p-styletext-alignleftmargin-bottom0-beratung-bei-ausschreibungsbrund-projektdokumentationp-tab\">\n\t\t\t\t        \t\t\t\t\t        <h1>Beratung bei Ausschreibungs- und Projektdokumentation<\/h1>\n<p style=\"text-align: justify;\">Die Produkte m\u00fcssen so konstruiert, gebaut, gewartet und gepr\u00fcft werden, dass sie ihre Funktion fehlerlos ausf\u00fchren. Den ersten Schritt stellt eine qualit\u00e4tsvolle Vorbereitung der Ausschreibungsdokumentation dar. In unserem Segment bieten wir Hilfe bei der Erstellung von Ausschreibungs- und Projektunterlagen an, da wir in der Praxis zur Kenntnis nehmen, dass es auf dem Markt eine Vielzahl von Dokumentation gibt, die ungeeignet f\u00fcr eine qualitative Erstellung und Verwendung sind.<\/p>\t\t\t\t                            <\/div>\n\t\t        \n                    <div id=\"inspektionen--tab\" class=\"clearfix eael-tab-content-item inactive\" data-title-link=\"inspektionen--tab\">\n\t\t\t\t        \t\t\t\t\t        <div class=\"stolpci\">\n<h1>Inspektionen<\/h1>\n<p style=\"margin-bottom: 0;text-align:justify;\">Wir f\u00fchren Inspektionen durch, bei denen wir systematisch \u00fcberpr\u00fcfen und kontrollieren, ob die Arbeiten professionell durchgef\u00fchrt wurden und wir bewerten den Zustand von unterschiedlichen maschinellen\/technologischen Projekten mit Anforderungen gem\u00e4\u00df der Projektdokumentation und g\u00fcltiger Gesetzgebung. Bei den Inspektionen wird gepr\u00fcft:<\/p>\n\n<ul>\n \t<li style=\"list-style-type: none;\">\n<ul>\n \t<li>die Qualit\u00e4t der Grund- und Zusatzwerkstoffe,<\/li>\n \t<li>die Qualit\u00e4t des Verbundswerkstoffs,<\/li>\n \t<li>die Qualit\u00e4t der verwendeten Korrosionsschutzbeschichtungen,<\/li>\n \t<li>die Qualifizierung der Schwei\u00dfer, Schwei\u00dfkoordinatoren und des ZfP-Personals,<\/li>\n \t<li>das Schwei\u00df- und Montageprotokoll,<\/li>\n \t<li>die Messprotokolle,<\/li>\n \t<li>die Berichte der Ergebnisse der Pr\u00fcfungen von Schwei\u00dfnahtqualit\u00e4t (visuelle Pr\u00fcfung, zerst\u00f6rungsfreie Pr\u00fcfungen), <\/li>\n \t<li>die Pr\u00fcfung der Schraubenverbindungen,<\/li>\n \t<li>der Korrosionsschutz (Messung der Dicke, Haftung einzelner Beschichtungen und Gesamtdicke),<\/li>\n \t<li>-\tdie schriftliche Best\u00e4tigung der w\u00e4hrend der Fertigung und Montage entstandenen Ver\u00e4nderungen,\u2026<\/li>\n \t<li>die Leistungserkl\u00e4rung,<\/li>\n \t<li>die CE Kennzeichnung.<\/li>\n<\/ul>\n<\/li>\n<\/ul>\n<p style=\"text-align: justify;\">\nInspektionen f\u00fchren wir im Bereich der Stahltragwerke, Druckger\u00e4te, Wasserkraftausr\u00fcstung, Prozess- und Pharmazieausr\u00fcstung, Industrie, betriebsm\u00e4\u00dfig aufgebauten Fahrst\u00fchle, kerntechnischen Anlagen durch.<\/p>\n\n<\/div>\t\t\t\t                            <\/div>\n\t\t        \n                    <div id=\"p-styletext-alignleftmargin-bottom0technische-berwachungbr-und-objektbernahme-p-tab\" class=\"clearfix eael-tab-content-item inactive\" data-title-link=\"p-styletext-alignleftmargin-bottom0technische-berwachungbr-und-objektbernahme-p-tab\">\n\t\t\t\t        \t\t\t\t\t        <h1>Technische \u00dcberwachung und Objekt\u00fcbernahme<\/h1>\n<p style=\"text-align: justify;\">Im Rahmen der technischen \u00dcberwachung und \u00dcbernahmen wird die empfangene technische Dokumentation und die Funktion des Objekts auf Vollst\u00e4ndigkeit gepr\u00fcft.<\/p>\t\t\t\t                            <\/div>\n\t\t        \n                    <div id=\"kontakt-tab\" class=\"clearfix eael-tab-content-item inactive\" data-title-link=\"kontakt-tab\">\n\t\t\t\t        \t\t\t\t\t        <h1>Kontakt<\/h1><p><div class=\"wpforms-container wpforms-container-full\" id=\"wpforms-7309\"><form id=\"wpforms-form-7309\" class=\"wpforms-validate wpforms-form\" data-formid=\"7309\" method=\"post\" enctype=\"multipart\/form-data\" action=\"\/de\/wp-json\/wp\/v2\/pages\/183\" data-token=\"3b93c2fb1bfb4d1ea1ab570df3cf3781\" data-token-time=\"1777483761\"><noscript class=\"wpforms-error-noscript\">Please enable JavaScript in your browser to complete this form.<\/noscript><div class=\"wpforms-field-container\"><div id=\"wpforms-7309-field_19-container\" class=\"wpforms-field wpforms-field-text\" data-field-id=\"19\"><label class=\"wpforms-field-label\" for=\"wpforms-7309-field_19\">Ihr Name: <span class=\"wpforms-required-label\">*<\/span><\/label><input type=\"text\" id=\"wpforms-7309-field_19\" class=\"wpforms-field-medium wpforms-field-required\" name=\"wpforms[fields][19]\" required><\/div><div id=\"wpforms-7309-field_21-container\" class=\"wpforms-field wpforms-field-text\" data-field-id=\"21\"><label class=\"wpforms-field-label\" for=\"wpforms-7309-field_21\">Betreff: <span class=\"wpforms-required-label\">*<\/span><\/label><input type=\"text\" id=\"wpforms-7309-field_21\" class=\"wpforms-field-medium wpforms-field-required\" name=\"wpforms[fields][21]\" required><\/div><div id=\"wpforms-7309-field_20-container\" class=\"wpforms-field wpforms-field-text\" data-field-id=\"20\"><label class=\"wpforms-field-label\" for=\"wpforms-7309-field_20\">Ihre E-Mail Adresse: <span class=\"wpforms-required-label\">*<\/span><\/label><input type=\"text\" id=\"wpforms-7309-field_20\" class=\"wpforms-field-medium wpforms-field-required\" name=\"wpforms[fields][20]\" required><\/div><div id=\"wpforms-7309-field_24-container\" class=\"wpforms-field wpforms-field-textarea\" data-field-id=\"24\"><label class=\"wpforms-field-label\" for=\"wpforms-7309-field_24\">Ihre Nachricht: <span class=\"wpforms-required-label\">*<\/span><\/label><textarea id=\"wpforms-7309-field_24\" class=\"wpforms-field-medium wpforms-field-required\" name=\"wpforms[fields][24]\" required><\/textarea><\/div><\/div><!-- .wpforms-field-container --><div class=\"wpforms-submit-container\" ><input type=\"hidden\" name=\"wpforms[id]\" value=\"7309\"><input type=\"hidden\" name=\"page_title\" value=\"\"><input type=\"hidden\" name=\"page_url\" value=\"https:\/\/www.qtechna.si\/de\/wp-json\/wp\/v2\/pages\/183\"><input type=\"hidden\" name=\"url_referer\" value=\"\"><button type=\"submit\" name=\"wpforms[submit]\" id=\"wpforms-submit-7309\" class=\"wpforms-submit\" data-alt-text=\"Senden...\" data-submit-text=\"E-mail Senden\" aria-live=\"assertive\" value=\"wpforms-submit\">E-mail Senden<\/button><\/div><\/form><\/div>  <!-- .wpforms-container --><\/p>\t\t\t\t                            <\/div>\n\t\t                    <\/div>\n        <\/div>\n\t\t<\/div>\n\t\t\t\t<\/div>\n\t\t\t\t\t\t<\/div>\n\t\t\t\t\t<\/div>\n\t\t<\/div>\n\t\t\t\t\t\t\t\t<\/div>\n\t\t\t\t\t<\/div>\n\t\t<\/section>\n\t\t\t\t<section data-particle_enable=\"false\" data-particle-mobile-disabled=\"false\" class=\"elementor-section elementor-top-section elementor-element elementor-element-ba77ea9 elementor-section-boxed elementor-section-height-default elementor-section-height-default\" data-id=\"ba77ea9\" data-element_type=\"section\" data-settings=\"{&quot;_ha_eqh_enable&quot;:false}\">\n\t\t\t\t\t\t<div class=\"elementor-container elementor-column-gap-default\">\n\t\t\t\t\t\t\t<div class=\"elementor-row\">\n\t\t\t\t\t<div class=\"elementor-column elementor-col-100 elementor-top-column elementor-element elementor-element-03e7a3a\" data-id=\"03e7a3a\" data-element_type=\"column\">\n\t\t\t<div class=\"elementor-column-wrap elementor-element-populated\">\n\t\t\t\t\t\t\t<div class=\"elementor-widget-wrap\">\n\t\t\t\t\t\t<div class=\"elementor-element elementor-element-06b2662 elementor-align-right elementor-fixed elementor-widget elementor-widget-button\" data-id=\"06b2662\" data-element_type=\"widget\" data-settings=\"{&quot;motion_fx_motion_fx_scrolling&quot;:&quot;yes&quot;,&quot;motion_fx_opacity_effect&quot;:&quot;yes&quot;,&quot;motion_fx_opacity_range&quot;:{&quot;unit&quot;:&quot;%&quot;,&quot;size&quot;:&quot;&quot;,&quot;sizes&quot;:{&quot;start&quot;:38,&quot;end&quot;:57}},&quot;motion_fx_range&quot;:&quot;viewport&quot;,&quot;sticky&quot;:&quot;top&quot;,&quot;_position&quot;:&quot;fixed&quot;,&quot;motion_fx_opacity_direction&quot;:&quot;out-in&quot;,&quot;motion_fx_opacity_level&quot;:{&quot;unit&quot;:&quot;px&quot;,&quot;size&quot;:10,&quot;sizes&quot;:[]},&quot;motion_fx_devices&quot;:[&quot;desktop&quot;,&quot;tablet&quot;,&quot;mobile&quot;],&quot;sticky_on&quot;:[&quot;desktop&quot;,&quot;tablet&quot;,&quot;mobile&quot;],&quot;sticky_offset&quot;:0,&quot;sticky_effects_offset&quot;:0}\" data-widget_type=\"button.default\">\n\t\t\t\t<div class=\"elementor-widget-container\">\n\t\t\t\t\t<div class=\"elementor-button-wrapper\">\n\t\t\t<a href=\"#top\" class=\"elementor-button-link elementor-button elementor-size-sm\" role=\"button\">\n\t\t\t\t\t\t<span class=\"elementor-button-content-wrapper\">\n\t\t\t\t\t\t<span class=\"elementor-button-icon elementor-align-icon-left\">\n\t\t\t\t<i aria-hidden=\"true\" class=\"fas fa-arrow-up\"><\/i>\t\t\t<\/span>\n\t\t\t\t\t\t<span class=\"elementor-button-text\"><\/span>\n\t\t<\/span>\n\t\t\t\t\t<\/a>\n\t\t<\/div>\n\t\t\t\t<\/div>\n\t\t\t\t<\/div>\n\t\t\t\t\t\t<\/div>\n\t\t\t\t\t<\/div>\n\t\t<\/div>\n\t\t\t\t\t\t\t\t<\/div>\n\t\t\t\t\t<\/div>\n\t\t<\/section>\n\t\t\t\t\t\t<\/div>\n\t\t\t\t\t\t<\/div>\n\t\t\t\t\t<\/div>\n\t\t","protected":false},"excerpt":{"rendered":"<p>Beratung, Inspektionen und \u00dcbernahmen Zerst\u00f6rungsfreie Pr\u00fcfungen Beratung, Inspektionen und \u00dcbernahmen Beratung bei Ausschreibungsund Projektdokumentation Inspektionen Technische \u00dcberwachung und Objekt\u00fcbernahme Kontakt Wir verf\u00fcgen \u00fcber Fachleute aus verschiedenen Bereichen, deswegen k\u00f6nnen wir [&hellip;]<\/p>\n","protected":false},"author":1,"featured_media":0,"parent":0,"menu_order":0,"comment_status":"closed","ping_status":"closed","template":"","meta":{"footnotes":""},"class_list":["post-183","page","type-page","status-publish","hentry","wpbf-post"],"_links":{"self":[{"href":"https:\/\/www.qtechna.si\/de\/wp-json\/wp\/v2\/pages\/183","targetHints":{"allow":["GET"]}}],"collection":[{"href":"https:\/\/www.qtechna.si\/de\/wp-json\/wp\/v2\/pages"}],"about":[{"href":"https:\/\/www.qtechna.si\/de\/wp-json\/wp\/v2\/types\/page"}],"author":[{"embeddable":true,"href":"https:\/\/www.qtechna.si\/de\/wp-json\/wp\/v2\/users\/1"}],"replies":[{"embeddable":true,"href":"https:\/\/www.qtechna.si\/de\/wp-json\/wp\/v2\/comments?post=183"}],"version-history":[{"count":224,"href":"https:\/\/www.qtechna.si\/de\/wp-json\/wp\/v2\/pages\/183\/revisions"}],"predecessor-version":[{"id":15082,"href":"https:\/\/www.qtechna.si\/de\/wp-json\/wp\/v2\/pages\/183\/revisions\/15082"}],"wp:attachment":[{"href":"https:\/\/www.qtechna.si\/de\/wp-json\/wp\/v2\/media?parent=183"}],"curies":[{"name":"wp","href":"https:\/\/api.w.org\/{rel}","templated":true}]}}