{"id":1647,"date":"2020-12-07T13:54:59","date_gmt":"2020-12-07T13:54:59","guid":{"rendered":"https:\/\/qtechna.si\/de\/?page_id=1647"},"modified":"2021-06-25T14:58:43","modified_gmt":"2021-06-25T14:58:43","slug":"schutz-von-personenbezogenen-daten","status":"publish","type":"page","link":"https:\/\/www.qtechna.si\/de\/schutz-von-personenbezogenen-daten\/","title":{"rendered":"Schutz von personenbezogenen Daten"},"content":{"rendered":"\t\t<div data-elementor-type=\"wp-page\" data-elementor-id=\"1647\" class=\"elementor elementor-1647\" data-elementor-settings=\"[]\">\n\t\t\t\t\t\t<div class=\"elementor-inner\">\n\t\t\t\t\t\t\t<div class=\"elementor-section-wrap\">\n\t\t\t\t\t\t\t<section data-particle_enable=\"false\" data-particle-mobile-disabled=\"false\" class=\"elementor-section elementor-top-section elementor-element elementor-element-941c705 elementor-section-stretched elementor-section-boxed elementor-section-height-default elementor-section-height-default\" data-id=\"941c705\" data-element_type=\"section\" data-settings=\"{&quot;stretch_section&quot;:&quot;section-stretched&quot;,&quot;background_background&quot;:&quot;classic&quot;,&quot;_ha_eqh_enable&quot;:false}\">\n\t\t\t\t\t\t\t<div class=\"elementor-background-overlay\"><\/div>\n\t\t\t\t\t\t\t<div class=\"elementor-container elementor-column-gap-default\">\n\t\t\t\t\t\t\t<div class=\"elementor-row\">\n\t\t\t\t\t<div class=\"elementor-column elementor-col-100 elementor-top-column elementor-element elementor-element-954a9fc\" data-id=\"954a9fc\" data-element_type=\"column\" data-settings=\"{&quot;background_background&quot;:&quot;classic&quot;}\">\n\t\t\t<div class=\"elementor-column-wrap elementor-element-populated\">\n\t\t\t\t\t\t\t<div class=\"elementor-widget-wrap\">\n\t\t\t\t\t\t<div class=\"elementor-element elementor-element-a400954 elementor-widget elementor-widget-heading\" data-id=\"a400954\" data-element_type=\"widget\" data-widget_type=\"heading.default\">\n\t\t\t\t<div class=\"elementor-widget-container\">\n\t\t\t<h1 class=\"elementor-heading-title elementor-size-default\">Schutz von Personenbezogenen Daten<\/h1>\t\t<\/div>\n\t\t\t\t<\/div>\n\t\t\t\t\t\t<\/div>\n\t\t\t\t\t<\/div>\n\t\t<\/div>\n\t\t\t\t\t\t\t\t<\/div>\n\t\t\t\t\t<\/div>\n\t\t<\/section>\n\t\t\t\t<section data-particle_enable=\"false\" data-particle-mobile-disabled=\"false\" class=\"elementor-section elementor-top-section elementor-element elementor-element-5ec3cf6 elementor-section-boxed elementor-section-height-default elementor-section-height-default\" data-id=\"5ec3cf6\" data-element_type=\"section\" data-settings=\"{&quot;_ha_eqh_enable&quot;:false}\">\n\t\t\t\t\t\t<div class=\"elementor-container elementor-column-gap-default\">\n\t\t\t\t\t\t\t<div class=\"elementor-row\">\n\t\t\t\t\t<div class=\"elementor-column elementor-col-100 elementor-top-column elementor-element elementor-element-94a8e33\" data-id=\"94a8e33\" data-element_type=\"column\" data-settings=\"{&quot;background_background&quot;:&quot;classic&quot;}\">\n\t\t\t<div class=\"elementor-column-wrap elementor-element-populated\">\n\t\t\t\t\t\t\t<div class=\"elementor-widget-wrap\">\n\t\t\t\t\t\t<div class=\"elementor-element elementor-element-e5216d8 elementor-widget elementor-widget-text-editor\" data-id=\"e5216d8\" data-element_type=\"widget\" data-widget_type=\"text-editor.default\">\n\t\t\t\t<div class=\"elementor-widget-container\">\n\t\t\t\t\t\t\t\t<div class=\"elementor-text-editor elementor-clearfix\">\n\t\t\t\t<h2>Datenschutzbestimmungen\u00a0<\/h2><h3>Recht auf Privatsph\u00e4re<\/h3><p>Im Unternehmen Q Techna d.o.o. sind wir uns bewusst, dass das Recht auf Privatsph\u00e4re eines der wichtigsten Menschenrechte ist. Deshalb gehen wir mit den erhaltenen personenbezogenen Daten verantwortungsbewusst, sorgf\u00e4ltig und in \u00dcbereinstimmung mit den geltenden Gesetzen um. Der Zugang zu personenbezogenen Daten ist nur befugten Personen gestattet, in dem Umfang und zu dem Zweck, der f\u00fcr die reibungslose Durchf\u00fchrung von Arbeitsprozessen, die Erbringung von Unternehmensdienstleistungen und die Erf\u00fcllung von Rechten und Pflichten aus den abgeschlossenen Vertragsverh\u00e4ltnissen unbedingt erforderlich ist.<\/p><h3>Geltungsbereich<\/h3><p>Der Schutz der Privatsph\u00e4re gilt f\u00fcr alle Personen, die uns ihre pers\u00f6nlichen Daten in irgendeiner Weise zur Verf\u00fcgung stellen: unsere Mitarbeiter, Studenten, Auftragnehmer, Kunden, Lieferanten usw.<\/p><p>Die erhobenen personenbezogenen Daten werden an Dritte nicht weitergeleitet, falls es daf\u00fcr keine rechtliche, vertragliche oder andere geeignete Grundlage f\u00fcr die Erhebung und Verarbeitung personenbezogener Daten besteht. Jeder, der ein rechtliches Interesse zeigt, kann die Einsicht in die Daten in der Datenbank anfordern, bekommen und diese aktualisieren lassen. Personenbezogene Daten werden vor Verlust, Vernichtung, F\u00e4lschung und Zugang unbefugter Personen gesch\u00fctzt.<\/p><h3>Zweck der Verarbeitung personenbezogener Daten und Rechtsgrundlage<\/h3><p>F\u00fcr die Verarbeitung Verantwortliche ist das Unternehmen Q Techna d.o.o. Die personenbezogenen Daten werden im Rahmen der Umsetzung vertraglicher Beziehungen verarbeitet und werden nur in dem unbedingt erforderlichen Umfang zum Zwecke des Vertragsabschlusses, in der Verhandlungsphase, bei Angebot oder Nachfrage usw. verwendet.<\/p><p style=\"text-align: left; margin-bottom: 0;\">Das Unternehmen Q Techna d.o.o. verarbeitet personenbezogene Daten von Einzelpersonen:<\/p><ul><li>im Zusammenhang mit der Erf\u00fcllung von Verpflichtungen aus dem Gesch\u00e4fts- oder Vertragsverh\u00e4ltnis zu den Kunden,<\/li><li>auf der Grundlage der bestehenden Rechtsvorschriften, die in bestimmten F\u00e4llen die \u00dcbermittlung personenbezogener Daten an die nationalen Beh\u00f6rden und andere Betreiber zur Erf\u00fcllung gesetzlicher Verpflichtungen oder Verantwortlichkeiten erfordern,<\/li><li>auf der Grundlage der Bewilligung oder Zustimmung zur Verarbeitung personenbezogener Daten f\u00fcr ausgew\u00e4hlte Zwecke bis zum Widerruf.<\/li><\/ul><p>Alle von Q Techna d.o.o gespeicherten und verarbeiteten personenbezogenen Daten werden im Katalog der personenbezogenen Datenerhebungen gesammelt, der sich in der Personalabteilung am Standort der Niederlassung in Cesta kr\u0161kih \u017ertev 135e, Kr\u0161ko befindet.<\/p><h3>Rechte des Einzelnen<\/h3><p>Mit einem schriftlichen Antrag an Q Techna d.o.o., Cvetkova ulica 27, 1000 Ljubljana oder per elektronische Adresse info@qtechna.si kann jeder Einzelne den Zugang zu seinen Daten und ihre Erg\u00e4nzung, Korrektur, Sperrung, Verarbeitungsbeschr\u00e4nkung oder -l\u00f6schung beantragen. In \u00e4hnlicher Weise kann eine Person jederzeit die schriftliche f\u00fcr die Verarbeitung personenbezogener Daten abgegebene Zustimmung dauerhaft oder vor\u00fcbergehend, ganz oder teilweise widerrufen, was keinen Einfluss auf die Rechtm\u00e4\u00dfigkeit der Verarbeitung von Daten hat, die mit Zustimmung des Einzelnen bis zu ihrem Widerruf durchgef\u00fchrt wurde.<\/p><p>Jede Person hat das Recht, eine Beschwerde beim Datenschutzbeauftragten der Republik Slowenien einzureichen, wenn sie der Ansicht ist, dass ihre pers\u00f6nlichen Daten unter Versto\u00df gegen die geltenden Vorschriften zum Schutz personenbezogener Daten gespeichert oder anderweitig verarbeitet werden.<\/p><h3>Aufbewahrungsfrist f\u00fcr personenbezogene Daten<\/h3><p>Das Unternehmen Q Techna d.o.o. wird die erhaltenen personenbezogenen Daten nur in dem Umfang, der zur Verwirklichung des Zwecks der Datenerfassung erforderlich ist, verwalten. Die personenbezogenen Daten werden dann gesperrt, gel\u00f6scht oder vernichtet.<\/p>\t\t\t\t\t<\/div>\n\t\t\t\t\t\t<\/div>\n\t\t\t\t<\/div>\n\t\t\t\t<div class=\"elementor-element elementor-element-c6b78c3 elementor-align-center elementor-widget elementor-widget-button\" data-id=\"c6b78c3\" data-element_type=\"widget\" data-widget_type=\"button.default\">\n\t\t\t\t<div class=\"elementor-widget-container\">\n\t\t\t\t\t<div class=\"elementor-button-wrapper\">\n\t\t\t<a href=\"http:\/\/www.qtechna.si\/gdpr\/index.php\" class=\"elementor-button-link elementor-button elementor-size-md\" role=\"button\">\n\t\t\t\t\t\t<span class=\"elementor-button-content-wrapper\">\n\t\t\t\t\t\t<span class=\"elementor-button-text\">Anmeldung<\/span>\n\t\t<\/span>\n\t\t\t\t\t<\/a>\n\t\t<\/div>\n\t\t\t\t<\/div>\n\t\t\t\t<\/div>\n\t\t\t\t<div class=\"elementor-element elementor-element-dc79208 elementor-align-center elementor-widget elementor-widget-button\" data-id=\"dc79208\" data-element_type=\"widget\" data-widget_type=\"button.default\">\n\t\t\t\t<div class=\"elementor-widget-container\">\n\t\t\t\t\t<div class=\"elementor-button-wrapper\">\n\t\t\t<a href=\"http:\/\/www.qtechna.si\/obrazec_odjava\/odjava.php\" class=\"elementor-button-link elementor-button elementor-size-md\" role=\"button\">\n\t\t\t\t\t\t<span class=\"elementor-button-content-wrapper\">\n\t\t\t\t\t\t<span class=\"elementor-button-text\">Abmeldung<\/span>\n\t\t<\/span>\n\t\t\t\t\t<\/a>\n\t\t<\/div>\n\t\t\t\t<\/div>\n\t\t\t\t<\/div>\n\t\t\t\t\t\t<\/div>\n\t\t\t\t\t<\/div>\n\t\t<\/div>\n\t\t\t\t\t\t\t\t<\/div>\n\t\t\t\t\t<\/div>\n\t\t<\/section>\n\t\t\t\t\t\t<\/div>\n\t\t\t\t\t\t<\/div>\n\t\t\t\t\t<\/div>\n\t\t","protected":false},"excerpt":{"rendered":"<p>Schutz von Personenbezogenen Daten Datenschutzbestimmungen\u00a0 Recht auf Privatsph\u00e4re Im Unternehmen Q Techna d.o.o. sind wir uns bewusst, dass das Recht auf Privatsph\u00e4re eines der wichtigsten Menschenrechte ist. Deshalb gehen wir [&hellip;]<\/p>\n","protected":false},"author":1,"featured_media":0,"parent":0,"menu_order":0,"comment_status":"closed","ping_status":"closed","template":"","meta":{"footnotes":""},"class_list":["post-1647","page","type-page","status-publish","hentry","wpbf-post"],"_links":{"self":[{"href":"https:\/\/www.qtechna.si\/de\/wp-json\/wp\/v2\/pages\/1647","targetHints":{"allow":["GET"]}}],"collection":[{"href":"https:\/\/www.qtechna.si\/de\/wp-json\/wp\/v2\/pages"}],"about":[{"href":"https:\/\/www.qtechna.si\/de\/wp-json\/wp\/v2\/types\/page"}],"author":[{"embeddable":true,"href":"https:\/\/www.qtechna.si\/de\/wp-json\/wp\/v2\/users\/1"}],"replies":[{"embeddable":true,"href":"https:\/\/www.qtechna.si\/de\/wp-json\/wp\/v2\/comments?post=1647"}],"version-history":[{"count":131,"href":"https:\/\/www.qtechna.si\/de\/wp-json\/wp\/v2\/pages\/1647\/revisions"}],"predecessor-version":[{"id":15059,"href":"https:\/\/www.qtechna.si\/de\/wp-json\/wp\/v2\/pages\/1647\/revisions\/15059"}],"wp:attachment":[{"href":"https:\/\/www.qtechna.si\/de\/wp-json\/wp\/v2\/media?parent=1647"}],"curies":[{"name":"wp","href":"https:\/\/api.w.org\/{rel}","templated":true}]}}