{"id":1639,"date":"2020-12-07T13:53:35","date_gmt":"2020-12-07T13:53:35","guid":{"rendered":"https:\/\/qtechna.si\/de\/?page_id=1639"},"modified":"2026-02-06T09:18:06","modified_gmt":"2026-02-06T09:18:06","slug":"unternehmen","status":"publish","type":"page","link":"https:\/\/www.qtechna.si\/de\/unternehmen\/","title":{"rendered":"Unternehmen"},"content":{"rendered":"\t\t<div data-elementor-type=\"wp-page\" data-elementor-id=\"1639\" class=\"elementor elementor-1639\" data-elementor-settings=\"[]\">\n\t\t\t\t\t\t<div class=\"elementor-inner\">\n\t\t\t\t\t\t\t<div class=\"elementor-section-wrap\">\n\t\t\t\t\t\t\t<section data-particle_enable=\"false\" data-particle-mobile-disabled=\"false\" class=\"elementor-section elementor-top-section elementor-element elementor-element-872f4fb elementor-section-stretched elementor-section-boxed elementor-section-height-default elementor-section-height-default\" data-id=\"872f4fb\" data-element_type=\"section\" data-settings=\"{&quot;stretch_section&quot;:&quot;section-stretched&quot;,&quot;background_background&quot;:&quot;classic&quot;,&quot;_ha_eqh_enable&quot;:false}\">\n\t\t\t\t\t\t\t<div class=\"elementor-background-overlay\"><\/div>\n\t\t\t\t\t\t\t<div class=\"elementor-container elementor-column-gap-default\">\n\t\t\t\t\t\t\t<div class=\"elementor-row\">\n\t\t\t\t\t<div class=\"elementor-column elementor-col-100 elementor-top-column elementor-element elementor-element-a029ff2\" data-id=\"a029ff2\" data-element_type=\"column\" data-settings=\"{&quot;background_background&quot;:&quot;classic&quot;}\">\n\t\t\t<div class=\"elementor-column-wrap elementor-element-populated\">\n\t\t\t\t\t\t\t<div class=\"elementor-widget-wrap\">\n\t\t\t\t\t\t<div class=\"elementor-element elementor-element-3b442c3 elementor-widget elementor-widget-heading\" data-id=\"3b442c3\" data-element_type=\"widget\" data-widget_type=\"heading.default\">\n\t\t\t\t<div class=\"elementor-widget-container\">\n\t\t\t<h1 class=\"elementor-heading-title elementor-size-default\">Unternehmen<\/h1>\t\t<\/div>\n\t\t\t\t<\/div>\n\t\t\t\t\t\t<\/div>\n\t\t\t\t\t<\/div>\n\t\t<\/div>\n\t\t\t\t\t\t\t\t<\/div>\n\t\t\t\t\t<\/div>\n\t\t<\/section>\n\t\t\t\t<section data-particle_enable=\"false\" data-particle-mobile-disabled=\"false\" class=\"elementor-section elementor-top-section elementor-element elementor-element-6c2b3929 elementor-section-content-top elementor-section-boxed elementor-section-height-default elementor-section-height-default\" data-id=\"6c2b3929\" data-element_type=\"section\" data-settings=\"{&quot;_ha_eqh_enable&quot;:false}\">\n\t\t\t\t\t\t<div class=\"elementor-container elementor-column-gap-default\">\n\t\t\t\t\t\t\t<div class=\"elementor-row\">\n\t\t\t\t\t<div class=\"elementor-column elementor-col-100 elementor-top-column elementor-element elementor-element-2039848c\" data-id=\"2039848c\" data-element_type=\"column\" data-settings=\"{&quot;background_background&quot;:&quot;classic&quot;}\">\n\t\t\t<div class=\"elementor-column-wrap elementor-element-populated\">\n\t\t\t\t\t\t\t<div class=\"elementor-widget-wrap\">\n\t\t\t\t\t\t<div class=\"elementor-element elementor-element-7af43553 elementor-widget elementor-widget-eael-adv-tabs\" data-id=\"7af43553\" data-element_type=\"widget\" data-widget_type=\"eael-adv-tabs.default\">\n\t\t\t\t<div class=\"elementor-widget-container\">\n\t\t\t        <div id=\"eael-advance-tabs-7af43553\" class=\"eael-advance-tabs eael-tabs-vertical eael-tab-auto-active active-caret-on\" data-tabid=\"7af43553\">\n            <div class=\"eael-tabs-nav\">\n                <ul class=\"eael-tab-inline-icon\">\n                                            <li id=\"unternehmen\" class=\"inactive eael-tab-item-trigger\" aria-selected=\"true\" data-tab=\"1\" role=\"tab\" tabindex=\"0\" aria-controls=\"unternehmen-tab\" aria-expanded=\"false\">\n                            \n                                                        \n                                                            <span class=\"eael-tab-title  title-after-icon\">Unternehmen<\/span>                            \n                                                    <\/li>\n                                            <li id=\"vision-und-mission\" class=\"inactive eael-tab-item-trigger\" aria-selected=\"false\" data-tab=\"2\" role=\"tab\" tabindex=\"-1\" aria-controls=\"vision-und-mission-tab\" aria-expanded=\"false\">\n                            \n                                                        \n                                                            <span class=\"eael-tab-title  title-after-icon\">Vision und mission<\/span>                            \n                                                    <\/li>\n                                            <li id=\"p-styletext-alignleftmargin-bottom0datenschutzerklrungp\" class=\"inactive eael-tab-item-trigger\" aria-selected=\"false\" data-tab=\"3\" role=\"tab\" tabindex=\"-1\" aria-controls=\"p-styletext-alignleftmargin-bottom0datenschutzerklrungp-tab\" aria-expanded=\"false\">\n                            \n                                                        \n                                                            <span class=\"eael-tab-title  title-after-icon\"><p style=\"text-align:left;margin-bottom:0\">Datenschutzerkl\u00e4rung<\/p><\/span>                            \n                                                    <\/li>\n                                            <li id=\"kodexen\" class=\"inactive eael-tab-item-trigger\" aria-selected=\"false\" data-tab=\"4\" role=\"tab\" tabindex=\"-1\" aria-controls=\"kodexen-tab\" aria-expanded=\"false\">\n                            \n                                                                <i class=\"fas fa-home\"><\/i>                                                            \n                                                            <span class=\"eael-tab-title  title-after-icon\">Kodexen<\/span>                            \n                                                    <\/li>\n                                            <li id=\"pogoji\" class=\"inactive eael-tab-item-trigger\" aria-selected=\"false\" data-tab=\"5\" role=\"tab\" tabindex=\"-1\" aria-controls=\"pogoji-tab\" aria-expanded=\"false\">\n                            \n                                                                <i class=\"fas fa-home\"><\/i>                                                            \n                                                            <span class=\"eael-tab-title  title-after-icon\">Allgemeine Gesch\u00e4ftsbedingungen<\/span>                            \n                                                    <\/li>\n                                    <\/ul>\n            <\/div>\n            \n            <div class=\"eael-tabs-content\">\n\t\t        \n                    <div id=\"unternehmen-tab\" class=\"clearfix eael-tab-content-item inactive\" data-title-link=\"unternehmen-tab\">\n\t\t\t\t        \t\t\t\t\t        \t\t<div data-elementor-type=\"page\" data-elementor-id=\"11183\" class=\"elementor elementor-11183\" data-elementor-settings=\"[]\">\n\t\t\t\t\t\t<div class=\"elementor-inner\">\n\t\t\t\t\t\t\t<div class=\"elementor-section-wrap\">\n\t\t\t\t\t\t\t<section data-particle_enable=\"false\" data-particle-mobile-disabled=\"false\" class=\"elementor-section elementor-top-section elementor-element elementor-element-65805fdd elementor-section-boxed elementor-section-height-default elementor-section-height-default\" data-id=\"65805fdd\" data-element_type=\"section\" data-settings=\"{&quot;_ha_eqh_enable&quot;:false}\">\n\t\t\t\t\t\t<div class=\"elementor-container elementor-column-gap-default\">\n\t\t\t\t\t\t\t<div class=\"elementor-row\">\n\t\t\t\t\t<div class=\"elementor-column elementor-col-50 elementor-top-column elementor-element elementor-element-64577a4c\" data-id=\"64577a4c\" data-element_type=\"column\">\n\t\t\t<div class=\"elementor-column-wrap elementor-element-populated\">\n\t\t\t\t\t\t\t<div class=\"elementor-widget-wrap\">\n\t\t\t\t\t\t<div class=\"elementor-element elementor-element-1b076d68 elementor-widget elementor-widget-text-editor\" data-id=\"1b076d68\" data-element_type=\"widget\" data-widget_type=\"text-editor.default\">\n\t\t\t\t<div class=\"elementor-widget-container\">\n\t\t\t\t\t\t\t\t<div class=\"elementor-text-editor elementor-clearfix\">\n\t\t\t\t<div class=\"p-rich_text_section\"><div class=\"p-rich_text_section\"><p><strong>Bankkonto Nr. (IBAN):<\/strong> SI56 0298 0001 6674 363<br \/><strong>Nova ljubljanska banka d.d. Ljubljana,<\/strong>\u00a0Trg republike 2, 1520 Ljubljana<\/p><p><strong>SWIFT Code<\/strong>: LJBASI2X<\/p><p><strong>Handelsregister Nr.:<\/strong> 5609984 <br \/><strong>USt-IdNr.:<\/strong> SI63243849<\/p><p>Legaler Registereintrag Nr. 1\/38791\/00 (Kreisgericht in Ljubljana)<\/p><p>Anfangskapital: 14.376,00 EUR<\/p><\/div><\/div>\t\t\t\t\t<\/div>\n\t\t\t\t\t\t<\/div>\n\t\t\t\t<\/div>\n\t\t\t\t\t\t<\/div>\n\t\t\t\t\t<\/div>\n\t\t<\/div>\n\t\t\t\t<div class=\"elementor-column elementor-col-50 elementor-top-column elementor-element elementor-element-557866d1\" data-id=\"557866d1\" data-element_type=\"column\">\n\t\t\t<div class=\"elementor-column-wrap elementor-element-populated\">\n\t\t\t\t\t\t\t<div class=\"elementor-widget-wrap\">\n\t\t\t\t\t\t<div class=\"elementor-element elementor-element-b9f0edb elementor-aspect-ratio-169 elementor-widget elementor-widget-video\" data-id=\"b9f0edb\" data-element_type=\"widget\" data-settings=\"{&quot;youtube_url&quot;:&quot;https:\\\/\\\/youtu.be\\\/_-Ij1gajSx8&quot;,&quot;video_type&quot;:&quot;youtube&quot;,&quot;controls&quot;:&quot;yes&quot;,&quot;aspect_ratio&quot;:&quot;169&quot;}\" data-widget_type=\"video.default\">\n\t\t\t\t<div class=\"elementor-widget-container\">\n\t\t\t\t\t<div class=\"elementor-wrapper elementor-fit-aspect-ratio elementor-open-inline\">\n\t\t\t<div class=\"elementor-video\"><\/div>\t\t<\/div>\n\t\t\t\t<\/div>\n\t\t\t\t<\/div>\n\t\t\t\t\t\t<\/div>\n\t\t\t\t\t<\/div>\n\t\t<\/div>\n\t\t\t\t\t\t\t\t<\/div>\n\t\t\t\t\t<\/div>\n\t\t<\/section>\n\t\t\t\t<section data-particle_enable=\"false\" data-particle-mobile-disabled=\"false\" class=\"elementor-section elementor-top-section elementor-element elementor-element-511f1d2 elementor-section-boxed elementor-section-height-default elementor-section-height-default\" data-id=\"511f1d2\" data-element_type=\"section\" data-settings=\"{&quot;_ha_eqh_enable&quot;:false}\">\n\t\t\t\t\t\t<div class=\"elementor-container elementor-column-gap-default\">\n\t\t\t\t\t\t\t<div class=\"elementor-row\">\n\t\t\t\t\t<div class=\"elementor-column elementor-col-100 elementor-top-column elementor-element elementor-element-6010cee\" data-id=\"6010cee\" data-element_type=\"column\">\n\t\t\t<div class=\"elementor-column-wrap elementor-element-populated\">\n\t\t\t\t\t\t\t<div class=\"elementor-widget-wrap\">\n\t\t\t\t\t\t<div class=\"elementor-element elementor-element-cd24c20 elementor-widget elementor-widget-text-editor\" data-id=\"cd24c20\" data-element_type=\"widget\" data-widget_type=\"text-editor.default\">\n\t\t\t\t<div class=\"elementor-widget-container\">\n\t\t\t\t\t\t\t\t<div class=\"elementor-text-editor elementor-clearfix\">\n\t\t\t\t<p>Die Ver\u00e4nderungen am Markt entwickeln sich mit gro\u00dfer Geschwindigkeit. Herausforderungen der neuen Trends sind anspruchsvoll geworden, deswegen ist f\u00fcr den Erfolg eine klare und entsprechende Strategie n\u00f6tig. Die Qualit\u00e4t des Markts gestern, sichert nicht mehr hervorragende Ergebnisse am Markt heute. Die Anpassung an den Markt und Kundenorientierung sind die gr\u00f6\u00dften Vorteile jeder erfolgreichen Gesellschaft und einer der Hauptgr\u00fcnde f\u00fcr eine erfolgreiche Gesch\u00e4ftsf\u00fchrung.<\/p>\t\t\t\t\t<\/div>\n\t\t\t\t\t\t<\/div>\n\t\t\t\t<\/div>\n\t\t\t\t\t\t<\/div>\n\t\t\t\t\t<\/div>\n\t\t<\/div>\n\t\t\t\t\t\t\t\t<\/div>\n\t\t\t\t\t<\/div>\n\t\t<\/section>\n\t\t\t\t\t\t<\/div>\n\t\t\t\t\t\t<\/div>\n\t\t\t\t\t<\/div>\n\t\t\t\t\t\t                            <\/div>\n\t\t        \n                    <div id=\"vision-und-mission-tab\" class=\"clearfix eael-tab-content-item inactive\" data-title-link=\"vision-und-mission-tab\">\n\t\t\t\t        \t\t\t\t\t        <div class=\"stolpci\"><h1>Vision und mission<\/h1><p><strong>Vision<\/strong><\/p><p style=\"text-align: justify;\">Wir sind eine der f\u00fchrenden slowenischen Unternehmen und wettbewerbsf\u00e4hige mitteleurop\u00e4ische Gesellschaft im Bereich der Qualit\u00e4tssicherung und -Kontrolle, Ausbildung und Zertifizierung an Stromerzeugungsanlagen und pharmazeutischen, Infrastruktureinrichtungen und anderen Objekten anspruchsvoller Technologie.<\/p><p><strong>Mission<\/strong><\/p><p style=\"text-align: justify;\">Mit Kenntnissen, Professionalit\u00e4t und uneingeschr\u00e4nkter Qualit\u00e4t langfristige Partnerschaften zu bauen und ganzheitlich den Anforderungen der Kunden, Umwelt, Gesellschaft, Angestellten, Lieferanten und Eigent\u00fcmer zum gemeinsamen Wohl Rechnung zu tragen.<\/p><\/div>\t\t\t\t                            <\/div>\n\t\t        \n                    <div id=\"p-styletext-alignleftmargin-bottom0datenschutzerklrungp-tab\" class=\"clearfix eael-tab-content-item inactive\" data-title-link=\"p-styletext-alignleftmargin-bottom0datenschutzerklrungp-tab\">\n\t\t\t\t        \t\t\t\t\t        <h1>Datenschutzerkl\u00e4rung<\/h1><p style=\"text-align: justify;\">Q Techna verpflichtet sich zum Schutz der erhaltenen Informationen, einschlie\u00dflich personal Daten und bietet Ihnen die M\u00f6glichkeit zu w\u00e4hlen wie Sie kommunizieren m\u00f6chten.<\/p><p style=\"text-align: justify;\">Webformen auf der Seite www.qtechna.si dienen nur die Alternative zu anderen Komunikationskan\u00e4len und Kommunikationsunterst\u00fczung. Wir verwenden alle Informationen aus Online-Formularen nur um Ihnen Informationen und Dienstleistungen zur Verf\u00fcgung stellen k\u00f6nnen, die Ihren W\u00fcnschen entsprechen.<\/p><p style=\"text-align: justify;\">Wir d\u00fcrfen Ihre Daten nur zu diejenigen weitergeben, die im Auftrag von Q Techna und unseren Gesch\u00e4ftspartner arbeiten, um Ihre Zertifizierungsanfragen zu bearbeiten.<\/p><p>Link zum Dokument:<br \/><a href=\"https:\/\/www.qtechna.si\/de\/wp-content\/uploads\/sites\/14\/2021\/04\/Izjava_o_zaupnosti_in_nepristranskosti_DE_ERKLARUNG.pdf\" target=\"_blank\" rel=\"noopener\">Unparteilichkeit- und Vertraulichkeitserkl\u00e4rung (PDF)<\/a><\/p>\t\t\t\t                            <\/div>\n\t\t        \n                    <div id=\"kodexen-tab\" class=\"clearfix eael-tab-content-item inactive\" data-title-link=\"kodexen-tab\">\n\t\t\t\t        \t\t\t\t\t        <table><tbody><tr><th>Verhaltenskodex<\/th><th>Meldeverfahren<\/th><th>Antikorruptionskodex<\/th><\/tr><tr><td><a href=\"\/eng\/wp-content\/uploads\/sites\/2\/2025\/03\/Code-of-ethics.pdf\" target=\"_blank\" rel=\"noopener\">Um das Dokument zum Verhaltenskodex anzusehen, klicken Sie hier.<\/a><\/td><td><a href=\"\/eng\/wp-content\/uploads\/sites\/2\/2025\/03\/The-whistleblowing-procedure.pdf\" target=\"_blank\" rel=\"noopener\">Um das Dokument zum Meldeverfahren anzusehen, klicken Sie hier.<\/a><\/td><td><a href=\"\/eng\/wp-content\/uploads\/sites\/2\/2025\/03\/Anti-corruption-code.pdf\" target=\"_blank\" rel=\"noopener\">Um das Dokument zum Antikorruptionskodex anzusehen, klicken Sie hier.<\/a><\/td><\/tr><\/tbody><\/table>\t\t\t\t                            <\/div>\n\t\t        \n                    <div id=\"pogoji-tab\" class=\"clearfix eael-tab-content-item inactive\" data-title-link=\"pogoji-tab\">\n\t\t\t\t        \t\t\t\t\t        <table>\n<tbody>\n<tr>\n<th>Allgemeine Gesch\u00e4ftsbedingungen<\/th>\n<th>Dokument<\/th>\n<\/tr>\n<tr>\n<td>Allgemeine Gesch\u00e4ftsbedingungen<\/td>\n<td><a href=\"https:\/\/www.qtechna.si\/wp-content\/uploads\/2026\/02\/SPLOSNI-POGOJI-IN-DOLOCILA-STORITEV.pdf\" target=\"_blank\" rel=\"noopener\">Dokument ansehen<\/a><\/td>\n<\/tr>\n<\/tbody>\n<\/table>\t\t\t\t                            <\/div>\n\t\t                    <\/div>\n        <\/div>\n\t\t<\/div>\n\t\t\t\t<\/div>\n\t\t\t\t\t\t<\/div>\n\t\t\t\t\t<\/div>\n\t\t<\/div>\n\t\t\t\t\t\t\t\t<\/div>\n\t\t\t\t\t<\/div>\n\t\t<\/section>\n\t\t\t\t\t\t<\/div>\n\t\t\t\t\t\t<\/div>\n\t\t\t\t\t<\/div>\n\t\t","protected":false},"excerpt":{"rendered":"<p>Unternehmen Unternehmen Vision und mission Datenschutzerkl\u00e4rung Kodexen Allgemeine Gesch\u00e4ftsbedingungen Bankkonto Nr. (IBAN): SI56 0298 0001 6674 363Nova ljubljanska banka d.d. Ljubljana,\u00a0Trg republike 2, 1520 Ljubljana SWIFT Code: LJBASI2X Handelsregister Nr.: [&hellip;]<\/p>\n","protected":false},"author":1,"featured_media":0,"parent":0,"menu_order":0,"comment_status":"closed","ping_status":"closed","template":"","meta":{"footnotes":""},"class_list":["post-1639","page","type-page","status-publish","hentry","wpbf-post"],"_links":{"self":[{"href":"https:\/\/www.qtechna.si\/de\/wp-json\/wp\/v2\/pages\/1639","targetHints":{"allow":["GET"]}}],"collection":[{"href":"https:\/\/www.qtechna.si\/de\/wp-json\/wp\/v2\/pages"}],"about":[{"href":"https:\/\/www.qtechna.si\/de\/wp-json\/wp\/v2\/types\/page"}],"author":[{"embeddable":true,"href":"https:\/\/www.qtechna.si\/de\/wp-json\/wp\/v2\/users\/1"}],"replies":[{"embeddable":true,"href":"https:\/\/www.qtechna.si\/de\/wp-json\/wp\/v2\/comments?post=1639"}],"version-history":[{"count":192,"href":"https:\/\/www.qtechna.si\/de\/wp-json\/wp\/v2\/pages\/1639\/revisions"}],"predecessor-version":[{"id":16020,"href":"https:\/\/www.qtechna.si\/de\/wp-json\/wp\/v2\/pages\/1639\/revisions\/16020"}],"wp:attachment":[{"href":"https:\/\/www.qtechna.si\/de\/wp-json\/wp\/v2\/media?parent=1639"}],"curies":[{"name":"wp","href":"https:\/\/api.w.org\/{rel}","templated":true}]}}