{"id":1361,"date":"2020-12-05T14:38:15","date_gmt":"2020-12-05T14:38:15","guid":{"rendered":"https:\/\/qtechna.si\/de\/?page_id=1361"},"modified":"2022-05-06T12:22:41","modified_gmt":"2022-05-06T12:22:41","slug":"zertifizierung-von-schweissverfahren","status":"publish","type":"page","link":"https:\/\/www.qtechna.si\/de\/zertifizierung-von-schweissverfahren\/","title":{"rendered":"Zertifizierung von Schwei\u00dfverfahren"},"content":{"rendered":"\t\t<div data-elementor-type=\"wp-page\" data-elementor-id=\"1361\" class=\"elementor elementor-1361\" data-elementor-settings=\"[]\">\n\t\t\t\t\t\t<div class=\"elementor-inner\">\n\t\t\t\t\t\t\t<div class=\"elementor-section-wrap\">\n\t\t\t\t\t\t\t<section data-particle_enable=\"false\" data-particle-mobile-disabled=\"false\" class=\"elementor-section elementor-top-section elementor-element elementor-element-7a88f6a9 elementor-section-stretched elementor-section-boxed elementor-section-height-default elementor-section-height-default\" data-id=\"7a88f6a9\" data-element_type=\"section\" data-settings=\"{&quot;stretch_section&quot;:&quot;section-stretched&quot;,&quot;background_background&quot;:&quot;classic&quot;,&quot;_ha_eqh_enable&quot;:false}\">\n\t\t\t\t\t\t\t<div class=\"elementor-background-overlay\"><\/div>\n\t\t\t\t\t\t\t<div class=\"elementor-container elementor-column-gap-default\">\n\t\t\t\t\t\t\t<div class=\"elementor-row\">\n\t\t\t\t\t<div class=\"elementor-column elementor-col-100 elementor-top-column elementor-element elementor-element-455d102f\" data-id=\"455d102f\" data-element_type=\"column\" data-settings=\"{&quot;background_background&quot;:&quot;classic&quot;}\">\n\t\t\t<div class=\"elementor-column-wrap elementor-element-populated\">\n\t\t\t\t\t\t\t<div class=\"elementor-widget-wrap\">\n\t\t\t\t\t\t<div class=\"elementor-element elementor-element-93d12aa elementor-widget elementor-widget-heading\" data-id=\"93d12aa\" data-element_type=\"widget\" data-widget_type=\"heading.default\">\n\t\t\t\t<div class=\"elementor-widget-container\">\n\t\t\t<h1 class=\"elementor-heading-title elementor-size-default\">Zertifizierung von Schwei\u00dfverfahren<\/h1>\t\t<\/div>\n\t\t\t\t<\/div>\n\t\t\t\t\t\t<\/div>\n\t\t\t\t\t<\/div>\n\t\t<\/div>\n\t\t\t\t\t\t\t\t<\/div>\n\t\t\t\t\t<\/div>\n\t\t<\/section>\n\t\t\t\t<section data-particle_enable=\"false\" data-particle-mobile-disabled=\"false\" class=\"elementor-section elementor-top-section elementor-element elementor-element-5cbfe347 elementor-section-content-top elementor-section-boxed elementor-section-height-default elementor-section-height-default\" data-id=\"5cbfe347\" data-element_type=\"section\" data-settings=\"{&quot;background_background&quot;:&quot;classic&quot;,&quot;_ha_eqh_enable&quot;:false}\">\n\t\t\t\t\t\t<div class=\"elementor-container elementor-column-gap-default\">\n\t\t\t\t\t\t\t<div class=\"elementor-row\">\n\t\t\t\t\t<div class=\"elementor-column elementor-col-100 elementor-top-column elementor-element elementor-element-1d332a42\" data-id=\"1d332a42\" data-element_type=\"column\" data-settings=\"{&quot;background_background&quot;:&quot;classic&quot;}\">\n\t\t\t<div class=\"elementor-column-wrap elementor-element-populated\">\n\t\t\t\t\t\t\t<div class=\"elementor-widget-wrap\">\n\t\t\t\t\t\t<div class=\"elementor-element elementor-element-d594b3a elementor-widget elementor-widget-eael-advanced-menu\" data-id=\"d594b3a\" data-element_type=\"widget\" data-widget_type=\"eael-advanced-menu.skin-seven\">\n\t\t\t\t<div class=\"elementor-widget-container\">\n\t\t\t<div class=\"eael-advanced-menu-container eael-advanced-menu-align-left eael-advanced-menu-dropdown-align-left\" data-indicator-class=\"fas fa-angle-down fa-solid\" data-dropdown-indicator-class=\"fas fa-angle-down fa-solid\"><ul id=\"menu-certificiranja-s-podrocja-varjenja\" class=\"eael-advanced-menu eael-advanced-menu-dropdown-animate-to-top eael-advanced-menu-indicator eael-advanced-menu-vertical\"><li id=\"menu-item-14441\" class=\"menu-item menu-item-type-post_type menu-item-object-page menu-item-14441\"><a href=\"https:\/\/www.qtechna.si\/de\/schweisser-zertifizierungen\/\">Schwei\u00dfer-Zertifizierungen<\/a><\/li>\n<\/ul><\/div>\t\t<\/div>\n\t\t\t\t<\/div>\n\t\t\t\t<div class=\"elementor-element elementor-element-27f735c0 elementor-widget elementor-widget-eael-adv-tabs\" data-id=\"27f735c0\" data-element_type=\"widget\" data-widget_type=\"eael-adv-tabs.default\">\n\t\t\t\t<div class=\"elementor-widget-container\">\n\t\t\t        <div id=\"eael-advance-tabs-27f735c0\" class=\"eael-advance-tabs eael-tabs-vertical eael-tab-auto-active active-caret-on\" data-tabid=\"27f735c0\">\n            <div class=\"eael-tabs-nav\">\n                <ul class=\"eael-tab-inline-icon\">\n                                            <li id=\"p-styletext-alignleftmargin-bottom0zertifizierung-vonbrschweiverfahrenp\" class=\"inactive eael-tab-item-trigger\" aria-selected=\"true\" data-tab=\"1\" role=\"tab\" tabindex=\"0\" aria-controls=\"p-styletext-alignleftmargin-bottom0zertifizierung-vonbrschweiverfahrenp-tab\" aria-expanded=\"false\">\n                            \n                                                        \n                                                            <span class=\"eael-tab-title  title-after-icon\"><p style=\"text-align:left;margin-bottom:0\">Zertifizierung von<br>Schwei\u00dfverfahren<\/p><\/span>                            \n                                                    <\/li>\n                                            <li id=\"zertifizierungsprozess\" class=\"inactive eael-tab-item-trigger\" aria-selected=\"false\" data-tab=\"2\" role=\"tab\" tabindex=\"-1\" aria-controls=\"zertifizierungsprozess-tab\" aria-expanded=\"false\">\n                            \n                                                                <i class=\"fas fa-home\"><\/i>                                                            \n                                                            <span class=\"eael-tab-title  title-after-icon\">Zertifizierungsprozess<\/span>                            \n                                                    <\/li>\n                                            <li id=\"kontakt\" class=\"inactive eael-tab-item-trigger\" aria-selected=\"false\" data-tab=\"3\" role=\"tab\" tabindex=\"-1\" aria-controls=\"kontakt-tab\" aria-expanded=\"false\">\n                            \n                                                        \n                                                            <span class=\"eael-tab-title  title-after-icon\">Kontakt<\/span>                            \n                                                    <\/li>\n                                    <\/ul>\n            <\/div>\n            \n            <div class=\"eael-tabs-content\">\n\t\t        \n                    <div id=\"p-styletext-alignleftmargin-bottom0zertifizierung-vonbrschweiverfahrenp-tab\" class=\"clearfix eael-tab-content-item inactive\" data-title-link=\"p-styletext-alignleftmargin-bottom0zertifizierung-vonbrschweiverfahrenp-tab\">\n\t\t\t\t        \t\t\t\t\t        \t\t<div data-elementor-type=\"section\" data-elementor-id=\"1393\" class=\"elementor elementor-1393\" data-elementor-settings=\"[]\">\n\t\t<div class=\"elementor-section-wrap\">\n\t\t\t\t\t<section data-particle_enable=\"false\" data-particle-mobile-disabled=\"false\" class=\"elementor-section elementor-top-section elementor-element elementor-element-65805fdd elementor-section-boxed elementor-section-height-default elementor-section-height-default\" data-id=\"65805fdd\" data-element_type=\"section\" data-settings=\"{&quot;_ha_eqh_enable&quot;:false}\">\n\t\t\t\t\t\t<div class=\"elementor-container elementor-column-gap-default\">\n\t\t\t\t\t\t\t<div class=\"elementor-row\">\n\t\t\t\t\t<div class=\"elementor-column elementor-col-50 elementor-top-column elementor-element elementor-element-64577a4c\" data-id=\"64577a4c\" data-element_type=\"column\">\n\t\t\t<div class=\"elementor-column-wrap elementor-element-populated\">\n\t\t\t\t\t\t\t<div class=\"elementor-widget-wrap\">\n\t\t\t\t\t\t<div class=\"elementor-element elementor-element-1b076d68 elementor-widget elementor-widget-text-editor\" data-id=\"1b076d68\" data-element_type=\"widget\" data-widget_type=\"text-editor.default\">\n\t\t\t\t<div class=\"elementor-widget-container\">\n\t\t\t\t\t\t\t\t<div class=\"elementor-text-editor elementor-clearfix\">\n\t\t\t\t<p>Die gepr\u00fcften F\u00fcgeverfahren (Schwei\u00dfverfahren) sind eine Voraussetzung f\u00fcr den Beginn der Arbeiten im Bereich des Zusammenf\u00fcgens. Ungeeignete Technologie und damit verbundene unangemessene Eigenschaften von Schwei\u00dfverbindungen k\u00f6nnen zu gravierenden Folgen f\u00fchren.<\/p><h3>Zertifizieren = Bescheinigen<\/h3><h3 style=\"margin-bottom: 0;\">Bereiche der Zertifizierung:<\/h3><ul><li>Schwei\u00dfverfahren<\/li><li>L\u00f6tverfahren<\/li><\/ul><h3 style=\"margin-bottom: 0;\">Normen f\u00fcr die Zertifizierung von Schwei\u00df- und L\u00f6tverfahren:<\/h3><ul><li>EN ISO 15614 Serie<\/li><li>EN ISO 15613<\/li><li>AD-2000 HP2\/1<\/li><li>ASME B&amp;P Code section IX<\/li><li>SIST EN 13134<\/li><li>SIST EN 13067<\/li><li>DVS \u2013 Merkbl\u00e4tter 2201-1\/2;\u00a0 2203-1; 2207-2<\/li><\/ul><h3 style=\"margin-bottom: 0;\">F\u00fcgeverfahren, die wir zertifizieren:<\/h3><ul><li>Alle Metallschwei\u00dfverfahren (manuelles Lichtbogenschwei\u00dfen, MIG\/MAG, TIG, UP-Schwei\u00dfen, autogenes Schwei\u00dfen, Laser\u2026)<\/li><li>L\u00f6ten,<\/li><li>Schwei\u00dfen von Thermoplasten.<\/li><\/ul>\t\t\t\t\t<\/div>\n\t\t\t\t\t\t<\/div>\n\t\t\t\t<\/div>\n\t\t\t\t\t\t<\/div>\n\t\t\t\t\t<\/div>\n\t\t<\/div>\n\t\t\t\t<div class=\"elementor-column elementor-col-50 elementor-top-column elementor-element elementor-element-557866d1\" data-id=\"557866d1\" data-element_type=\"column\">\n\t\t\t<div class=\"elementor-column-wrap elementor-element-populated\">\n\t\t\t\t\t\t\t<div class=\"elementor-widget-wrap\">\n\t\t\t\t\t\t<div class=\"elementor-element elementor-element-51b0d382 elementor-author-box--layout-image-above ha-css-transform-yes block1 elementor-widget elementor-widget-author-box\" data-id=\"51b0d382\" data-element_type=\"widget\" data-widget_type=\"author-box.default\">\n\t\t\t\t<div class=\"elementor-widget-container\">\n\t\t\t\t\t<div class=\"elementor-author-box\">\n\t\t\t\t\t\t\t<div  class=\"elementor-author-box__avatar\">\n\t\t\t\t\t<img decoding=\"async\" src=\"https:\/\/www.qtechna.si\/de\/wp-content\/uploads\/sites\/14\/2020\/12\/Ambroz_Rozman_nova_2018-300x288.jpg\" alt=\"mag. Ambro\u017e Ro\u017eman\">\n\t\t\t\t<\/div>\n\t\t\t\n\t\t\t<div class=\"elementor-author-box__text\">\n\t\t\t\t\t\t\t\t\t<div >\n\t\t\t\t\t\t<h4 class=\"elementor-author-box__name\">\n\t\t\t\t\t\t\tmag. Ambro\u017e Ro\u017eman\t\t\t\t\t\t<\/h4>\n\t\t\t\t\t<\/div>\n\t\t\t\t\n\t\t\t\t\t\t\t\t\t<div class=\"elementor-author-box__bio\">\n\t\t\t\t\t\t<p>+386 7 49 12 419<br \/>\n+386 41 215 267<br \/>\n<a href=\"mailto:ambroz.rozman@qtechna.si\">ambroz.rozman@qtechna.si<\/a><br \/>\n<a href=\"mailto:atestiranje@qtechna.si\">atestiranje@qtechna.si<\/a><\/p>\n\t\t\t\t\t<\/div>\n\t\t\t\t\n\t\t\t\t\t\t\t<\/div>\n\t\t<\/div>\n\t\t\t\t<\/div>\n\t\t\t\t<\/div>\n\t\t\t\t<div class=\"elementor-element elementor-element-6c209ceb elementor-author-box--layout-image-above ha-css-transform-yes block1 elementor-widget elementor-widget-author-box\" data-id=\"6c209ceb\" data-element_type=\"widget\" data-widget_type=\"author-box.default\">\n\t\t\t\t<div class=\"elementor-widget-container\">\n\t\t\t\t\t<div class=\"elementor-author-box\">\n\t\t\t\t\t\t\t<div  class=\"elementor-author-box__avatar\">\n\t\t\t\t\t<img decoding=\"async\" src=\"https:\/\/www.qtechna.si\/de\/wp-content\/uploads\/sites\/14\/2020\/12\/milanjavornik.png\" alt=\"Milan Javornik\">\n\t\t\t\t<\/div>\n\t\t\t\n\t\t\t<div class=\"elementor-author-box__text\">\n\t\t\t\t\t\t\t\t\t<div >\n\t\t\t\t\t\t<h4 class=\"elementor-author-box__name\">\n\t\t\t\t\t\t\tMilan Javornik\t\t\t\t\t\t<\/h4>\n\t\t\t\t\t<\/div>\n\t\t\t\t\n\t\t\t\t\t\t\t\t\t<div class=\"elementor-author-box__bio\">\n\t\t\t\t\t\t<p>+386 7 49 12 431<br \/>\n+386 41 559 706<br \/>\n<a href=\"mailto:milan.javornik@qtechna.si\">milan.javornik@qtechna.si<\/a><br \/>\n<a href=\"mailto:atestiranje@qtechna.si\">atestiranje@qtechna.si<\/a><\/p>\n\t\t\t\t\t<\/div>\n\t\t\t\t\n\t\t\t\t\t\t\t<\/div>\n\t\t<\/div>\n\t\t\t\t<\/div>\n\t\t\t\t<\/div>\n\t\t\t\t<div class=\"elementor-element elementor-element-37774d66 elementor-author-box--layout-image-above ha-css-transform-yes block1 elementor-widget elementor-widget-author-box\" data-id=\"37774d66\" data-element_type=\"widget\" data-widget_type=\"author-box.default\">\n\t\t\t\t<div class=\"elementor-widget-container\">\n\t\t\t\t\t<div class=\"elementor-author-box\">\n\t\t\t\t\t\t\t<div  class=\"elementor-author-box__avatar\">\n\t\t\t\t\t<img decoding=\"async\" src=\"https:\/\/www.qtechna.si\/de\/wp-content\/uploads\/sites\/14\/2020\/12\/alesw.png\" alt=\"Andrej Weiss\">\n\t\t\t\t<\/div>\n\t\t\t\n\t\t\t<div class=\"elementor-author-box__text\">\n\t\t\t\t\t\t\t\t\t<div >\n\t\t\t\t\t\t<h4 class=\"elementor-author-box__name\">\n\t\t\t\t\t\t\tAndrej Weiss\t\t\t\t\t\t<\/h4>\n\t\t\t\t\t<\/div>\n\t\t\t\t\n\t\t\t\t\t\t\t\t\t<div class=\"elementor-author-box__bio\">\n\t\t\t\t\t\t<p>+386 7 49 12 439<br \/>\n+386 31 719 834<br \/>\n<a href=\"mailto:andrej.weiss@qtechna.si\">andrej.weiss@qtechna.si<\/a><br \/>\n<a href=\"mailto:atestiranje@qtechna.si\">atestiranje@qtechna.si<\/a><\/p>\n\t\t\t\t\t<\/div>\n\t\t\t\t\n\t\t\t\t\t\t\t<\/div>\n\t\t<\/div>\n\t\t\t\t<\/div>\n\t\t\t\t<\/div>\n\t\t\t\t<div class=\"elementor-element elementor-element-456b728 elementor-author-box--layout-image-above ha-css-transform-yes block1 elementor-widget elementor-widget-author-box\" data-id=\"456b728\" data-element_type=\"widget\" data-widget_type=\"author-box.default\">\n\t\t\t\t<div class=\"elementor-widget-container\">\n\t\t\t\t\t<div class=\"elementor-author-box\">\n\t\t\t\t\t\t\t<div  class=\"elementor-author-box__avatar\">\n\t\t\t\t\t<img decoding=\"async\" src=\"https:\/\/www.qtechna.si\/hr\/wp-content\/uploads\/sites\/12\/2020\/12\/Jernej-Zofic-scaled.jpg\" alt=\"Jernej Zofi\u010d\">\n\t\t\t\t<\/div>\n\t\t\t\n\t\t\t<div class=\"elementor-author-box__text\">\n\t\t\t\t\t\t\t\t\t<div >\n\t\t\t\t\t\t<h4 class=\"elementor-author-box__name\">\n\t\t\t\t\t\t\tJernej Zofi\u010d\t\t\t\t\t\t<\/h4>\n\t\t\t\t\t<\/div>\n\t\t\t\t\n\t\t\t\t\t\t\t\t\t<div class=\"elementor-author-box__bio\">\n\t\t\t\t\t\t<p>+386 7 49 12 454<br \/>\n+386 31 818 037<br \/>\n<a href=\"mailto:jernej.zofic@qtechna.si\">jernej.zofic@qtecnha.si<\/a><br \/>\n<a href=\"atestiranje@qtechna.si\">atestiranje@qtechna.si<\/a><\/p>\n\t\t\t\t\t<\/div>\n\t\t\t\t\n\t\t\t\t\t\t\t<\/div>\n\t\t<\/div>\n\t\t\t\t<\/div>\n\t\t\t\t<\/div>\n\t\t\t\t\t\t<\/div>\n\t\t\t\t\t<\/div>\n\t\t<\/div>\n\t\t\t\t\t\t\t\t<\/div>\n\t\t\t\t\t<\/div>\n\t\t<\/section>\n\t\t\t\t<\/div>\n\t\t<\/div>\n\t\t\t\t\t\t                            <\/div>\n\t\t        \n                    <div id=\"zertifizierungsprozess-tab\" class=\"clearfix eael-tab-content-item inactive\" data-title-link=\"zertifizierungsprozess-tab\">\n\t\t\t\t        \t\t\t\t\t        <h1>Zertifizierungsprozess<\/h1><p><img loading=\"lazy\" decoding=\"async\" class=\"alignleft wp-image-15473\" src=\"https:\/\/www.qtechna.si\/de\/wp-content\/uploads\/sites\/14\/2021\/01\/4624_DE-prevod_flowchart_certificiranje-varilcev.png\" alt=\"\" width=\"700\" height=\"54\" srcset=\"https:\/\/www.qtechna.si\/de\/wp-content\/uploads\/sites\/14\/2021\/01\/4624_DE-prevod_flowchart_certificiranje-varilcev.png 2359w, https:\/\/www.qtechna.si\/de\/wp-content\/uploads\/sites\/14\/2021\/01\/4624_DE-prevod_flowchart_certificiranje-varilcev-300x23.png 300w, https:\/\/www.qtechna.si\/de\/wp-content\/uploads\/sites\/14\/2021\/01\/4624_DE-prevod_flowchart_certificiranje-varilcev-1024x79.png 1024w, https:\/\/www.qtechna.si\/de\/wp-content\/uploads\/sites\/14\/2021\/01\/4624_DE-prevod_flowchart_certificiranje-varilcev-768x60.png 768w, https:\/\/www.qtechna.si\/de\/wp-content\/uploads\/sites\/14\/2021\/01\/4624_DE-prevod_flowchart_certificiranje-varilcev-1536x119.png 1536w, https:\/\/www.qtechna.si\/de\/wp-content\/uploads\/sites\/14\/2021\/01\/4624_DE-prevod_flowchart_certificiranje-varilcev-2048x159.png 2048w\" sizes=\"auto, (max-width: 700px) 100vw, 700px\" \/><\/p><p>\u00a0<\/p><p>\u00a0<\/p><p><a href=\"https:\/\/www.qtechna.si\/wp-content\/uploads\/2021\/05\/SP-07.03-Pravila-postopka-cerificiranja-varilnih-postopkov-Rev07.pdf\">Zertifizierungsprozess<\/a><\/p>\t\t\t\t                            <\/div>\n\t\t        \n                    <div id=\"kontakt-tab\" class=\"clearfix eael-tab-content-item inactive\" data-title-link=\"kontakt-tab\">\n\t\t\t\t        \t\t\t\t\t        <h1>Kontakt<\/h1><p><div class=\"wpforms-container wpforms-container-full\" id=\"wpforms-7239\"><form id=\"wpforms-form-7239\" class=\"wpforms-validate wpforms-form\" data-formid=\"7239\" method=\"post\" enctype=\"multipart\/form-data\" action=\"\/de\/wp-json\/wp\/v2\/pages\/1361\" data-token=\"4865748ebfa7e837131243bca9eb58ee\" data-token-time=\"1777483955\"><noscript class=\"wpforms-error-noscript\">Please enable JavaScript in your browser to complete this form.<\/noscript><div class=\"wpforms-field-container\"><div id=\"wpforms-7239-field_19-container\" class=\"wpforms-field wpforms-field-text\" data-field-id=\"19\"><label class=\"wpforms-field-label\" for=\"wpforms-7239-field_19\">Ihr Name: <span class=\"wpforms-required-label\">*<\/span><\/label><input type=\"text\" id=\"wpforms-7239-field_19\" class=\"wpforms-field-medium wpforms-field-required\" name=\"wpforms[fields][19]\" required><\/div><div id=\"wpforms-7239-field_21-container\" class=\"wpforms-field wpforms-field-text\" data-field-id=\"21\"><label class=\"wpforms-field-label\" for=\"wpforms-7239-field_21\">Betreff: <span class=\"wpforms-required-label\">*<\/span><\/label><input type=\"text\" id=\"wpforms-7239-field_21\" class=\"wpforms-field-medium wpforms-field-required\" name=\"wpforms[fields][21]\" required><\/div><div id=\"wpforms-7239-field_20-container\" class=\"wpforms-field wpforms-field-text\" data-field-id=\"20\"><label class=\"wpforms-field-label\" for=\"wpforms-7239-field_20\">Ihre E-Mail Adresse: <span class=\"wpforms-required-label\">*<\/span><\/label><input type=\"text\" id=\"wpforms-7239-field_20\" class=\"wpforms-field-medium wpforms-field-required\" name=\"wpforms[fields][20]\" required><\/div><div id=\"wpforms-7239-field_24-container\" class=\"wpforms-field wpforms-field-textarea\" data-field-id=\"24\"><label class=\"wpforms-field-label\" for=\"wpforms-7239-field_24\">Ihre Nachricht: <span class=\"wpforms-required-label\">*<\/span><\/label><textarea id=\"wpforms-7239-field_24\" class=\"wpforms-field-medium wpforms-field-required\" name=\"wpforms[fields][24]\" required><\/textarea><\/div><\/div><!-- .wpforms-field-container --><div class=\"wpforms-submit-container\" ><input type=\"hidden\" name=\"wpforms[id]\" value=\"7239\"><input type=\"hidden\" name=\"page_title\" value=\"\"><input type=\"hidden\" name=\"page_url\" value=\"https:\/\/www.qtechna.si\/de\/wp-json\/wp\/v2\/pages\/1361\"><input type=\"hidden\" name=\"url_referer\" value=\"\"><button type=\"submit\" name=\"wpforms[submit]\" id=\"wpforms-submit-7239\" class=\"wpforms-submit\" data-alt-text=\"Senden...\" data-submit-text=\"E-mail Senden\" aria-live=\"assertive\" value=\"wpforms-submit\">E-mail Senden<\/button><\/div><\/form><\/div>  <!-- .wpforms-container --><\/p>\t\t\t\t                            <\/div>\n\t\t                    <\/div>\n        <\/div>\n\t\t<\/div>\n\t\t\t\t<\/div>\n\t\t\t\t\t\t<\/div>\n\t\t\t\t\t<\/div>\n\t\t<\/div>\n\t\t\t\t\t\t\t\t<\/div>\n\t\t\t\t\t<\/div>\n\t\t<\/section>\n\t\t\t\t\t\t<\/div>\n\t\t\t\t\t\t<\/div>\n\t\t\t\t\t<\/div>\n\t\t","protected":false},"excerpt":{"rendered":"<p>Zertifizierung von Schwei\u00dfverfahren Schwei\u00dfer-Zertifizierungen Zertifizierung vonSchwei\u00dfverfahren Zertifizierungsprozess Kontakt Die gepr\u00fcften F\u00fcgeverfahren (Schwei\u00dfverfahren) sind eine Voraussetzung f\u00fcr den Beginn der Arbeiten im Bereich des Zusammenf\u00fcgens. Ungeeignete Technologie und damit verbundene unangemessene [&hellip;]<\/p>\n","protected":false},"author":1,"featured_media":0,"parent":0,"menu_order":0,"comment_status":"closed","ping_status":"closed","template":"","meta":{"footnotes":""},"class_list":["post-1361","page","type-page","status-publish","hentry","wpbf-post"],"_links":{"self":[{"href":"https:\/\/www.qtechna.si\/de\/wp-json\/wp\/v2\/pages\/1361","targetHints":{"allow":["GET"]}}],"collection":[{"href":"https:\/\/www.qtechna.si\/de\/wp-json\/wp\/v2\/pages"}],"about":[{"href":"https:\/\/www.qtechna.si\/de\/wp-json\/wp\/v2\/types\/page"}],"author":[{"embeddable":true,"href":"https:\/\/www.qtechna.si\/de\/wp-json\/wp\/v2\/users\/1"}],"replies":[{"embeddable":true,"href":"https:\/\/www.qtechna.si\/de\/wp-json\/wp\/v2\/comments?post=1361"}],"version-history":[{"count":215,"href":"https:\/\/www.qtechna.si\/de\/wp-json\/wp\/v2\/pages\/1361\/revisions"}],"predecessor-version":[{"id":15505,"href":"https:\/\/www.qtechna.si\/de\/wp-json\/wp\/v2\/pages\/1361\/revisions\/15505"}],"wp:attachment":[{"href":"https:\/\/www.qtechna.si\/de\/wp-json\/wp\/v2\/media?parent=1361"}],"curies":[{"name":"wp","href":"https:\/\/api.w.org\/{rel}","templated":true}]}}