{"id":13301,"date":"2021-04-08T18:00:57","date_gmt":"2021-04-08T18:00:57","guid":{"rendered":"https:\/\/qtechna.si\/de\/?page_id=13301"},"modified":"2022-04-15T12:21:46","modified_gmt":"2022-04-15T12:21:46","slug":"zertifizierung-von-managementsystemen","status":"publish","type":"page","link":"https:\/\/www.qtechna.si\/de\/zertifizierung-von-managementsystemen\/","title":{"rendered":"Zertifizierung von Managementsystemen"},"content":{"rendered":"\t\t<div data-elementor-type=\"wp-page\" data-elementor-id=\"13301\" class=\"elementor elementor-13301\" data-elementor-settings=\"[]\">\n\t\t\t\t\t\t<div class=\"elementor-inner\">\n\t\t\t\t\t\t\t<div class=\"elementor-section-wrap\">\n\t\t\t\t\t\t\t<section data-particle_enable=\"false\" data-particle-mobile-disabled=\"false\" class=\"elementor-section elementor-top-section elementor-element elementor-element-64b41b0 elementor-section-stretched elementor-section-boxed elementor-section-height-default elementor-section-height-default\" data-id=\"64b41b0\" data-element_type=\"section\" data-settings=\"{&quot;stretch_section&quot;:&quot;section-stretched&quot;,&quot;background_background&quot;:&quot;classic&quot;,&quot;_ha_eqh_enable&quot;:false}\">\n\t\t\t\t\t\t\t<div class=\"elementor-background-overlay\"><\/div>\n\t\t\t\t\t\t\t<div class=\"elementor-container elementor-column-gap-default\">\n\t\t\t\t\t\t\t<div class=\"elementor-row\">\n\t\t\t\t\t<div class=\"elementor-column elementor-col-100 elementor-top-column elementor-element elementor-element-d3a3797\" data-id=\"d3a3797\" data-element_type=\"column\" data-settings=\"{&quot;background_background&quot;:&quot;classic&quot;}\">\n\t\t\t<div class=\"elementor-column-wrap elementor-element-populated\">\n\t\t\t\t\t\t\t<div class=\"elementor-widget-wrap\">\n\t\t\t\t\t\t<div class=\"elementor-element elementor-element-8aacb87 elementor-widget elementor-widget-heading\" data-id=\"8aacb87\" data-element_type=\"widget\" data-widget_type=\"heading.default\">\n\t\t\t\t<div class=\"elementor-widget-container\">\n\t\t\t<h1 class=\"elementor-heading-title elementor-size-default\">Zertifizierung ISO 9001, ISO 14001 in ISO 45001<\/h1>\t\t<\/div>\n\t\t\t\t<\/div>\n\t\t\t\t\t\t<\/div>\n\t\t\t\t\t<\/div>\n\t\t<\/div>\n\t\t\t\t\t\t\t\t<\/div>\n\t\t\t\t\t<\/div>\n\t\t<\/section>\n\t\t\t\t<section data-particle_enable=\"false\" data-particle-mobile-disabled=\"false\" class=\"elementor-section elementor-top-section elementor-element elementor-element-f911669 elementor-section-content-top elementor-section-boxed elementor-section-height-default elementor-section-height-default\" data-id=\"f911669\" data-element_type=\"section\" data-settings=\"{&quot;_ha_eqh_enable&quot;:false}\">\n\t\t\t\t\t\t<div class=\"elementor-container elementor-column-gap-default\">\n\t\t\t\t\t\t\t<div class=\"elementor-row\">\n\t\t\t\t\t<div class=\"elementor-column elementor-col-100 elementor-top-column elementor-element elementor-element-e51321e\" data-id=\"e51321e\" data-element_type=\"column\" data-settings=\"{&quot;background_background&quot;:&quot;classic&quot;}\">\n\t\t\t<div class=\"elementor-column-wrap elementor-element-populated\">\n\t\t\t\t\t\t\t<div class=\"elementor-widget-wrap\">\n\t\t\t\t\t\t<div class=\"elementor-element elementor-element-f9f509c elementor-widget elementor-widget-eael-advanced-menu\" data-id=\"f9f509c\" data-element_type=\"widget\" data-widget_type=\"eael-advanced-menu.skin-seven\">\n\t\t\t\t<div class=\"elementor-widget-container\">\n\t\t\t<div class=\"eael-advanced-menu-container eael-advanced-menu-align-left eael-advanced-menu-dropdown-align-left\" data-indicator-class=\"fas fa-angle-down fa-solid\" data-dropdown-indicator-class=\"fas fa-angle-down fa-solid\"><ul id=\"menu-certificiranja\" class=\"eael-advanced-menu eael-advanced-menu-dropdown-animate-to-top eael-advanced-menu-indicator eael-advanced-menu-vertical\"><li id=\"menu-item-13003\" class=\"menu-item menu-item-type-post_type menu-item-object-page menu-item-13003\"><a href=\"https:\/\/www.qtechna.si\/de\/zertifizierung\/\">Zertifizierung<\/a><\/li>\n<\/ul><\/div>\t\t<\/div>\n\t\t\t\t<\/div>\n\t\t\t\t<div class=\"elementor-element elementor-element-a4525f7 elementor-widget elementor-widget-eael-adv-tabs\" data-id=\"a4525f7\" data-element_type=\"widget\" data-widget_type=\"eael-adv-tabs.default\">\n\t\t\t\t<div class=\"elementor-widget-container\">\n\t\t\t        <div id=\"eael-advance-tabs-a4525f7\" class=\"eael-advance-tabs eael-tabs-vertical eael-tab-auto-active active-caret-on\" data-tabid=\"a4525f7\">\n            <div class=\"eael-tabs-nav\">\n                <ul class=\"eael-tab-inline-icon\">\n                                            <li id=\"p-styletext-alignleftmargin-bottom0zertifizierung-iso-9001br-iso-14001-in-iso-45001p\" class=\"inactive eael-tab-item-trigger\" aria-selected=\"true\" data-tab=\"1\" role=\"tab\" tabindex=\"0\" aria-controls=\"p-styletext-alignleftmargin-bottom0zertifizierung-iso-9001br-iso-14001-in-iso-45001p-tab\" aria-expanded=\"false\">\n                            \n                                                        \n                                                            <span class=\"eael-tab-title  title-after-icon\"><p style=\"text-align:left;margin-bottom:0\">Zertifizierung ISO 9001,<br> ISO 14001 in ISO 45001<\/p><\/span>                            \n                                                    <\/li>\n                                            <li id=\"zertifizierungsprozess\" class=\"inactive eael-tab-item-trigger\" aria-selected=\"false\" data-tab=\"2\" role=\"tab\" tabindex=\"-1\" aria-controls=\"zertifizierungsprozess-tab\" aria-expanded=\"false\">\n                            \n                                                                <i class=\"fas fa-home\"><\/i>                                                            \n                                                            <span class=\"eael-tab-title  title-after-icon\">Zertifizierungsprozess<\/span>                            \n                                                    <\/li>\n                                            <li id=\"kontakt\" class=\"inactive eael-tab-item-trigger\" aria-selected=\"false\" data-tab=\"3\" role=\"tab\" tabindex=\"-1\" aria-controls=\"kontakt-tab\" aria-expanded=\"false\">\n                            \n                                                        \n                                                            <span class=\"eael-tab-title  title-after-icon\">Kontakt<\/span>                            \n                                                    <\/li>\n                                    <\/ul>\n            <\/div>\n            \n            <div class=\"eael-tabs-content\">\n\t\t        \n                    <div id=\"p-styletext-alignleftmargin-bottom0zertifizierung-iso-9001br-iso-14001-in-iso-45001p-tab\" class=\"clearfix eael-tab-content-item inactive\" data-title-link=\"p-styletext-alignleftmargin-bottom0zertifizierung-iso-9001br-iso-14001-in-iso-45001p-tab\">\n\t\t\t\t        \t\t\t\t\t        \t\t<div data-elementor-type=\"page\" data-elementor-id=\"13320\" class=\"elementor elementor-13320\" data-elementor-settings=\"[]\">\n\t\t\t\t\t\t<div class=\"elementor-inner\">\n\t\t\t\t\t\t\t<div class=\"elementor-section-wrap\">\n\t\t\t\t\t\t\t<section data-particle_enable=\"false\" data-particle-mobile-disabled=\"false\" class=\"elementor-section elementor-top-section elementor-element elementor-element-7defba53 elementor-section-boxed elementor-section-height-default elementor-section-height-default\" data-id=\"7defba53\" data-element_type=\"section\" data-settings=\"{&quot;_ha_eqh_enable&quot;:false}\">\n\t\t\t\t\t\t<div class=\"elementor-container elementor-column-gap-default\">\n\t\t\t\t\t\t\t<div class=\"elementor-row\">\n\t\t\t\t\t<div class=\"elementor-column elementor-col-50 elementor-top-column elementor-element elementor-element-3e677ff4\" data-id=\"3e677ff4\" data-element_type=\"column\">\n\t\t\t<div class=\"elementor-column-wrap elementor-element-populated\">\n\t\t\t\t\t\t\t<div class=\"elementor-widget-wrap\">\n\t\t\t\t\t\t<div class=\"elementor-element elementor-element-2285428b elementor-widget elementor-widget-text-editor\" data-id=\"2285428b\" data-element_type=\"widget\" data-widget_type=\"text-editor.default\">\n\t\t\t\t<div class=\"elementor-widget-container\">\n\t\t\t\t\t\t\t\t<div class=\"elementor-text-editor elementor-clearfix\">\n\t\t\t\t<p>Zertifizierte Managementsysteme sind in fast jedem Unternehmen eine Notwendigkeit. Mit den Zertifikaten ISO 9001, ISO 14001 und ISO 45001 beweisen die Unternehmen ihre Verpflichtung zur Qualit\u00e4t, Umwelt und Arbeitssicherheit. Die Vorteile der Zertifizierung sind bessere Gesch\u00e4ftstransparenz, das Engagement f\u00fcr Verbesserungen, Gesch\u00e4ftseffizienz und Exzellenz, Identifizierung von Schwachstellen und Schaffung von Wettbewerbsf\u00e4higkeit und Vertrauen sowohl bei Gesch\u00e4ftspartnern als auch in der breiten \u00d6ffentlichkeit.<\/p><p>Unsere Experten sind in verschiedenen Bereichen der Zertifizierung t\u00e4tig und erfahren. Falls Sie die oben genannten Managementsysteme zertifizieren m\u00f6chten, laden wir Sie ein, Erfahrungen mit ihnen auszutauschen oder etwaige Probleme zu besprechen. Wir freuen uns auf Ihren Anruf oder Besuch.<\/p>\t\t\t\t\t<\/div>\n\t\t\t\t\t\t<\/div>\n\t\t\t\t<\/div>\n\t\t\t\t\t\t<\/div>\n\t\t\t\t\t<\/div>\n\t\t<\/div>\n\t\t\t\t<div class=\"elementor-column elementor-col-50 elementor-top-column elementor-element elementor-element-39f67754\" data-id=\"39f67754\" data-element_type=\"column\">\n\t\t\t<div class=\"elementor-column-wrap elementor-element-populated\">\n\t\t\t\t\t\t\t<div class=\"elementor-widget-wrap\">\n\t\t\t\t\t\t<div class=\"elementor-element elementor-element-913a631 elementor-author-box--layout-image-above block1 ha-css-transform-yes elementor-widget elementor-widget-author-box\" data-id=\"913a631\" data-element_type=\"widget\" data-widget_type=\"author-box.default\">\n\t\t\t\t<div class=\"elementor-widget-container\">\n\t\t\t\t\t<div class=\"elementor-author-box\">\n\t\t\t\t\t\t\t<div  class=\"elementor-author-box__avatar\">\n\t\t\t\t\t<img decoding=\"async\" src=\"https:\/\/www.qtechna.si\/de\/wp-content\/uploads\/sites\/14\/2020\/12\/Ambroz_Rozman_nova_2018-300x288.jpg\" alt=\"mag. Ambro\u017e Ro\u017eman\">\n\t\t\t\t<\/div>\n\t\t\t\n\t\t\t<div class=\"elementor-author-box__text\">\n\t\t\t\t\t\t\t\t\t<div >\n\t\t\t\t\t\t<h4 class=\"elementor-author-box__name\">\n\t\t\t\t\t\t\tmag. Ambro\u017e Ro\u017eman\t\t\t\t\t\t<\/h4>\n\t\t\t\t\t<\/div>\n\t\t\t\t\n\t\t\t\t\t\t\t\t\t<div class=\"elementor-author-box__bio\">\n\t\t\t\t\t\t<p>+386 7 49 12 419<br \/>\n+386 40 215 267<br \/>\n<a href=\"mailto:ambroz.rozman@qtechna.si\">ambroz.rozman@qtechna.si<\/a><br \/>\n<a href=\"mailto:certificiranje1090@qtechna.si\">certificiranje1090@qtechna.si<\/a><\/p>\n\t\t\t\t\t<\/div>\n\t\t\t\t\n\t\t\t\t\t\t\t<\/div>\n\t\t<\/div>\n\t\t\t\t<\/div>\n\t\t\t\t<\/div>\n\t\t\t\t\t\t<\/div>\n\t\t\t\t\t<\/div>\n\t\t<\/div>\n\t\t\t\t\t\t\t\t<\/div>\n\t\t\t\t\t<\/div>\n\t\t<\/section>\n\t\t\t\t\t\t<\/div>\n\t\t\t\t\t\t<\/div>\n\t\t\t\t\t<\/div>\n\t\t\t\t\t\t                            <\/div>\n\t\t        \n                    <div id=\"zertifizierungsprozess-tab\" class=\"clearfix eael-tab-content-item inactive\" data-title-link=\"zertifizierungsprozess-tab\">\n\t\t\t\t        \t\t\t\t\t        \t\t<div data-elementor-type=\"section\" data-elementor-id=\"6171\" class=\"elementor elementor-6171\" data-elementor-settings=\"[]\">\n\t\t<div class=\"elementor-section-wrap\">\n\t\t\t\t\t<section data-particle_enable=\"false\" data-particle-mobile-disabled=\"false\" class=\"elementor-section elementor-top-section elementor-element elementor-element-3dea862 elementor-section-boxed elementor-section-height-default elementor-section-height-default\" data-id=\"3dea862\" data-element_type=\"section\" data-settings=\"{&quot;_ha_eqh_enable&quot;:false}\">\n\t\t\t\t\t\t<div class=\"elementor-container elementor-column-gap-default\">\n\t\t\t\t\t\t\t<div class=\"elementor-row\">\n\t\t\t\t\t<div class=\"elementor-column elementor-col-100 elementor-top-column elementor-element elementor-element-65f7a7b\" data-id=\"65f7a7b\" data-element_type=\"column\">\n\t\t\t<div class=\"elementor-column-wrap elementor-element-populated\">\n\t\t\t\t\t\t\t<div class=\"elementor-widget-wrap\">\n\t\t\t\t\t\t<div class=\"elementor-element elementor-element-f19c173 elementor-widget elementor-widget-heading\" data-id=\"f19c173\" data-element_type=\"widget\" data-widget_type=\"heading.default\">\n\t\t\t\t<div class=\"elementor-widget-container\">\n\t\t\t<h1 class=\"elementor-heading-title elementor-size-default\">Zertifizierungsprozess<\/h1>\t\t<\/div>\n\t\t\t\t<\/div>\n\t\t\t\t<div class=\"elementor-element elementor-element-bb39b9e elementor-widget elementor-widget-image\" data-id=\"bb39b9e\" data-element_type=\"widget\" data-widget_type=\"image.default\">\n\t\t\t\t<div class=\"elementor-widget-container\">\n\t\t\t\t\t\t\t\t<div class=\"elementor-image\">\n\t\t\t\t\t\t\t\t\t\t\t\t<img loading=\"lazy\" decoding=\"async\" width=\"1536\" height=\"119\" src=\"https:\/\/www.qtechna.si\/de\/wp-content\/uploads\/sites\/14\/2021\/01\/4624_DE-prevod_flowchart_certificiranje-varilcev-1536x119.png\" class=\"attachment-1536x1536 size-1536x1536\" alt=\"\" srcset=\"https:\/\/www.qtechna.si\/de\/wp-content\/uploads\/sites\/14\/2021\/01\/4624_DE-prevod_flowchart_certificiranje-varilcev-1536x119.png 1536w, https:\/\/www.qtechna.si\/de\/wp-content\/uploads\/sites\/14\/2021\/01\/4624_DE-prevod_flowchart_certificiranje-varilcev-300x23.png 300w, https:\/\/www.qtechna.si\/de\/wp-content\/uploads\/sites\/14\/2021\/01\/4624_DE-prevod_flowchart_certificiranje-varilcev-1024x79.png 1024w, https:\/\/www.qtechna.si\/de\/wp-content\/uploads\/sites\/14\/2021\/01\/4624_DE-prevod_flowchart_certificiranje-varilcev-768x60.png 768w, https:\/\/www.qtechna.si\/de\/wp-content\/uploads\/sites\/14\/2021\/01\/4624_DE-prevod_flowchart_certificiranje-varilcev-2048x159.png 2048w\" sizes=\"auto, (max-width: 1536px) 100vw, 1536px\" \/>\t\t\t\t\t\t\t\t\t\t\t\t\t\t<\/div>\n\t\t\t\t\t\t<\/div>\n\t\t\t\t<\/div>\n\t\t\t\t<div class=\"elementor-element elementor-element-f92bfbd elementor-widget elementor-widget-text-editor\" data-id=\"f92bfbd\" data-element_type=\"widget\" data-widget_type=\"text-editor.default\">\n\t\t\t\t<div class=\"elementor-widget-container\">\n\t\t\t\t\t\t\t\t<div class=\"elementor-text-editor elementor-clearfix\">\n\t\t\t\t<p><a href=\"\/wp-content\/uploads\/2025\/02\/SP-07.08-Pravila_postopka_certificiranja_sistemov_vodenja_Rev05.pdf\" target=\"_blank\" rel=\"noopener\">Zertifizierungsprozess.<\/a><\/p>\t\t\t\t\t<\/div>\n\t\t\t\t\t\t<\/div>\n\t\t\t\t<\/div>\n\t\t\t\t\t\t<\/div>\n\t\t\t\t\t<\/div>\n\t\t<\/div>\n\t\t\t\t\t\t\t\t<\/div>\n\t\t\t\t\t<\/div>\n\t\t<\/section>\n\t\t\t\t<\/div>\n\t\t<\/div>\n\t\t\t\t\t\t                            <\/div>\n\t\t        \n                    <div id=\"kontakt-tab\" class=\"clearfix eael-tab-content-item inactive\" data-title-link=\"kontakt-tab\">\n\t\t\t\t        \t\t\t\t\t        <h1>Kontakt<\/h1><p><div class=\"wpforms-container wpforms-container-full\" id=\"wpforms-4697\"><form id=\"wpforms-form-4697\" class=\"wpforms-validate wpforms-form\" data-formid=\"4697\" method=\"post\" enctype=\"multipart\/form-data\" action=\"\/de\/wp-json\/wp\/v2\/pages\/13301\" data-token=\"1241f385fd80c247025108f588686bdd\" data-token-time=\"1777489127\"><noscript class=\"wpforms-error-noscript\">Please enable JavaScript in your browser to complete this form.<\/noscript><div class=\"wpforms-field-container\"><div id=\"wpforms-4697-field_1-container\" class=\"wpforms-field wpforms-field-text\" data-field-id=\"1\"><label class=\"wpforms-field-label\" for=\"wpforms-4697-field_1\">Ime in priimek: <span class=\"wpforms-required-label\">*<\/span><\/label><input type=\"text\" id=\"wpforms-4697-field_1\" class=\"wpforms-field-medium wpforms-field-required\" name=\"wpforms[fields][1]\" required><\/div><div id=\"wpforms-4697-field_3-container\" class=\"wpforms-field wpforms-field-text\" data-field-id=\"3\"><label class=\"wpforms-field-label\" for=\"wpforms-4697-field_3\">Zadeva: <span class=\"wpforms-required-label\">*<\/span><\/label><input type=\"text\" id=\"wpforms-4697-field_3\" class=\"wpforms-field-medium wpforms-field-required\" name=\"wpforms[fields][3]\" required><\/div><div id=\"wpforms-4697-field_2-container\" class=\"wpforms-field wpforms-field-text\" data-field-id=\"2\"><label class=\"wpforms-field-label\" for=\"wpforms-4697-field_2\">Va\u0161 e-mail: <span class=\"wpforms-required-label\">*<\/span><\/label><input type=\"text\" id=\"wpforms-4697-field_2\" class=\"wpforms-field-medium wpforms-field-required\" name=\"wpforms[fields][2]\" required><\/div><div id=\"wpforms-4697-field_4-container\" class=\"wpforms-field wpforms-field-textarea\" data-field-id=\"4\"><label class=\"wpforms-field-label\" for=\"wpforms-4697-field_4\">Vsebina sporo\u010dila: <span class=\"wpforms-required-label\">*<\/span><\/label><textarea id=\"wpforms-4697-field_4\" class=\"wpforms-field-medium wpforms-field-required\" name=\"wpforms[fields][4]\" required><\/textarea><\/div><\/div><!-- .wpforms-field-container --><div class=\"wpforms-submit-container\" ><input type=\"hidden\" name=\"wpforms[id]\" value=\"4697\"><input type=\"hidden\" name=\"page_title\" value=\"\"><input type=\"hidden\" name=\"page_url\" value=\"https:\/\/www.qtechna.si\/de\/wp-json\/wp\/v2\/pages\/13301\"><input type=\"hidden\" name=\"url_referer\" value=\"\"><button type=\"submit\" name=\"wpforms[submit]\" id=\"wpforms-submit-4697\" class=\"wpforms-submit\" data-alt-text=\"Po\u0161iljanje...\" data-submit-text=\"Po\u0161lji\" aria-live=\"assertive\" value=\"wpforms-submit\">Po\u0161lji<\/button><\/div><\/form><\/div>  <!-- .wpforms-container --><\/p>\t\t\t\t                            <\/div>\n\t\t                    <\/div>\n        <\/div>\n\t\t<\/div>\n\t\t\t\t<\/div>\n\t\t\t\t\t\t<\/div>\n\t\t\t\t\t<\/div>\n\t\t<\/div>\n\t\t\t\t\t\t\t\t<\/div>\n\t\t\t\t\t<\/div>\n\t\t<\/section>\n\t\t\t\t\t\t<\/div>\n\t\t\t\t\t\t<\/div>\n\t\t\t\t\t<\/div>\n\t\t","protected":false},"excerpt":{"rendered":"<p>Zertifizierung ISO 9001, ISO 14001 in ISO 45001 Zertifizierung Zertifizierung ISO 9001, ISO 14001 in ISO 45001 Zertifizierungsprozess Kontakt Zertifizierte Managementsysteme sind in fast jedem Unternehmen eine Notwendigkeit. Mit den [&hellip;]<\/p>\n","protected":false},"author":1,"featured_media":0,"parent":0,"menu_order":0,"comment_status":"closed","ping_status":"closed","template":"","meta":{"footnotes":""},"class_list":["post-13301","page","type-page","status-publish","hentry","wpbf-post"],"_links":{"self":[{"href":"https:\/\/www.qtechna.si\/de\/wp-json\/wp\/v2\/pages\/13301","targetHints":{"allow":["GET"]}}],"collection":[{"href":"https:\/\/www.qtechna.si\/de\/wp-json\/wp\/v2\/pages"}],"about":[{"href":"https:\/\/www.qtechna.si\/de\/wp-json\/wp\/v2\/types\/page"}],"author":[{"embeddable":true,"href":"https:\/\/www.qtechna.si\/de\/wp-json\/wp\/v2\/users\/1"}],"replies":[{"embeddable":true,"href":"https:\/\/www.qtechna.si\/de\/wp-json\/wp\/v2\/comments?post=13301"}],"version-history":[{"count":46,"href":"https:\/\/www.qtechna.si\/de\/wp-json\/wp\/v2\/pages\/13301\/revisions"}],"predecessor-version":[{"id":15470,"href":"https:\/\/www.qtechna.si\/de\/wp-json\/wp\/v2\/pages\/13301\/revisions\/15470"}],"wp:attachment":[{"href":"https:\/\/www.qtechna.si\/de\/wp-json\/wp\/v2\/media?parent=13301"}],"curies":[{"name":"wp","href":"https:\/\/api.w.org\/{rel}","templated":true}]}}