{"id":13268,"date":"2021-04-08T15:25:31","date_gmt":"2021-04-08T15:25:31","guid":{"rendered":"https:\/\/qtechna.si\/de\/?page_id=13268"},"modified":"2025-01-22T09:00:12","modified_gmt":"2025-01-22T09:00:12","slug":"schweisser-zertifizierungen","status":"publish","type":"page","link":"https:\/\/www.qtechna.si\/de\/schweisser-zertifizierungen\/","title":{"rendered":"Schwei\u00dfer-Zertifizierungen"},"content":{"rendered":"\t\t<div data-elementor-type=\"wp-page\" data-elementor-id=\"13268\" class=\"elementor elementor-13268\" data-elementor-settings=\"[]\">\n\t\t\t\t\t\t<div class=\"elementor-inner\">\n\t\t\t\t\t\t\t<div class=\"elementor-section-wrap\">\n\t\t\t\t\t\t\t<section data-particle_enable=\"false\" data-particle-mobile-disabled=\"false\" class=\"elementor-section elementor-top-section elementor-element elementor-element-0f2f688 elementor-section-stretched elementor-section-boxed elementor-section-height-default elementor-section-height-default\" data-id=\"0f2f688\" data-element_type=\"section\" data-settings=\"{&quot;stretch_section&quot;:&quot;section-stretched&quot;,&quot;background_background&quot;:&quot;classic&quot;,&quot;_ha_eqh_enable&quot;:false}\">\n\t\t\t\t\t\t\t<div class=\"elementor-background-overlay\"><\/div>\n\t\t\t\t\t\t\t<div class=\"elementor-container elementor-column-gap-default\">\n\t\t\t\t\t\t\t<div class=\"elementor-row\">\n\t\t\t\t\t<div class=\"elementor-column elementor-col-100 elementor-top-column elementor-element elementor-element-0eca238\" data-id=\"0eca238\" data-element_type=\"column\" data-settings=\"{&quot;background_background&quot;:&quot;classic&quot;}\">\n\t\t\t<div class=\"elementor-column-wrap elementor-element-populated\">\n\t\t\t\t\t\t\t<div class=\"elementor-widget-wrap\">\n\t\t\t\t\t\t<div class=\"elementor-element elementor-element-dc76a9b elementor-widget elementor-widget-heading\" data-id=\"dc76a9b\" data-element_type=\"widget\" data-widget_type=\"heading.default\">\n\t\t\t\t<div class=\"elementor-widget-container\">\n\t\t\t<h1 class=\"elementor-heading-title elementor-size-default\">Schwei\u00dfer-Zertifizierungen<\/h1>\t\t<\/div>\n\t\t\t\t<\/div>\n\t\t\t\t\t\t<\/div>\n\t\t\t\t\t<\/div>\n\t\t<\/div>\n\t\t\t\t\t\t\t\t<\/div>\n\t\t\t\t\t<\/div>\n\t\t<\/section>\n\t\t\t\t<section data-particle_enable=\"false\" data-particle-mobile-disabled=\"false\" class=\"elementor-section elementor-top-section elementor-element elementor-element-484e624 elementor-section-boxed elementor-section-height-default elementor-section-height-default\" data-id=\"484e624\" data-element_type=\"section\" data-settings=\"{&quot;_ha_eqh_enable&quot;:false}\">\n\t\t\t\t\t\t<div class=\"elementor-container elementor-column-gap-default\">\n\t\t\t\t\t\t\t<div class=\"elementor-row\">\n\t\t\t\t\t<div class=\"elementor-column elementor-col-100 elementor-top-column elementor-element elementor-element-c9eb91a\" data-id=\"c9eb91a\" data-element_type=\"column\">\n\t\t\t<div class=\"elementor-column-wrap elementor-element-populated\">\n\t\t\t\t\t\t\t<div class=\"elementor-widget-wrap\">\n\t\t\t\t\t\t<div class=\"elementor-element elementor-element-ad447d1 elementor-widget elementor-widget-eael-advanced-menu\" data-id=\"ad447d1\" data-element_type=\"widget\" data-widget_type=\"eael-advanced-menu.skin-seven\">\n\t\t\t\t<div class=\"elementor-widget-container\">\n\t\t\t<div class=\"eael-advanced-menu-container eael-advanced-menu-align-left eael-advanced-menu-dropdown-align-left\" data-indicator-class=\"fas fa-angle-down fa-solid\" data-dropdown-indicator-class=\"fas fa-angle-down fa-solid\"><ul id=\"menu-certificiranja\" class=\"eael-advanced-menu eael-advanced-menu-dropdown-animate-to-top eael-advanced-menu-indicator eael-advanced-menu-vertical\"><li id=\"menu-item-13003\" class=\"menu-item menu-item-type-post_type menu-item-object-page menu-item-13003\"><a href=\"https:\/\/www.qtechna.si\/de\/zertifizierung\/\">Zertifizierung<\/a><\/li>\n<\/ul><\/div>\t\t<\/div>\n\t\t\t\t<\/div>\n\t\t\t\t\t\t<\/div>\n\t\t\t\t\t<\/div>\n\t\t<\/div>\n\t\t\t\t\t\t\t\t<\/div>\n\t\t\t\t\t<\/div>\n\t\t<\/section>\n\t\t\t\t<section data-particle_enable=\"false\" data-particle-mobile-disabled=\"false\" class=\"elementor-section elementor-top-section elementor-element elementor-element-7f5fa0e elementor-section-boxed elementor-section-height-default elementor-section-height-default\" data-id=\"7f5fa0e\" data-element_type=\"section\" data-settings=\"{&quot;background_background&quot;:&quot;classic&quot;,&quot;_ha_eqh_enable&quot;:false}\">\n\t\t\t\t\t\t<div class=\"elementor-container elementor-column-gap-default\">\n\t\t\t\t\t\t\t<div class=\"elementor-row\">\n\t\t\t\t\t<div class=\"elementor-column elementor-col-33 elementor-top-column elementor-element elementor-element-80fa78b\" data-id=\"80fa78b\" data-element_type=\"column\" data-settings=\"{&quot;background_background&quot;:&quot;classic&quot;}\">\n\t\t\t<div class=\"elementor-column-wrap elementor-element-populated\">\n\t\t\t\t\t\t\t<div class=\"elementor-widget-wrap\">\n\t\t\t\t\t\t<div class=\"elementor-element elementor-element-d296efb elementor-widget elementor-widget-heading\" data-id=\"d296efb\" data-element_type=\"widget\" data-widget_type=\"heading.default\">\n\t\t\t\t<div class=\"elementor-widget-container\">\n\t\t\t<h2 class=\"elementor-heading-title elementor-size-default\">Schwei\u00dfer-Zertifizierungen<\/h2>\t\t<\/div>\n\t\t\t\t<\/div>\n\t\t\t\t<div class=\"elementor-element elementor-element-7b722b0 elementor-widget elementor-widget-eael-advanced-menu\" data-id=\"7b722b0\" data-element_type=\"widget\" data-widget_type=\"eael-advanced-menu.default\">\n\t\t\t\t<div class=\"elementor-widget-container\">\n\t\t\t<div class=\"eael-advanced-menu-container eael-advanced-menu-align-left eael-advanced-menu-dropdown-align-left\" data-indicator-class=\"fas fa-angle-down fa-solid\" data-dropdown-indicator-class=\"fas fa-angle-down fa-solid\"><ul id=\"menu-varjenje-glavni-meni\" class=\"eael-advanced-menu eael-advanced-menu-dropdown-animate-to-top eael-advanced-menu-indicator eael-advanced-menu-vertical\"><li id=\"menu-item-13291\" class=\"menu-item menu-item-type-post_type menu-item-object-page menu-item-13291\"><a href=\"https:\/\/www.qtechna.si\/de\/zertifizierung-von-schweissern\/\">Zertifizierung von Schwei\u00dfern<\/a><\/li>\n<li id=\"menu-item-13292\" class=\"menu-item menu-item-type-post_type menu-item-object-page menu-item-13292\"><a href=\"https:\/\/www.qtechna.si\/de\/zertifizierung-von-schweissverfahren\/\">Zertifizierung von Schwei\u00dfverfahren<\/a><\/li>\n<li id=\"menu-item-13294\" class=\"menu-item menu-item-type-post_type menu-item-object-page menu-item-13294\"><a href=\"https:\/\/www.qtechna.si\/de\/zertifizieren-des-thermischen-schneidverfahrens\/\">Zertifizieren des Thermischen Schneidverfahrens<\/a><\/li>\n<li id=\"menu-item-14379\" class=\"menu-item menu-item-type-post_type menu-item-object-page menu-item-14379\"><a href=\"https:\/\/www.qtechna.si\/de\/zertifizierung-von-schweissproduktion-nach-sist-en-iso-3834\/\">Zertifizierung von Schwei\u00dfproduktion<\/a><\/li>\n<li id=\"menu-item-14380\" class=\"menu-item menu-item-type-post_type menu-item-object-page menu-item-14380\"><a href=\"https:\/\/www.qtechna.si\/de\/zertifizierung-der-betriebe-nach-sist-en-15085-2\/\">Zertifizierung der Betriebe<\/a><\/li>\n<\/ul><\/div>\t\t<\/div>\n\t\t\t\t<\/div>\n\t\t\t\t\t\t<\/div>\n\t\t\t\t\t<\/div>\n\t\t<\/div>\n\t\t\t\t<div class=\"elementor-column elementor-col-33 elementor-top-column elementor-element elementor-element-05844df\" data-id=\"05844df\" data-element_type=\"column\" data-settings=\"{&quot;background_background&quot;:&quot;classic&quot;}\">\n\t\t\t<div class=\"elementor-column-wrap elementor-element-populated\">\n\t\t\t\t\t\t\t<div class=\"elementor-widget-wrap\">\n\t\t\t\t\t\t<div class=\"elementor-element elementor-element-071e9cf elementor-widget elementor-widget-text-editor\" data-id=\"071e9cf\" data-element_type=\"widget\" data-widget_type=\"text-editor.default\">\n\t\t\t\t<div class=\"elementor-widget-container\">\n\t\t\t\t\t\t\t\t<div class=\"elementor-text-editor elementor-clearfix\">\n\t\t\t\t<p>Das Schwei\u00dfen ist ein spezieller Prozess, bei dem ohne die zerst\u00f6renden Pr\u00fcfungen die Angemessenheit der Schwei\u00dfverbindung nicht zuverl\u00e4ssig gepr\u00fcft werden kann. Leider wird sie dadurch zerst\u00f6rt und wir dazu gezwungen, die Qualit\u00e4tssicherungsverfahren anzuwenden, mit denen, in Verbindung mit zerst\u00f6rungsfreier Pr\u00fcfung, mit hinreichender Gewissheit die erforderliche Qualit\u00e4t best\u00e4tigt werden kann.<\/p><p>Nicht bef\u00e4higte Schwei\u00dfer und ungeeignete Technologie, ein falscher Systemansatz und folglich unangemessene Merkmale von Schwei\u00dfverbindungen k\u00f6nnen zu sehr schwerwiegenden Folgen f\u00fchren.<\/p><p>Gepr\u00fcfte bzw. zertifizierte Schwei\u00dfer, Schwei\u00dfverfahren, zertifizierte Betriebe beziehungsweise ihre Produktion und Kontrolle zur Ausf\u00fchrung der Schwei\u00dfarbeiten sind eine Voraussetzung f\u00fcr den Beginn der Arbeiten im Bereich des Schwei\u00dfens und sind von entscheidender Bedeutung bei der Qualit\u00e4tssicherung der geschwei\u00dften Erzeugnisse und Gew\u00e4hrleistung ihrer Sicherheit.<\/p><p>Wir sind ein von den f\u00fchrenden Unternehmen im Bereich der Zertifizierung von Schwei\u00dfpersonal, Schwei\u00dfverfahren, Schneidverfahren und Zertifizierung der Schwei\u00dfproduktion, durch erhaltene Akkreditierung nach SIST EN ISO 17024 und SIST EN ISO 17065. Wir besch\u00e4ftigen eine Vielzahl an Fachleuten im Bereich von Schwei\u00dfen mit langj\u00e4hrigen Erfahrungen sowohl in der Produktion als auch in Kontrolle. Wir sind anwesend im Energiesektor, Eisenbahnindustrie und Nuklearindustrie.<\/p><p>Die Zertifizierungen im Bereich von Schwei\u00dfen f\u00fchren wir sowohl nach europ\u00e4ischen als auch amerikanischen Normen durch, f\u00fcr die Bed\u00fcrfnisse der Herstellung von Produkten wie: Maschinenkomponenten, Stahltragwerke, Druckbeh\u00e4lter, Rohrleitungen, Kessel, Maschinen usw.<\/p>\t\t\t\t\t<\/div>\n\t\t\t\t\t\t<\/div>\n\t\t\t\t<\/div>\n\t\t\t\t\t\t<\/div>\n\t\t\t\t\t<\/div>\n\t\t<\/div>\n\t\t\t\t<div class=\"elementor-column elementor-col-33 elementor-top-column elementor-element elementor-element-f70a75e\" data-id=\"f70a75e\" data-element_type=\"column\" data-settings=\"{&quot;background_background&quot;:&quot;classic&quot;}\">\n\t\t\t<div class=\"elementor-column-wrap elementor-element-populated\">\n\t\t\t\t\t\t\t<div class=\"elementor-widget-wrap\">\n\t\t\t\t\t\t<div class=\"elementor-element elementor-element-bc74b49 elementor-author-box--layout-image-above block1 ha-css-transform-yes elementor-widget elementor-widget-author-box\" data-id=\"bc74b49\" data-element_type=\"widget\" data-widget_type=\"author-box.default\">\n\t\t\t\t<div class=\"elementor-widget-container\">\n\t\t\t\t\t<div class=\"elementor-author-box\">\n\t\t\t\t\t\t\t<div  class=\"elementor-author-box__avatar\">\n\t\t\t\t\t<img decoding=\"async\" src=\"https:\/\/www.qtechna.si\/de\/wp-content\/uploads\/sites\/14\/2020\/12\/Ambroz_Rozman_nova_2018-300x288.jpg\" alt=\"mag. Ambro\u017e Ro\u017eman\">\n\t\t\t\t<\/div>\n\t\t\t\n\t\t\t<div class=\"elementor-author-box__text\">\n\t\t\t\t\t\t\t\t\t<div >\n\t\t\t\t\t\t<h4 class=\"elementor-author-box__name\">\n\t\t\t\t\t\t\tmag. Ambro\u017e Ro\u017eman\t\t\t\t\t\t<\/h4>\n\t\t\t\t\t<\/div>\n\t\t\t\t\n\t\t\t\t\t\t\t\t\t<div class=\"elementor-author-box__bio\">\n\t\t\t\t\t\t<p>+386 7 49 12 419<br \/>\n+386 41 215 267<br \/>\n<a href=\"mailto:ambroz.rozman@qtechna.si\">ambroz.rozman@qtechna.si<\/a><br \/>\n<a href=\"mailto:atestiranje@qtechna.si\">atestiranje@qtechna.si<\/a><\/p>\n\t\t\t\t\t<\/div>\n\t\t\t\t\n\t\t\t\t\t\t\t<\/div>\n\t\t<\/div>\n\t\t\t\t<\/div>\n\t\t\t\t<\/div>\n\t\t\t\t\t\t<\/div>\n\t\t\t\t\t<\/div>\n\t\t<\/div>\n\t\t\t\t\t\t\t\t<\/div>\n\t\t\t\t\t<\/div>\n\t\t<\/section>\n\t\t\t\t\t\t<\/div>\n\t\t\t\t\t\t<\/div>\n\t\t\t\t\t<\/div>\n\t\t","protected":false},"excerpt":{"rendered":"<p>Schwei\u00dfer-Zertifizierungen Zertifizierung Schwei\u00dfer-Zertifizierungen Zertifizierung von Schwei\u00dfern Zertifizierung von Schwei\u00dfverfahren Zertifizieren des Thermischen Schneidverfahrens Zertifizierung von Schwei\u00dfproduktion Zertifizierung der Betriebe Das Schwei\u00dfen ist ein spezieller Prozess, bei dem ohne die zerst\u00f6renden [&hellip;]<\/p>\n","protected":false},"author":1,"featured_media":0,"parent":0,"menu_order":0,"comment_status":"closed","ping_status":"closed","template":"","meta":{"footnotes":""},"class_list":["post-13268","page","type-page","status-publish","hentry","wpbf-post"],"_links":{"self":[{"href":"https:\/\/www.qtechna.si\/de\/wp-json\/wp\/v2\/pages\/13268","targetHints":{"allow":["GET"]}}],"collection":[{"href":"https:\/\/www.qtechna.si\/de\/wp-json\/wp\/v2\/pages"}],"about":[{"href":"https:\/\/www.qtechna.si\/de\/wp-json\/wp\/v2\/types\/page"}],"author":[{"embeddable":true,"href":"https:\/\/www.qtechna.si\/de\/wp-json\/wp\/v2\/users\/1"}],"replies":[{"embeddable":true,"href":"https:\/\/www.qtechna.si\/de\/wp-json\/wp\/v2\/comments?post=13268"}],"version-history":[{"count":50,"href":"https:\/\/www.qtechna.si\/de\/wp-json\/wp\/v2\/pages\/13268\/revisions"}],"predecessor-version":[{"id":15896,"href":"https:\/\/www.qtechna.si\/de\/wp-json\/wp\/v2\/pages\/13268\/revisions\/15896"}],"wp:attachment":[{"href":"https:\/\/www.qtechna.si\/de\/wp-json\/wp\/v2\/media?parent=13268"}],"curies":[{"name":"wp","href":"https:\/\/api.w.org\/{rel}","templated":true}]}}