{"id":10183,"date":"2021-02-03T10:31:57","date_gmt":"2021-02-03T10:31:57","guid":{"rendered":"https:\/\/qtechna.si\/de\/?page_id=10183"},"modified":"2025-03-18T12:54:17","modified_gmt":"2025-03-18T12:54:17","slug":"arbeitsmittel-und-schweissmaschinen","status":"publish","type":"page","link":"https:\/\/www.qtechna.si\/de\/arbeitsmittel-und-schweissmaschinen\/","title":{"rendered":"Arbeitsmittel und Schwei\u00dfmaschinen"},"content":{"rendered":"\t\t<div data-elementor-type=\"wp-page\" data-elementor-id=\"10183\" class=\"elementor elementor-10183\" data-elementor-settings=\"[]\">\n\t\t\t\t\t\t<div class=\"elementor-inner\">\n\t\t\t\t\t\t\t<div class=\"elementor-section-wrap\">\n\t\t\t\t\t\t\t<section data-particle_enable=\"false\" data-particle-mobile-disabled=\"false\" class=\"elementor-section elementor-top-section elementor-element elementor-element-df6f607 elementor-section-stretched elementor-section-boxed elementor-section-height-default elementor-section-height-default\" data-id=\"df6f607\" data-element_type=\"section\" data-settings=\"{&quot;stretch_section&quot;:&quot;section-stretched&quot;,&quot;background_background&quot;:&quot;classic&quot;,&quot;_ha_eqh_enable&quot;:false}\">\n\t\t\t\t\t\t\t<div class=\"elementor-background-overlay\"><\/div>\n\t\t\t\t\t\t\t<div class=\"elementor-container elementor-column-gap-default\">\n\t\t\t\t\t\t\t<div class=\"elementor-row\">\n\t\t\t\t\t<div class=\"elementor-column elementor-col-100 elementor-top-column elementor-element elementor-element-6d7c9cf\" data-id=\"6d7c9cf\" data-element_type=\"column\" data-settings=\"{&quot;background_background&quot;:&quot;classic&quot;}\">\n\t\t\t<div class=\"elementor-column-wrap elementor-element-populated\">\n\t\t\t\t\t\t\t<div class=\"elementor-widget-wrap\">\n\t\t\t\t\t\t<div class=\"elementor-element elementor-element-317d530 elementor-widget elementor-widget-heading\" data-id=\"317d530\" data-element_type=\"widget\" data-widget_type=\"heading.default\">\n\t\t\t\t<div class=\"elementor-widget-container\">\n\t\t\t<h1 class=\"elementor-heading-title elementor-size-default\">Arbeitsmittel und Schwei\u00dfmaschinen<\/h1>\t\t<\/div>\n\t\t\t\t<\/div>\n\t\t\t\t\t\t<\/div>\n\t\t\t\t\t<\/div>\n\t\t<\/div>\n\t\t\t\t\t\t\t\t<\/div>\n\t\t\t\t\t<\/div>\n\t\t<\/section>\n\t\t\t\t<section data-particle_enable=\"false\" data-particle-mobile-disabled=\"false\" class=\"elementor-section elementor-top-section elementor-element elementor-element-182fdc1 elementor-section-boxed elementor-section-height-default elementor-section-height-default\" data-id=\"182fdc1\" data-element_type=\"section\" data-settings=\"{&quot;background_background&quot;:&quot;classic&quot;,&quot;_ha_eqh_enable&quot;:false}\">\n\t\t\t\t\t\t<div class=\"elementor-container elementor-column-gap-default\">\n\t\t\t\t\t\t\t<div class=\"elementor-row\">\n\t\t\t\t\t<div class=\"elementor-column elementor-col-33 elementor-top-column elementor-element elementor-element-da48614\" data-id=\"da48614\" data-element_type=\"column\" data-settings=\"{&quot;background_background&quot;:&quot;classic&quot;}\">\n\t\t\t<div class=\"elementor-column-wrap elementor-element-populated\">\n\t\t\t\t\t\t\t<div class=\"elementor-widget-wrap\">\n\t\t\t\t\t\t<div class=\"elementor-element elementor-element-f54fdc6 elementor-widget elementor-widget-eael-advanced-menu\" data-id=\"f54fdc6\" data-element_type=\"widget\" data-widget_type=\"eael-advanced-menu.default\">\n\t\t\t\t<div class=\"elementor-widget-container\">\n\t\t\t<div class=\"eael-advanced-menu-container eael-advanced-menu-align-left eael-advanced-menu-dropdown-align-left\" data-indicator-class=\"fas fa-angle-down fa-solid\" data-dropdown-indicator-class=\"fas fa-angle-down fa-solid\"><ul id=\"menu-delovna-oprema-in-varilne-naprave\" class=\"eael-advanced-menu eael-advanced-menu-dropdown-animate-to-top eael-advanced-menu-indicator eael-advanced-menu-vertical\"><li id=\"menu-item-11456\" class=\"menu-item menu-item-type-post_type menu-item-object-page menu-item-11456\"><a href=\"https:\/\/www.qtechna.si\/de\/prufung-von-arbeitsmitteln\/\">Pr\u00fcfung von Arbeitsmitteln<\/a><\/li>\n<li id=\"menu-item-11452\" class=\"menu-item menu-item-type-post_type menu-item-object-page menu-item-11452\"><a href=\"https:\/\/www.qtechna.si\/de\/zertifizieren-von-schweissmaschinen-und-apparaten\/\">Zertifizieren von Schwei\u00dfmaschinen und Apparaten<\/a><\/li>\n<\/ul><\/div>\t\t<\/div>\n\t\t\t\t<\/div>\n\t\t\t\t\t\t<\/div>\n\t\t\t\t\t<\/div>\n\t\t<\/div>\n\t\t\t\t<div class=\"elementor-column elementor-col-33 elementor-top-column elementor-element elementor-element-3d6ee22\" data-id=\"3d6ee22\" data-element_type=\"column\" data-settings=\"{&quot;background_background&quot;:&quot;classic&quot;}\">\n\t\t\t<div class=\"elementor-column-wrap elementor-element-populated\">\n\t\t\t\t\t\t\t<div class=\"elementor-widget-wrap\">\n\t\t\t\t\t\t<div class=\"elementor-element elementor-element-2cffdbc elementor-widget elementor-widget-text-editor\" data-id=\"2cffdbc\" data-element_type=\"widget\" data-widget_type=\"text-editor.default\">\n\t\t\t\t<div class=\"elementor-widget-container\">\n\t\t\t\t\t\t\t\t<div class=\"elementor-text-editor elementor-clearfix\">\n\t\t\t\t<p>Gem\u00e4\u00df Sicherheits- und Gesundheitsvorschriften bei der Verwendung von Arbeitsmitteln (Amtsblatt der Republik Slowenien, Nr. 101\/04 und 43\/11 &#8211; ZVZD-1) muss der Arbeitgeber den Arbeitnehmern einwandfreie Arbeitsmittel zur Verf\u00fcgung stellen, die die Sicherheit und Gesundheit, die Sicherheit ihres Eigentums und die nat\u00fcrliche Umwelt nicht gef\u00e4hrden.<\/p><p>Bei Schwei\u00dfger\u00e4ten wird gepr\u00fcft einwandfreier Betrieb und Gew\u00e4hrleistung der Stabilit\u00e4t der Schwei\u00dfparameter w\u00e4hrend des Betriebs. Die Inspektion und Pr\u00fcfung werden gem\u00e4\u00df der Norm SIST EN 60974 durchgef\u00fchrt.<\/p>\t\t\t\t\t<\/div>\n\t\t\t\t\t\t<\/div>\n\t\t\t\t<\/div>\n\t\t\t\t\t\t<\/div>\n\t\t\t\t\t<\/div>\n\t\t<\/div>\n\t\t\t\t<div class=\"elementor-column elementor-col-33 elementor-top-column elementor-element elementor-element-707508c\" data-id=\"707508c\" data-element_type=\"column\" data-settings=\"{&quot;background_background&quot;:&quot;classic&quot;}\">\n\t\t\t<div class=\"elementor-column-wrap elementor-element-populated\">\n\t\t\t\t\t\t\t<div class=\"elementor-widget-wrap\">\n\t\t\t\t\t\t<div class=\"elementor-element elementor-element-c1b5912 elementor-author-box--layout-image-above block1 ha-css-transform-yes elementor-widget elementor-widget-author-box\" data-id=\"c1b5912\" data-element_type=\"widget\" data-widget_type=\"author-box.default\">\n\t\t\t\t<div class=\"elementor-widget-container\">\n\t\t\t\t\t<div class=\"elementor-author-box\">\n\t\t\t\t\t\t\t<div  class=\"elementor-author-box__avatar\">\n\t\t\t\t\t<img decoding=\"async\" src=\"https:\/\/www.qtechna.si\/de\/wp-content\/uploads\/sites\/14\/2020\/12\/DSenica3-263x300.jpg\" alt=\"Domen Senica\">\n\t\t\t\t<\/div>\n\t\t\t\n\t\t\t<div class=\"elementor-author-box__text\">\n\t\t\t\t\t\t\t\t\t<div >\n\t\t\t\t\t\t<h4 class=\"elementor-author-box__name\">\n\t\t\t\t\t\t\tDomen Senica\t\t\t\t\t\t<\/h4>\n\t\t\t\t\t<\/div>\n\t\t\t\t\n\t\t\t\t\t\t\t\t\t<div class=\"elementor-author-box__bio\">\n\t\t\t\t\t\t<p>Abteilungsleiter <\/p>\n<p>+386 7 49 12 488<br \/>\n+386 40 808 299<br \/>\n<a href=\"mailto:domen.senica@qtechna.si\">domen.senica@qtechna.si<\/a><\/p>\n\t\t\t\t\t<\/div>\n\t\t\t\t\n\t\t\t\t\t\t\t<\/div>\n\t\t<\/div>\n\t\t\t\t<\/div>\n\t\t\t\t<\/div>\n\t\t\t\t\t\t<\/div>\n\t\t\t\t\t<\/div>\n\t\t<\/div>\n\t\t\t\t\t\t\t\t<\/div>\n\t\t\t\t\t<\/div>\n\t\t<\/section>\n\t\t\t\t\t\t<\/div>\n\t\t\t\t\t\t<\/div>\n\t\t\t\t\t<\/div>\n\t\t","protected":false},"excerpt":{"rendered":"<p>Arbeitsmittel und Schwei\u00dfmaschinen Pr\u00fcfung von Arbeitsmitteln Zertifizieren von Schwei\u00dfmaschinen und Apparaten Gem\u00e4\u00df Sicherheits- und Gesundheitsvorschriften bei der Verwendung von Arbeitsmitteln (Amtsblatt der Republik Slowenien, Nr. 101\/04 und 43\/11 &#8211; ZVZD-1) [&hellip;]<\/p>\n","protected":false},"author":1,"featured_media":0,"parent":0,"menu_order":0,"comment_status":"closed","ping_status":"closed","template":"","meta":{"footnotes":""},"class_list":["post-10183","page","type-page","status-publish","hentry","wpbf-post"],"_links":{"self":[{"href":"https:\/\/www.qtechna.si\/de\/wp-json\/wp\/v2\/pages\/10183","targetHints":{"allow":["GET"]}}],"collection":[{"href":"https:\/\/www.qtechna.si\/de\/wp-json\/wp\/v2\/pages"}],"about":[{"href":"https:\/\/www.qtechna.si\/de\/wp-json\/wp\/v2\/types\/page"}],"author":[{"embeddable":true,"href":"https:\/\/www.qtechna.si\/de\/wp-json\/wp\/v2\/users\/1"}],"replies":[{"embeddable":true,"href":"https:\/\/www.qtechna.si\/de\/wp-json\/wp\/v2\/comments?post=10183"}],"version-history":[{"count":77,"href":"https:\/\/www.qtechna.si\/de\/wp-json\/wp\/v2\/pages\/10183\/revisions"}],"predecessor-version":[{"id":15943,"href":"https:\/\/www.qtechna.si\/de\/wp-json\/wp\/v2\/pages\/10183\/revisions\/15943"}],"wp:attachment":[{"href":"https:\/\/www.qtechna.si\/de\/wp-json\/wp\/v2\/media?parent=10183"}],"curies":[{"name":"wp","href":"https:\/\/api.w.org\/{rel}","templated":true}]}}