{"id":10174,"date":"2021-02-03T10:23:05","date_gmt":"2021-02-03T10:23:05","guid":{"rendered":"https:\/\/qtechna.si\/de\/?page_id=10174"},"modified":"2025-03-18T12:47:24","modified_gmt":"2025-03-18T12:47:24","slug":"inspektion-von-druckgeraten","status":"publish","type":"page","link":"https:\/\/www.qtechna.si\/de\/inspektion-von-druckgeraten\/","title":{"rendered":"Inspektion von Druckger\u00e4ten"},"content":{"rendered":"\t\t<div data-elementor-type=\"wp-page\" data-elementor-id=\"10174\" class=\"elementor elementor-10174\" data-elementor-settings=\"[]\">\n\t\t\t\t\t\t<div class=\"elementor-inner\">\n\t\t\t\t\t\t\t<div class=\"elementor-section-wrap\">\n\t\t\t\t\t\t\t<section data-particle_enable=\"false\" data-particle-mobile-disabled=\"false\" class=\"elementor-section elementor-top-section elementor-element elementor-element-4813ab2 elementor-section-stretched elementor-section-boxed elementor-section-height-default elementor-section-height-default\" data-id=\"4813ab2\" data-element_type=\"section\" data-settings=\"{&quot;stretch_section&quot;:&quot;section-stretched&quot;,&quot;background_background&quot;:&quot;classic&quot;,&quot;_ha_eqh_enable&quot;:false}\">\n\t\t\t\t\t\t\t<div class=\"elementor-background-overlay\"><\/div>\n\t\t\t\t\t\t\t<div class=\"elementor-container elementor-column-gap-default\">\n\t\t\t\t\t\t\t<div class=\"elementor-row\">\n\t\t\t\t\t<div class=\"elementor-column elementor-col-100 elementor-top-column elementor-element elementor-element-883c0be\" data-id=\"883c0be\" data-element_type=\"column\" data-settings=\"{&quot;background_background&quot;:&quot;classic&quot;}\">\n\t\t\t<div class=\"elementor-column-wrap elementor-element-populated\">\n\t\t\t\t\t\t\t<div class=\"elementor-widget-wrap\">\n\t\t\t\t\t\t<div class=\"elementor-element elementor-element-7a2bed7 elementor-widget elementor-widget-heading\" data-id=\"7a2bed7\" data-element_type=\"widget\" data-widget_type=\"heading.default\">\n\t\t\t\t<div class=\"elementor-widget-container\">\n\t\t\t<h1 class=\"elementor-heading-title elementor-size-default\">Inspektion von Druckger\u00e4ten<\/h1>\t\t<\/div>\n\t\t\t\t<\/div>\n\t\t\t\t\t\t<\/div>\n\t\t\t\t\t<\/div>\n\t\t<\/div>\n\t\t\t\t\t\t\t\t<\/div>\n\t\t\t\t\t<\/div>\n\t\t<\/section>\n\t\t\t\t<section data-particle_enable=\"false\" data-particle-mobile-disabled=\"false\" class=\"elementor-section elementor-top-section elementor-element elementor-element-2c39ef1 elementor-section-boxed elementor-section-height-default elementor-section-height-default\" data-id=\"2c39ef1\" data-element_type=\"section\" data-settings=\"{&quot;background_background&quot;:&quot;classic&quot;,&quot;_ha_eqh_enable&quot;:false}\">\n\t\t\t\t\t\t<div class=\"elementor-container elementor-column-gap-default\">\n\t\t\t\t\t\t\t<div class=\"elementor-row\">\n\t\t\t\t\t<div class=\"elementor-column elementor-col-33 elementor-top-column elementor-element elementor-element-9ecd76b\" data-id=\"9ecd76b\" data-element_type=\"column\" data-settings=\"{&quot;background_background&quot;:&quot;classic&quot;}\">\n\t\t\t<div class=\"elementor-column-wrap elementor-element-populated\">\n\t\t\t\t\t\t\t<div class=\"elementor-widget-wrap\">\n\t\t\t\t\t\t<div class=\"elementor-element elementor-element-7c426f9 elementor-widget elementor-widget-eael-advanced-menu\" data-id=\"7c426f9\" data-element_type=\"widget\" data-widget_type=\"eael-advanced-menu.default\">\n\t\t\t\t<div class=\"elementor-widget-container\">\n\t\t\t<div class=\"eael-advanced-menu-container eael-advanced-menu-align-left eael-advanced-menu-dropdown-align-left\" data-indicator-class=\"fas fa-angle-down fa-solid\" data-dropdown-indicator-class=\"fas fa-angle-down fa-solid\"><ul id=\"menu-kontrola-tlacne-opreme\" class=\"eael-advanced-menu eael-advanced-menu-dropdown-animate-to-top eael-advanced-menu-indicator eael-advanced-menu-vertical\"><li id=\"menu-item-11438\" class=\"menu-item menu-item-type-post_type menu-item-object-page menu-item-11438\"><a href=\"https:\/\/www.qtechna.si\/de\/wiederkehrende-prufungen-der-druckgerate\/\">Wiederkehrende Pr\u00fcfungen der Druckger\u00e4te<\/a><\/li>\n<li id=\"menu-item-11439\" class=\"menu-item menu-item-type-post_type menu-item-object-page menu-item-11439\"><a href=\"https:\/\/www.qtechna.si\/de\/wiederkehrende-prufungen-von-druckhaltenden-ausrustungsteilen\/\">Wiederkehrende Pr\u00fcfungen von Druckhaltenden Ausr\u00fcstungsteilen<\/a><\/li>\n<li id=\"menu-item-11440\" class=\"menu-item menu-item-type-post_type menu-item-object-page menu-item-11440\"><a href=\"https:\/\/www.qtechna.si\/de\/adr-prufungen\/\">ADR Pr\u00fcfungen<\/a><\/li>\n<\/ul><\/div>\t\t<\/div>\n\t\t\t\t<\/div>\n\t\t\t\t\t\t<\/div>\n\t\t\t\t\t<\/div>\n\t\t<\/div>\n\t\t\t\t<div class=\"elementor-column elementor-col-33 elementor-top-column elementor-element elementor-element-088bedd\" data-id=\"088bedd\" data-element_type=\"column\" data-settings=\"{&quot;background_background&quot;:&quot;classic&quot;}\">\n\t\t\t<div class=\"elementor-column-wrap elementor-element-populated\">\n\t\t\t\t\t\t\t<div class=\"elementor-widget-wrap\">\n\t\t\t\t\t\t<div class=\"elementor-element elementor-element-b6266a8 elementor-widget elementor-widget-text-editor\" data-id=\"b6266a8\" data-element_type=\"widget\" data-widget_type=\"text-editor.default\">\n\t\t\t\t<div class=\"elementor-widget-container\">\n\t\t\t\t\t\t\t\t<div class=\"elementor-text-editor elementor-clearfix\">\n\t\t\t\t<p>Seit der Entstehung von Dampfmaschine und der daraus resultierenden industriellen Revolution ist es schwierig eine Produktion ohne einen Kessel, Druckbeh\u00e4lter oder Rohrleitung zu finden. Selbst die kleinste Besch\u00e4digung dieser Ausr\u00fcstung kann einen Unfall mit ernsten Folgen verursachen.<\/p><p>Infolgedessen wurden schon vor Jahrhunderten in diesem Bereich Regelungen zum Schutz von Menschen und Eigentum vereinbart. Wir sprechen \u00fcber die ersten technischen Rechtsvorschriften.<\/p><p>Q Techna f\u00fchrt ein sehr breites Spektrum an Pr\u00fcfungen durch, deren Ziel der sichere Betrieb von Druckger\u00e4ten ist. Wir sind gem\u00e4\u00df SIST EN ISO\/IEC 17020 akkreditiert, verf\u00fcgen \u00fcber erforderliche Befugnisse und langj\u00e4hrige Erfahrungen.<\/p><p>Wir helfen Ihnen gern bei der Pr\u00fcfung Ihrer Druckbeh\u00e4lter, Kessel, Rohrleitungen, Arbeitsmittel, ortsbeweglicher Druckger\u00e4te, einschlie\u00dflich Gasflaschen sowie Tanks f\u00fcr Bef\u00f6rderung gef\u00e4hrlicher G\u00fcter (ADR).<\/p><p>Kontaktieren oder besuchen Sie uns und wir beraten Sie und helfen Ihnen gerne.<\/p><p><strong>Joaqu\u00edn L\u00f3pez L\u00f3pez<\/strong>, Diplom-Physiker, begann seine berufliche Laufbahn in Q Techna im Jahr 2009. Er war von Anfang an beteiligt an der Arbeit von Kontrollbeh\u00f6rde f\u00fcr Druckger\u00e4te, seit 2015 leitet er diese. Er beteiligt sich aktiv an der Vorbereitung von nationalen Rechtsvorschriften im Bereich der Druckger\u00e4te und bei der Gruppe der benannten Stellen auf dem europ\u00e4ischen Niveau f\u00fcr ortsbewegliche Druckger\u00e4te (TPED).<\/p><p><strong>Domen Senica<\/strong>, nach Ausbildung Diplom-Ingenieur Elektrotechnik, ist in Q Techna als Vertreter des Leiters der Kontrollbeh\u00f6rde besch\u00e4ftigt. Er f\u00fchrt auch die Arbeiten des Beauftragten f\u00fcr Inspektionen von Fahrzeugen und Tanks f\u00fcr Bef\u00f6rderung gef\u00e4hrlicher G\u00fcter und des Inspektors von Arbeitsmitteln durch.<\/p>\t\t\t\t\t<\/div>\n\t\t\t\t\t\t<\/div>\n\t\t\t\t<\/div>\n\t\t\t\t\t\t<\/div>\n\t\t\t\t\t<\/div>\n\t\t<\/div>\n\t\t\t\t<div class=\"elementor-column elementor-col-33 elementor-top-column elementor-element elementor-element-280a741\" data-id=\"280a741\" data-element_type=\"column\" data-settings=\"{&quot;background_background&quot;:&quot;classic&quot;}\">\n\t\t\t<div class=\"elementor-column-wrap elementor-element-populated\">\n\t\t\t\t\t\t\t<div class=\"elementor-widget-wrap\">\n\t\t\t\t\t\t<div class=\"elementor-element elementor-element-b9c81f3 elementor-author-box--layout-image-above block1 ha-css-transform-yes elementor-widget elementor-widget-author-box\" data-id=\"b9c81f3\" data-element_type=\"widget\" data-widget_type=\"author-box.default\">\n\t\t\t\t<div class=\"elementor-widget-container\">\n\t\t\t\t\t<div class=\"elementor-author-box\">\n\t\t\t\t\t\t\t<div  class=\"elementor-author-box__avatar\">\n\t\t\t\t\t<img decoding=\"async\" src=\"https:\/\/www.qtechna.si\/de\/wp-content\/uploads\/sites\/14\/2020\/12\/DSenica3-263x300.jpg\" alt=\"Domen Senica\">\n\t\t\t\t<\/div>\n\t\t\t\n\t\t\t<div class=\"elementor-author-box__text\">\n\t\t\t\t\t\t\t\t\t<div >\n\t\t\t\t\t\t<h4 class=\"elementor-author-box__name\">\n\t\t\t\t\t\t\tDomen Senica\t\t\t\t\t\t<\/h4>\n\t\t\t\t\t<\/div>\n\t\t\t\t\n\t\t\t\t\t\t\t\t\t<div class=\"elementor-author-box__bio\">\n\t\t\t\t\t\t<p>Abteilungsleiter <\/p>\n<p>+386 7 49 12 488<br \/>\n+386 40 808 299<br \/>\n<a href=\"mailto:domen.senica@qtechna.si\">domen.senica@qtechna.si<\/a><\/p>\n\t\t\t\t\t<\/div>\n\t\t\t\t\n\t\t\t\t\t\t\t<\/div>\n\t\t<\/div>\n\t\t\t\t<\/div>\n\t\t\t\t<\/div>\n\t\t\t\t\t\t<\/div>\n\t\t\t\t\t<\/div>\n\t\t<\/div>\n\t\t\t\t\t\t\t\t<\/div>\n\t\t\t\t\t<\/div>\n\t\t<\/section>\n\t\t\t\t\t\t<\/div>\n\t\t\t\t\t\t<\/div>\n\t\t\t\t\t<\/div>\n\t\t","protected":false},"excerpt":{"rendered":"<p>Inspektion von Druckger\u00e4ten Wiederkehrende Pr\u00fcfungen der Druckger\u00e4te Wiederkehrende Pr\u00fcfungen von Druckhaltenden Ausr\u00fcstungsteilen ADR Pr\u00fcfungen Zylinderpr\u00fcfung f\u00fcr LPG. Seit der Entstehung von Dampfmaschine und der daraus resultierenden industriellen Revolution ist es [&hellip;]<\/p>\n","protected":false},"author":1,"featured_media":0,"parent":0,"menu_order":0,"comment_status":"closed","ping_status":"closed","template":"","meta":{"footnotes":""},"class_list":["post-10174","page","type-page","status-publish","hentry","wpbf-post"],"_links":{"self":[{"href":"https:\/\/www.qtechna.si\/de\/wp-json\/wp\/v2\/pages\/10174","targetHints":{"allow":["GET"]}}],"collection":[{"href":"https:\/\/www.qtechna.si\/de\/wp-json\/wp\/v2\/pages"}],"about":[{"href":"https:\/\/www.qtechna.si\/de\/wp-json\/wp\/v2\/types\/page"}],"author":[{"embeddable":true,"href":"https:\/\/www.qtechna.si\/de\/wp-json\/wp\/v2\/users\/1"}],"replies":[{"embeddable":true,"href":"https:\/\/www.qtechna.si\/de\/wp-json\/wp\/v2\/comments?post=10174"}],"version-history":[{"count":107,"href":"https:\/\/www.qtechna.si\/de\/wp-json\/wp\/v2\/pages\/10174\/revisions"}],"predecessor-version":[{"id":15936,"href":"https:\/\/www.qtechna.si\/de\/wp-json\/wp\/v2\/pages\/10174\/revisions\/15936"}],"wp:attachment":[{"href":"https:\/\/www.qtechna.si\/de\/wp-json\/wp\/v2\/media?parent=10174"}],"curies":[{"name":"wp","href":"https:\/\/api.w.org\/{rel}","templated":true}]}}